{"id":24,"date":"2020-10-07T18:28:35","date_gmt":"2020-10-07T16:28:35","guid":{"rendered":"http:\/\/blog.espol.edu.ec\/100recetasfaciles\/?page_id=24"},"modified":"2020-10-08T00:58:10","modified_gmt":"2020-10-07T22:58:10","slug":"recetas-faciles","status":"publish","type":"page","link":"https:\/\/blog.espol.edu.ec\/100recetasfaciles\/","title":{"rendered":"Recetas Faciles"},"content":{"rendered":"<div id=\"pl-24\"  class=\"panel-layout\" ><div id=\"pg-24-0\"  class=\"panel-grid panel-no-style\" ><div id=\"pgc-24-0-0\"  class=\"panel-grid-cell\" ><div id=\"panel-24-0-0-0\" class=\"so-panel widget widget_siteorigin-panels-builder panel-first-child panel-last-child\" data-index=\"0\" ><div id=\"pl-w5f7e48029225d\"  class=\"panel-layout\" ><div id=\"pg-w5f7e48029225d-0\"  class=\"panel-grid panel-no-style\" ><div id=\"pgc-w5f7e48029225d-0-0\"  class=\"panel-grid-cell\" ><div id=\"panel-w5f7e48029225d-0-0-0\" class=\"so-panel widget widget_sow-post-carousel panel-first-child\" data-index=\"0\" ><div\n\t\t\t\n\t\t\tclass=\"so-widget-sow-post-carousel so-widget-sow-post-carousel-base-ad93eedad001\"\n\t\t\t\n\t\t>\t<div\n\t\tclass=\"sow-post-carousel-wrapper sow-post-carousel-theme-base\"\n\t\tstyle=\"overflow: hidden; max-width: 100%; min-height: 182px\"\n\t>\n\t\t<div class=\"sow-carousel-title\">\n\t\t\t<div class=\"sow-carousel-navigation \">\n\t\t\t\t\t\t<a href=\"#\" class=\"sow-carousel-next\" title=\"Siguiente\" aria-label=\"Entradas siguientes\" role=\"button\"><\/a>\n\t\t\t\t\t\t<a href=\"#\" class=\"sow-carousel-previous\" title=\"Anterior\" aria-label=\"Entradas anteriores\" role=\"button\"><\/a>\n\t\t\t\t\t<\/div>\n\t<\/div>\n\n<div class=\"sow-carousel-container \">\n\t\t<div class=\"sow-carousel-wrapper\"\n\t\tdata-dir=\"ltr\"\n\t\tstyle=\"opacity: 0;\"\n\t\tdata-widget=\"post\" data-fetching=\"false\" data-page=\"1\" data-ajax-url=\"https:\/\/blog.espol.edu.ec\/100recetasfaciles\/wp-admin\/admin-ajax.php?_widgets_nonce=600a433b79\" data-item_count=\"9\" data-carousel_settings=\"{&quot;loop&quot;:true,&quot;animation&quot;:&quot;Ease&quot;,&quot;animation_speed&quot;:400,&quot;autoplay&quot;:&quot;&quot;,&quot;pauseOnHover&quot;:&quot;&quot;,&quot;autoplaySpeed&quot;:8000,&quot;item_overflow&quot;:true,&quot;autoplay_continuous_scroll&quot;:false}\" data-responsive=\"{&quot;desktop_slides_to_scroll&quot;:1,&quot;tablet_landscape_breakpoint&quot;:1366,&quot;tablet_landscape_slides_to_scroll&quot;:2,&quot;tablet_portrait_breakpoint&quot;:1025,&quot;tablet_portrait_slides_to_scroll&quot;:2,&quot;mobile_breakpoint&quot;:480,&quot;mobile_slides_to_scroll&quot;:1}\" data-variable_width=\"true\" \t>\n\t\t<div\n\t\t\tclass=\"sow-carousel-items\"\n\t\t\t\t\t>\n\t\t\t\t<div class=\"sow-carousel-item\" tabindex=\"-1\" style=\"float: left;\">\n\t\t<div class=\"sow-carousel-thumbnail\">\n\t\t\t\t\t\t\t<a\n\t\t\t\t\thref=\"https:\/\/blog.espol.edu.ec\/100recetasfaciles\/guarnicion\/ratatouille-con-calabacin-y-berenjena-al-horno\/\"\n\t\t\t\t\t\t\t\t\t\tstyle=\"background-image: url( https:\/\/blog.espol.edu.ec\/100recetasfaciles\/files\/2020\/10\/ee36ddd9286b3ae_660x4401-272x182.jpeg )\"\n\t\t\t\t\taria-labelledby=\"sow-carousel-id-125\"\n\t\t\t\t\ttabindex=\"-1\"\n\t\t\t\t>\n\t\t\t\t\t<span class=\"overlay\"><\/span>\n\t\t\t\t<\/a>\n\t\t\t\t\t<\/div>\n\t\t<h3 class=\"sow-carousel-item-title\">\n\t\t\t<a\n\t\t\t\thref=\"https:\/\/blog.espol.edu.ec\/100recetasfaciles\/guarnicion\/ratatouille-con-calabacin-y-berenjena-al-horno\/\"\n\t\t\t\tid=\"sow-carousel-id-125\"\n\t\t\t\t\t\t\t\ttabindex=\"-1\"\n\t\t\t>\n\n\t\t\t\tRatatouille con calabac\u00edn y berenjena al horno\t\t\t<\/a>\n\t\t<\/h3>\n\t<\/div>\n\t\t<div class=\"sow-carousel-item\" tabindex=\"-1\" style=\"float: left;\">\n\t\t<div class=\"sow-carousel-thumbnail\">\n\t\t\t\t\t\t\t<a\n\t\t\t\t\thref=\"https:\/\/blog.espol.edu.ec\/100recetasfaciles\/guarnicion\/papas-increiblemente-deliciosas\/\"\n\t\t\t\t\t\t\t\t\t\tstyle=\"background-image: url( https:\/\/blog.espol.edu.ec\/100recetasfaciles\/files\/2020\/10\/e29165e31466415_660x4401-272x182.jpg )\"\n\t\t\t\t\taria-labelledby=\"sow-carousel-id-121\"\n\t\t\t\t\ttabindex=\"-1\"\n\t\t\t\t>\n\t\t\t\t\t<span class=\"overlay\"><\/span>\n\t\t\t\t<\/a>\n\t\t\t\t\t<\/div>\n\t\t<h3 class=\"sow-carousel-item-title\">\n\t\t\t<a\n\t\t\t\thref=\"https:\/\/blog.espol.edu.ec\/100recetasfaciles\/guarnicion\/papas-increiblemente-deliciosas\/\"\n\t\t\t\tid=\"sow-carousel-id-121\"\n\t\t\t\t\t\t\t\ttabindex=\"-1\"\n\t\t\t>\n\n\t\t\t\tPapas incre\u00edblemente deliciosas\t\t\t<\/a>\n\t\t<\/h3>\n\t<\/div>\n\t\t<div class=\"sow-carousel-item\" tabindex=\"-1\" style=\"float: left;\">\n\t\t<div class=\"sow-carousel-thumbnail\">\n\t\t\t\t\t\t\t<a\n\t\t\t\t\thref=\"https:\/\/blog.espol.edu.ec\/100recetasfaciles\/guarnicion\/calabacin-al-horno-con-cebolla-y-tomate\/\"\n\t\t\t\t\t\t\t\t\t\tstyle=\"background-image: url( https:\/\/blog.espol.edu.ec\/100recetasfaciles\/files\/2020\/10\/12760e92a733cfd_660x4401-272x182.jpg )\"\n\t\t\t\t\taria-labelledby=\"sow-carousel-id-111\"\n\t\t\t\t\ttabindex=\"-1\"\n\t\t\t\t>\n\t\t\t\t\t<span class=\"overlay\"><\/span>\n\t\t\t\t<\/a>\n\t\t\t\t\t<\/div>\n\t\t<h3 class=\"sow-carousel-item-title\">\n\t\t\t<a\n\t\t\t\thref=\"https:\/\/blog.espol.edu.ec\/100recetasfaciles\/guarnicion\/calabacin-al-horno-con-cebolla-y-tomate\/\"\n\t\t\t\tid=\"sow-carousel-id-111\"\n\t\t\t\t\t\t\t\ttabindex=\"-1\"\n\t\t\t>\n\n\t\t\t\tCalabac\u00edn al horno con cebolla y tomate\t\t\t<\/a>\n\t\t<\/h3>\n\t<\/div>\n\t\t<div class=\"sow-carousel-item\" tabindex=\"-1\" style=\"float: left;\">\n\t\t<div class=\"sow-carousel-thumbnail\">\n\t\t\t\t\t\t\t<a\n\t\t\t\t\thref=\"https:\/\/blog.espol.edu.ec\/100recetasfaciles\/guarnicion\/patatas-fritas-con-champinones-y-cebollas\/\"\n\t\t\t\t\t\t\t\t\t\tstyle=\"background-image: url( https:\/\/blog.espol.edu.ec\/100recetasfaciles\/files\/2020\/10\/ac3538bbaf25c4e_660x4401-272x182.jpg )\"\n\t\t\t\t\taria-labelledby=\"sow-carousel-id-95\"\n\t\t\t\t\ttabindex=\"-1\"\n\t\t\t\t>\n\t\t\t\t\t<span class=\"overlay\"><\/span>\n\t\t\t\t<\/a>\n\t\t\t\t\t<\/div>\n\t\t<h3 class=\"sow-carousel-item-title\">\n\t\t\t<a\n\t\t\t\thref=\"https:\/\/blog.espol.edu.ec\/100recetasfaciles\/guarnicion\/patatas-fritas-con-champinones-y-cebollas\/\"\n\t\t\t\tid=\"sow-carousel-id-95\"\n\t\t\t\t\t\t\t\ttabindex=\"-1\"\n\t\t\t>\n\n\t\t\t\tPatatas fritas con champi\u00f1ones y cebollas\t\t\t<\/a>\n\t\t<\/h3>\n\t<\/div>\n\t\t<div class=\"sow-carousel-item\" tabindex=\"-1\" style=\"float: left;\">\n\t\t<div class=\"sow-carousel-thumbnail\">\n\t\t\t\t\t\t\t<a\n\t\t\t\t\thref=\"https:\/\/blog.espol.edu.ec\/100recetasfaciles\/ensaladas\/ensalada-con-queso-feta\/\"\n\t\t\t\t\t\t\t\t\t\tstyle=\"background-image: url( https:\/\/blog.espol.edu.ec\/100recetasfaciles\/files\/2020\/10\/b966fbf7ee68f12_660x440-272x182.jpg )\"\n\t\t\t\t\taria-labelledby=\"sow-carousel-id-90\"\n\t\t\t\t\ttabindex=\"-1\"\n\t\t\t\t>\n\t\t\t\t\t<span class=\"overlay\"><\/span>\n\t\t\t\t<\/a>\n\t\t\t\t\t<\/div>\n\t\t<h3 class=\"sow-carousel-item-title\">\n\t\t\t<a\n\t\t\t\thref=\"https:\/\/blog.espol.edu.ec\/100recetasfaciles\/ensaladas\/ensalada-con-queso-feta\/\"\n\t\t\t\tid=\"sow-carousel-id-90\"\n\t\t\t\t\t\t\t\ttabindex=\"-1\"\n\t\t\t>\n\n\t\t\t\tEnsalada con queso feta\t\t\t<\/a>\n\t\t<\/h3>\n\t<\/div>\n\t\t<div class=\"sow-carousel-item\" tabindex=\"-1\" style=\"float: left;\">\n\t\t<div class=\"sow-carousel-thumbnail\">\n\t\t\t\t\t\t\t<a\n\t\t\t\t\thref=\"https:\/\/blog.espol.edu.ec\/100recetasfaciles\/desayuno\/tortitas-de-papa-caseras-para-el-desayuno\/\"\n\t\t\t\t\t\t\t\t\t\tstyle=\"background-image: url( https:\/\/blog.espol.edu.ec\/100recetasfaciles\/files\/2020\/10\/de94abadea34867_660x440-272x182.jpg )\"\n\t\t\t\t\taria-labelledby=\"sow-carousel-id-81\"\n\t\t\t\t\ttabindex=\"-1\"\n\t\t\t\t>\n\t\t\t\t\t<span class=\"overlay\"><\/span>\n\t\t\t\t<\/a>\n\t\t\t\t\t<\/div>\n\t\t<h3 class=\"sow-carousel-item-title\">\n\t\t\t<a\n\t\t\t\thref=\"https:\/\/blog.espol.edu.ec\/100recetasfaciles\/desayuno\/tortitas-de-papa-caseras-para-el-desayuno\/\"\n\t\t\t\tid=\"sow-carousel-id-81\"\n\t\t\t\t\t\t\t\ttabindex=\"-1\"\n\t\t\t>\n\n\t\t\t\tTortitas de papa caseras para el desayuno\t\t\t<\/a>\n\t\t<\/h3>\n\t<\/div>\n\t\t<div class=\"sow-carousel-item\" tabindex=\"-1\" style=\"float: left;\">\n\t\t<div class=\"sow-carousel-thumbnail\">\n\t\t\t\t\t\t\t<a\n\t\t\t\t\thref=\"https:\/\/blog.espol.edu.ec\/100recetasfaciles\/entrantes\/cazuela-de-calabaza-con-queso-fundido\/\"\n\t\t\t\t\t\t\t\t\t\tstyle=\"background-image: url( https:\/\/blog.espol.edu.ec\/100recetasfaciles\/files\/2020\/10\/406bd21861a8984_660x440-272x182.jpg )\"\n\t\t\t\t\taria-labelledby=\"sow-carousel-id-66\"\n\t\t\t\t\ttabindex=\"-1\"\n\t\t\t\t>\n\t\t\t\t\t<span class=\"overlay\"><\/span>\n\t\t\t\t<\/a>\n\t\t\t\t\t<\/div>\n\t\t<h3 class=\"sow-carousel-item-title\">\n\t\t\t<a\n\t\t\t\thref=\"https:\/\/blog.espol.edu.ec\/100recetasfaciles\/entrantes\/cazuela-de-calabaza-con-queso-fundido\/\"\n\t\t\t\tid=\"sow-carousel-id-66\"\n\t\t\t\t\t\t\t\ttabindex=\"-1\"\n\t\t\t>\n\n\t\t\t\tCazuela de calabaza con queso fundido\t\t\t<\/a>\n\t\t<\/h3>\n\t<\/div>\n\t\t<div class=\"sow-carousel-item\" tabindex=\"-1\" style=\"float: left;\">\n\t\t<div class=\"sow-carousel-thumbnail\">\n\t\t\t\t\t\t\t<a\n\t\t\t\t\thref=\"https:\/\/blog.espol.edu.ec\/100recetasfaciles\/pollo\/pollo-en-salsa-de-cebolla\/\"\n\t\t\t\t\t\t\t\t\t\tstyle=\"background-image: url( https:\/\/blog.espol.edu.ec\/100recetasfaciles\/files\/2020\/10\/pechugas-pollo-cebolla-caramelizadas_0-272x182.jpg )\"\n\t\t\t\t\taria-labelledby=\"sow-carousel-id-39\"\n\t\t\t\t\ttabindex=\"-1\"\n\t\t\t\t>\n\t\t\t\t\t<span class=\"overlay\"><\/span>\n\t\t\t\t<\/a>\n\t\t\t\t\t<\/div>\n\t\t<h3 class=\"sow-carousel-item-title\">\n\t\t\t<a\n\t\t\t\thref=\"https:\/\/blog.espol.edu.ec\/100recetasfaciles\/pollo\/pollo-en-salsa-de-cebolla\/\"\n\t\t\t\tid=\"sow-carousel-id-39\"\n\t\t\t\t\t\t\t\ttabindex=\"-1\"\n\t\t\t>\n\n\t\t\t\tPollo En Salsa De Cebolla\t\t\t<\/a>\n\t\t<\/h3>\n\t<\/div>\n\t\t<div class=\"sow-carousel-item\" tabindex=\"-1\" style=\"float: left;\">\n\t\t<div class=\"sow-carousel-thumbnail\">\n\t\t\t\t\t\t\t<a\n\t\t\t\t\thref=\"https:\/\/blog.espol.edu.ec\/100recetasfaciles\/pastas\/fettuccine-con-tomates\/\"\n\t\t\t\t\t\t\t\t\t\tstyle=\"background-image: url( https:\/\/blog.espol.edu.ec\/100recetasfaciles\/files\/2020\/10\/1a6e57_wmark-272x182.jpg )\"\n\t\t\t\t\taria-labelledby=\"sow-carousel-id-1\"\n\t\t\t\t\ttabindex=\"-1\"\n\t\t\t\t>\n\t\t\t\t\t<span class=\"overlay\"><\/span>\n\t\t\t\t<\/a>\n\t\t\t\t\t<\/div>\n\t\t<h3 class=\"sow-carousel-item-title\">\n\t\t\t<a\n\t\t\t\thref=\"https:\/\/blog.espol.edu.ec\/100recetasfaciles\/pastas\/fettuccine-con-tomates\/\"\n\t\t\t\tid=\"sow-carousel-id-1\"\n\t\t\t\t\t\t\t\ttabindex=\"-1\"\n\t\t\t>\n\n\t\t\t\tFettuccine con tomates\t\t\t<\/a>\n\t\t<\/h3>\n\t<\/div>\n\t\t\t<\/div>\n\t\t\t<\/div>\n\n\t<\/div>\n\t\t<input type=\"hidden\" name=\"instance_hash\" value=\"a171e5ad\"\/>\n\t<\/div>\n<\/div><\/div>\n\t\t<div id=\"panel-w5f7e48029225d-0-0-1\" class=\"so-panel widget widget_recent-posts widget_recent_entries panel-last-child\" data-index=\"1\" >\n\t\t<h3 class=\"widget-title\">Entradas recientes<\/h3>\n\t\t<ul>\n\t\t\t\t\t\t\t\t\t\t\t<li>\n\t\t\t\t\t<a href=\"https:\/\/blog.espol.edu.ec\/100recetasfaciles\/guarnicion\/ratatouille-con-calabacin-y-berenjena-al-horno\/\">Ratatouille con calabac\u00edn y berenjena al horno<\/a>\n\t\t\t\t\t\t\t\t\t<\/li>\n\t\t\t\t\t\t\t\t\t\t\t<li>\n\t\t\t\t\t<a href=\"https:\/\/blog.espol.edu.ec\/100recetasfaciles\/guarnicion\/papas-increiblemente-deliciosas\/\">Papas incre\u00edblemente deliciosas<\/a>\n\t\t\t\t\t\t\t\t\t<\/li>\n\t\t\t\t\t\t\t\t\t\t\t<li>\n\t\t\t\t\t<a href=\"https:\/\/blog.espol.edu.ec\/100recetasfaciles\/guarnicion\/calabacin-al-horno-con-cebolla-y-tomate\/\">Calabac\u00edn al horno con cebolla y tomate<\/a>\n\t\t\t\t\t\t\t\t\t<\/li>\n\t\t\t\t\t\t\t\t\t\t\t<li>\n\t\t\t\t\t<a href=\"https:\/\/blog.espol.edu.ec\/100recetasfaciles\/guarnicion\/patatas-fritas-con-champinones-y-cebollas\/\">Patatas fritas con champi\u00f1ones y cebollas<\/a>\n\t\t\t\t\t\t\t\t\t<\/li>\n\t\t\t\t\t\t\t\t\t\t\t<li>\n\t\t\t\t\t<a href=\"https:\/\/blog.espol.edu.ec\/100recetasfaciles\/ensaladas\/ensalada-con-queso-feta\/\">Ensalada con queso feta<\/a>\n\t\t\t\t\t\t\t\t\t<\/li>\n\t\t\t\t\t\t\t\t\t\t\t<li>\n\t\t\t\t\t<a href=\"https:\/\/blog.espol.edu.ec\/100recetasfaciles\/desayuno\/tortitas-de-papa-caseras-para-el-desayuno\/\">Tortitas de papa caseras para el desayuno<\/a>\n\t\t\t\t\t\t\t\t\t<\/li>\n\t\t\t\t\t\t\t\t\t\t\t<li>\n\t\t\t\t\t<a href=\"https:\/\/blog.espol.edu.ec\/100recetasfaciles\/entrantes\/cazuela-de-calabaza-con-queso-fundido\/\">Cazuela de calabaza con queso fundido<\/a>\n\t\t\t\t\t\t\t\t\t<\/li>\n\t\t\t\t\t\t\t\t\t\t\t<li>\n\t\t\t\t\t<a href=\"https:\/\/blog.espol.edu.ec\/100recetasfaciles\/pollo\/pollo-en-salsa-de-cebolla\/\">Pollo En Salsa De Cebolla<\/a>\n\t\t\t\t\t\t\t\t\t<\/li>\n\t\t\t\t\t\t\t\t\t\t\t<li>\n\t\t\t\t\t<a href=\"https:\/\/blog.espol.edu.ec\/100recetasfaciles\/pastas\/fettuccine-con-tomates\/\">Fettuccine con tomates<\/a>\n\t\t\t\t\t\t\t\t\t<\/li>\n\t\t\t\t\t<\/ul>\n\n\t\t<\/div><\/div><\/div><\/div><\/div><\/div><\/div><\/div>","protected":false},"excerpt":{"rendered":"<p>El fettuccine con tomates es un plato de verano maravilloso, f\u00e1cil de preparar y delicioso. Para prepararlo, necesita los productos m\u00e1s comunes: verduras de temporada, que primero se fr\u00eden un poco, luego se les agrega una deliciosa crema agria casera, y todo esto se mezcla con pasta hervida. Resulta un sabor rico y brillante de [&hellip;]<\/p>\n","protected":false},"author":11147,"featured_media":0,"parent":0,"menu_order":0,"comment_status":"closed","ping_status":"closed","template":"","meta":{"footnotes":""},"class_list":["post-24","page","type-page","status-publish","hentry"],"aioseo_notices":[],"_links":{"self":[{"href":"https:\/\/blog.espol.edu.ec\/100recetasfaciles\/wp-json\/wp\/v2\/pages\/24","targetHints":{"allow":["GET"]}}],"collection":[{"href":"https:\/\/blog.espol.edu.ec\/100recetasfaciles\/wp-json\/wp\/v2\/pages"}],"about":[{"href":"https:\/\/blog.espol.edu.ec\/100recetasfaciles\/wp-json\/wp\/v2\/types\/page"}],"author":[{"embeddable":true,"href":"https:\/\/blog.espol.edu.ec\/100recetasfaciles\/wp-json\/wp\/v2\/users\/11147"}],"replies":[{"embeddable":true,"href":"https:\/\/blog.espol.edu.ec\/100recetasfaciles\/wp-json\/wp\/v2\/comments?post=24"}],"version-history":[{"count":23,"href":"https:\/\/blog.espol.edu.ec\/100recetasfaciles\/wp-json\/wp\/v2\/pages\/24\/revisions"}],"predecessor-version":[{"id":130,"href":"https:\/\/blog.espol.edu.ec\/100recetasfaciles\/wp-json\/wp\/v2\/pages\/24\/revisions\/130"}],"wp:attachment":[{"href":"https:\/\/blog.espol.edu.ec\/100recetasfaciles\/wp-json\/wp\/v2\/media?parent=24"}],"curies":[{"name":"wp","href":"https:\/\/api.w.org\/{rel}","templated":true}]}}