{"id":104,"date":"2012-02-11T13:17:58","date_gmt":"2012-02-11T18:17:58","guid":{"rendered":"http:\/\/blog.espol.edu.ec\/aagarci\/?page_id=104"},"modified":"2012-02-11T13:22:04","modified_gmt":"2012-02-11T18:22:04","slug":"la-educacion-en-medios-de-comunicacion-y-la-snuevas-tecnologias-en-la-escuela","status":"publish","type":"page","link":"https:\/\/blog.espol.edu.ec\/aagarci\/la-educacion-en-medios-de-comunicacion-y-la-snuevas-tecnologias-en-la-escuela\/","title":{"rendered":"La educaci\u00f3n en medios de comunicaci\u00f3n y las nuevas tecnol\u00f3gias en la escuela"},"content":{"rendered":"<p>La llegada y expansi\u00f3n de las llamadas nuevas tecnolog\u00edas de la informaci\u00f3n y la comunicaci\u00f3n (NTIC) debe obligarnos a repensar la Educaci\u00f3n en Medios de Comunicaci\u00f3n. Por un lado, la vieja disyuntiva producci\u00f3n\/an\u00e1lisis se ha quedado Obsoleta. Por el otro, se abren nuevas posibilidades para la mejora de la competencia comunicativa de los ni\u00f1os en edad escolar, lo que afectar\u00e1 a sus relaciones de comunicaci\u00f3n con padres y profesores, entre otros. En el art\u00edculo se comentan los resultados de una investigaci\u00f3n sobre los usos de Internet llevada a cabo a Quebec.<\/p>\n<p>Autor: Jacquet Piette<\/p>\n<p>Universidad de Sherbrooke<a href=\"http:\/\/84.88.0.49\/index.php\/comunicar\/article\/viewFile\/3704\/3050\"> http:\/\/84.88.0.49\/index.php\/comunicar\/article\/viewFile\/3704\/3050<\/a><\/p>\n","protected":false},"excerpt":{"rendered":"<p>La llegada y expansi\u00f3n de las llamadas nuevas tecnolog\u00edas de la informaci\u00f3n y la comunicaci\u00f3n (NTIC) debe obligarnos a repensar la Educaci\u00f3n en Medios de Comunicaci\u00f3n. Por un lado, la vieja disyuntiva producci\u00f3n\/an\u00e1lisis se ha quedado Obsoleta. Por el otro, se abren nuevas posibilidades para la mejora de la competencia comunicativa de los ni\u00f1os en [&hellip;]<\/p>\n","protected":false},"author":512,"featured_media":0,"parent":0,"menu_order":0,"comment_status":"open","ping_status":"open","template":"","meta":{"footnotes":""},"class_list":["post-104","page","type-page","status-publish","hentry"],"_links":{"self":[{"href":"https:\/\/blog.espol.edu.ec\/aagarci\/wp-json\/wp\/v2\/pages\/104","targetHints":{"allow":["GET"]}}],"collection":[{"href":"https:\/\/blog.espol.edu.ec\/aagarci\/wp-json\/wp\/v2\/pages"}],"about":[{"href":"https:\/\/blog.espol.edu.ec\/aagarci\/wp-json\/wp\/v2\/types\/page"}],"author":[{"embeddable":true,"href":"https:\/\/blog.espol.edu.ec\/aagarci\/wp-json\/wp\/v2\/users\/512"}],"replies":[{"embeddable":true,"href":"https:\/\/blog.espol.edu.ec\/aagarci\/wp-json\/wp\/v2\/comments?post=104"}],"version-history":[{"count":4,"href":"https:\/\/blog.espol.edu.ec\/aagarci\/wp-json\/wp\/v2\/pages\/104\/revisions"}],"predecessor-version":[{"id":107,"href":"https:\/\/blog.espol.edu.ec\/aagarci\/wp-json\/wp\/v2\/pages\/104\/revisions\/107"}],"wp:attachment":[{"href":"https:\/\/blog.espol.edu.ec\/aagarci\/wp-json\/wp\/v2\/media?parent=104"}],"curies":[{"name":"wp","href":"https:\/\/api.w.org\/{rel}","templated":true}]}}