{"id":110,"date":"2012-02-11T13:39:24","date_gmt":"2012-02-11T18:39:24","guid":{"rendered":"http:\/\/blog.espol.edu.ec\/aagarci\/?page_id=110"},"modified":"2012-02-11T13:39:45","modified_gmt":"2012-02-11T18:39:45","slug":"convivencia-de-la-prensa-escrita-y-la-prensa-%e2%80%9con-line%e2%80%9d-en-su-transicion-hacia-el-modelo-de-comunicacion-multimedia","status":"publish","type":"page","link":"https:\/\/blog.espol.edu.ec\/aagarci\/convivencia-de-la-prensa-escrita-y-la-prensa-%e2%80%9con-line%e2%80%9d-en-su-transicion-hacia-el-modelo-de-comunicacion-multimedia\/","title":{"rendered":"Convivencia de la prensa escrita y la prensa \u201con line\u201d en su transici\u00f3n hacia el modelo de comunicaci\u00f3n multimedia"},"content":{"rendered":"<p>Los \u00faltimos avances tecnol\u00f3gicos han originado el nacimiento de un nuevo medio, con un lenguaje propio y con unas caracter\u00edsticas de comunicaci\u00f3n y contenidos diferentes a los medios tradicionales (prensa, radio y televisi\u00f3n). Este nuevo medio que denominamos on line, convive con los medios de comunicaci\u00f3n tradicionales de una manera que, hoy por hoy, podemos considerar provisional o, incluso, experimental. La juventud de los medios presentes en la red les hace todav\u00eda, dependientes de los medios convencionales, debido a la mayor experiencia de estos \u00faltimos en el mundo y en los sistemas de la comunicaci\u00f3n. Esta relaci\u00f3n de dependencia con respecto a los medios tradicionales<br \/>\nse produce, sobre todo, en lo que se refiere a la dotaci\u00f3n de contenidos informativos, de personal cualificado y de una estructura organizativa determinada. Por tanto, el momento actual, nos sit\u00faa en una etapa de patente transici\u00f3n, donde todav\u00eda est\u00e1n pendientes la definici\u00f3n de algunas de las competencias de cada uno de los medios, as\u00ed como la delimitaci\u00f3n de sus formas propias de expresi\u00f3n dentro del nuevo escenario comunicacional.<\/p>\n<p>Autor: Dra. M.\u00aa \u00c1ngeles Cabrera<\/p>\n<p>Revistas Cient\u00edficas Complutenses <a href=\"http:\/\/revistas.ucm.es\/index.php\/ESMP\/article\/viewFile\/ESMP0101110071A\/12814\">http:\/\/revistas.ucm.es\/index.php\/ESMP\/article\/viewFile\/ESMP0101110071A\/12814<\/a><\/p>\n","protected":false},"excerpt":{"rendered":"<p>Los \u00faltimos avances tecnol\u00f3gicos han originado el nacimiento de un nuevo medio, con un lenguaje propio y con unas caracter\u00edsticas de comunicaci\u00f3n y contenidos diferentes a los medios tradicionales (prensa, radio y televisi\u00f3n). Este nuevo medio que denominamos on line, convive con los medios de comunicaci\u00f3n tradicionales de una manera que, hoy por hoy, podemos [&hellip;]<\/p>\n","protected":false},"author":512,"featured_media":0,"parent":0,"menu_order":0,"comment_status":"open","ping_status":"open","template":"","meta":{"footnotes":""},"class_list":["post-110","page","type-page","status-publish","hentry"],"_links":{"self":[{"href":"https:\/\/blog.espol.edu.ec\/aagarci\/wp-json\/wp\/v2\/pages\/110","targetHints":{"allow":["GET"]}}],"collection":[{"href":"https:\/\/blog.espol.edu.ec\/aagarci\/wp-json\/wp\/v2\/pages"}],"about":[{"href":"https:\/\/blog.espol.edu.ec\/aagarci\/wp-json\/wp\/v2\/types\/page"}],"author":[{"embeddable":true,"href":"https:\/\/blog.espol.edu.ec\/aagarci\/wp-json\/wp\/v2\/users\/512"}],"replies":[{"embeddable":true,"href":"https:\/\/blog.espol.edu.ec\/aagarci\/wp-json\/wp\/v2\/comments?post=110"}],"version-history":[{"count":2,"href":"https:\/\/blog.espol.edu.ec\/aagarci\/wp-json\/wp\/v2\/pages\/110\/revisions"}],"predecessor-version":[{"id":112,"href":"https:\/\/blog.espol.edu.ec\/aagarci\/wp-json\/wp\/v2\/pages\/110\/revisions\/112"}],"wp:attachment":[{"href":"https:\/\/blog.espol.edu.ec\/aagarci\/wp-json\/wp\/v2\/media?parent=110"}],"curies":[{"name":"wp","href":"https:\/\/api.w.org\/{rel}","templated":true}]}}