{"id":12,"date":"2012-02-07T16:33:24","date_gmt":"2012-02-07T21:33:24","guid":{"rendered":"http:\/\/blog.espol.edu.ec\/aagarci\/?page_id=12"},"modified":"2012-02-13T12:38:06","modified_gmt":"2012-02-13T17:38:06","slug":"paginas-web","status":"publish","type":"page","link":"https:\/\/blog.espol.edu.ec\/aagarci\/paginas-web\/","title":{"rendered":"P\u00e1ginas Web"},"content":{"rendered":"<p>P\u00e1ginas web personales, que contienen informaci\u00f3n a acerca de la evoluci\u00f3n de los medios de comunicaci\u00f3n.<\/p>\n<ul>\n<li><a title=\"Evoluci\u00f3n de los Medios de Comunicaci\u00f3n\" href=\"http:\/\/blog.espol.edu.ec\/aagarci\/evolucion-de-los-medios-de-comunicacion\/\">Evoluci\u00f3n de los medios de comunicaci\u00f3n - Ilustrados<\/a><\/li>\n<li><a title=\"Evoluci\u00f3n de los medios de comunicaci\u00f3n: De la imprenta a la televisi\u00f3n\" href=\"http:\/\/blog.espol.edu.ec\/aagarci\/historia-de-los-medios-de-comunicacion-del-siglo-xx\/\">Evoluci\u00f3n de los medios de comunicaci\u00f3n: De la imprenta a la televisi\u00f3n - Vitrales XXI<\/a><\/li>\n<li><a title=\"Evoluci\u00f3n de las tecnolog\u00edas de la comunicaci\u00f3n\" href=\"http:\/\/blog.espol.edu.ec\/aagarci\/120-2\/\">Evoluci\u00f3n de las tecnolog\u00edas de la comunicaci\u00f3n - Sieduca - Sistema de informaci\u00f3n para la vida<br \/>\n<\/a><\/li>\n<\/ul>\n","protected":false},"excerpt":{"rendered":"<p>P\u00e1ginas web personales, que contienen informaci\u00f3n a acerca de la evoluci\u00f3n de los medios de comunicaci\u00f3n. Evoluci\u00f3n de los medios de comunicaci\u00f3n - Ilustrados Evoluci\u00f3n de los medios de comunicaci\u00f3n: De la imprenta a la televisi\u00f3n - Vitrales XXI Evoluci\u00f3n de las tecnolog\u00edas de la comunicaci\u00f3n - Sieduca - Sistema de informaci\u00f3n para la vida<\/p>\n","protected":false},"author":512,"featured_media":0,"parent":0,"menu_order":0,"comment_status":"open","ping_status":"open","template":"","meta":{"footnotes":""},"class_list":["post-12","page","type-page","status-publish","hentry"],"_links":{"self":[{"href":"https:\/\/blog.espol.edu.ec\/aagarci\/wp-json\/wp\/v2\/pages\/12","targetHints":{"allow":["GET"]}}],"collection":[{"href":"https:\/\/blog.espol.edu.ec\/aagarci\/wp-json\/wp\/v2\/pages"}],"about":[{"href":"https:\/\/blog.espol.edu.ec\/aagarci\/wp-json\/wp\/v2\/types\/page"}],"author":[{"embeddable":true,"href":"https:\/\/blog.espol.edu.ec\/aagarci\/wp-json\/wp\/v2\/users\/512"}],"replies":[{"embeddable":true,"href":"https:\/\/blog.espol.edu.ec\/aagarci\/wp-json\/wp\/v2\/comments?post=12"}],"version-history":[{"count":10,"href":"https:\/\/blog.espol.edu.ec\/aagarci\/wp-json\/wp\/v2\/pages\/12\/revisions"}],"predecessor-version":[{"id":77,"href":"https:\/\/blog.espol.edu.ec\/aagarci\/wp-json\/wp\/v2\/pages\/12\/revisions\/77"}],"wp:attachment":[{"href":"https:\/\/blog.espol.edu.ec\/aagarci\/wp-json\/wp\/v2\/media?parent=12"}],"curies":[{"name":"wp","href":"https:\/\/api.w.org\/{rel}","templated":true}]}}