{"id":120,"date":"2012-02-11T16:16:07","date_gmt":"2012-02-11T21:16:07","guid":{"rendered":"http:\/\/blog.espol.edu.ec\/aagarci\/?page_id=120"},"modified":"2012-02-11T16:17:24","modified_gmt":"2012-02-11T21:17:24","slug":"120-2","status":"publish","type":"page","link":"https:\/\/blog.espol.edu.ec\/aagarci\/120-2\/","title":{"rendered":"Evoluci\u00f3n de las tecnolog\u00edas de la comunicaci\u00f3n"},"content":{"rendered":"<p>Las tecnolog\u00edas son los medios por los que el ser humano controla o modifica su ambiente natural, con el objetivo de facilitar algunos aspectos de su vida. Comunicar significa intercambiar informaci\u00f3n; por lo tanto, al decir tecnolog\u00edas de la comunicaci\u00f3n nos referimos a los medios que el ser humano ha creado con el fin de hacer mas f\u00e1cil el intercambio de informaci\u00f3n con otros seres humanos.<\/p>\n<p>Sieduca - Sistema de formaci\u00f3n para la vida<a href=\"www.si-educa.net\/basico\/ficha284.html\"> www.si-educa.net\/basico\/ficha284.html<\/a><\/p>\n","protected":false},"excerpt":{"rendered":"<p>Las tecnolog\u00edas son los medios por los que el ser humano controla o modifica su ambiente natural, con el objetivo de facilitar algunos aspectos de su vida. Comunicar significa intercambiar informaci\u00f3n; por lo tanto, al decir tecnolog\u00edas de la comunicaci\u00f3n nos referimos a los medios que el ser humano ha creado con el fin de [&hellip;]<\/p>\n","protected":false},"author":512,"featured_media":0,"parent":0,"menu_order":0,"comment_status":"open","ping_status":"open","template":"","meta":{"footnotes":""},"class_list":["post-120","page","type-page","status-publish","hentry"],"_links":{"self":[{"href":"https:\/\/blog.espol.edu.ec\/aagarci\/wp-json\/wp\/v2\/pages\/120","targetHints":{"allow":["GET"]}}],"collection":[{"href":"https:\/\/blog.espol.edu.ec\/aagarci\/wp-json\/wp\/v2\/pages"}],"about":[{"href":"https:\/\/blog.espol.edu.ec\/aagarci\/wp-json\/wp\/v2\/types\/page"}],"author":[{"embeddable":true,"href":"https:\/\/blog.espol.edu.ec\/aagarci\/wp-json\/wp\/v2\/users\/512"}],"replies":[{"embeddable":true,"href":"https:\/\/blog.espol.edu.ec\/aagarci\/wp-json\/wp\/v2\/comments?post=120"}],"version-history":[{"count":3,"href":"https:\/\/blog.espol.edu.ec\/aagarci\/wp-json\/wp\/v2\/pages\/120\/revisions"}],"predecessor-version":[{"id":122,"href":"https:\/\/blog.espol.edu.ec\/aagarci\/wp-json\/wp\/v2\/pages\/120\/revisions\/122"}],"wp:attachment":[{"href":"https:\/\/blog.espol.edu.ec\/aagarci\/wp-json\/wp\/v2\/media?parent=120"}],"curies":[{"name":"wp","href":"https:\/\/api.w.org\/{rel}","templated":true}]}}