{"id":131,"date":"2012-02-11T16:36:49","date_gmt":"2012-02-11T21:36:49","guid":{"rendered":"http:\/\/blog.espol.edu.ec\/aagarci\/?page_id=131"},"modified":"2012-02-11T17:12:17","modified_gmt":"2012-02-11T22:12:17","slug":"evolucion-y-tendencias-en-la-configuracion-grafica-de-la-prensa-on-line","status":"publish","type":"page","link":"https:\/\/blog.espol.edu.ec\/aagarci\/evolucion-y-tendencias-en-la-configuracion-grafica-de-la-prensa-on-line\/","title":{"rendered":"Evoluci\u00f3n y tendencias en la configuraci\u00f3n gr\u00e1fica de la prensa on line"},"content":{"rendered":"<p>Estudio sobre los cambios y evoluciones de la prensa -desde el punto de vista tecnol\u00f3gico y visual- a partir de su incorporaci\u00f3n a Internet. Mediante el an\u00e1lisis de un amplio n\u00famero de peri\u00f3dicos de todo el mundo en este nuevo medio, se observan las t\u00e9cnicas constructivas y visuales de la informaci\u00f3n period\u00edstica en Internet, se deducen los distintos modelos de dise\u00f1o de la prensa en Internet, as\u00ed como las tendencias actuales en el uso de los recursos gr\u00e1ficos propios de la prensa en l\u00ednea u online . El trabajo aporta sugerencias para la mejora en la utilizaci\u00f3n de los recursos gr\u00e1ficos, interactivos y multimediales en el dise\u00f1o de la informaci\u00f3n period\u00edstica en las redes de telecomunicaci\u00f3n, hoy, Internet.<\/p>\n<p>Autor: Mar\u00eda Angeles Cabrera Gonz\u00e1lez<\/p>\n<p>Dialnet <a href=\"http:\/\/dialnet.unirioja.es\/servlet\/tesis?codigo=17891\">http:\/\/dialnet.unirioja.es\/servlet\/tesis?codigo=17891<\/a><\/p>\n<p><a href=\"http:\/\/www.biblioteca.uma.es\/bbldoc\/tesisuma\/16285050.pdf\">Descagar PDF<\/a><\/p>\n","protected":false},"excerpt":{"rendered":"<p>Estudio sobre los cambios y evoluciones de la prensa -desde el punto de vista tecnol\u00f3gico y visual- a partir de su incorporaci\u00f3n a Internet. Mediante el an\u00e1lisis de un amplio n\u00famero de peri\u00f3dicos de todo el mundo en este nuevo medio, se observan las t\u00e9cnicas constructivas y visuales de la informaci\u00f3n period\u00edstica en Internet, se [&hellip;]<\/p>\n","protected":false},"author":512,"featured_media":0,"parent":0,"menu_order":0,"comment_status":"open","ping_status":"open","template":"","meta":{"footnotes":""},"class_list":["post-131","page","type-page","status-publish","hentry"],"_links":{"self":[{"href":"https:\/\/blog.espol.edu.ec\/aagarci\/wp-json\/wp\/v2\/pages\/131","targetHints":{"allow":["GET"]}}],"collection":[{"href":"https:\/\/blog.espol.edu.ec\/aagarci\/wp-json\/wp\/v2\/pages"}],"about":[{"href":"https:\/\/blog.espol.edu.ec\/aagarci\/wp-json\/wp\/v2\/types\/page"}],"author":[{"embeddable":true,"href":"https:\/\/blog.espol.edu.ec\/aagarci\/wp-json\/wp\/v2\/users\/512"}],"replies":[{"embeddable":true,"href":"https:\/\/blog.espol.edu.ec\/aagarci\/wp-json\/wp\/v2\/comments?post=131"}],"version-history":[{"count":3,"href":"https:\/\/blog.espol.edu.ec\/aagarci\/wp-json\/wp\/v2\/pages\/131\/revisions"}],"predecessor-version":[{"id":135,"href":"https:\/\/blog.espol.edu.ec\/aagarci\/wp-json\/wp\/v2\/pages\/131\/revisions\/135"}],"wp:attachment":[{"href":"https:\/\/blog.espol.edu.ec\/aagarci\/wp-json\/wp\/v2\/media?parent=131"}],"curies":[{"name":"wp","href":"https:\/\/api.w.org\/{rel}","templated":true}]}}