{"id":136,"date":"2012-02-11T17:26:11","date_gmt":"2012-02-11T22:26:11","guid":{"rendered":"http:\/\/blog.espol.edu.ec\/aagarci\/?page_id=136"},"modified":"2012-02-11T17:26:11","modified_gmt":"2012-02-11T22:26:11","slug":"fuentes-documentales-para-la-historia-de-la-comunicacion-publicitaria-en-espana","status":"publish","type":"page","link":"https:\/\/blog.espol.edu.ec\/aagarci\/fuentes-documentales-para-la-historia-de-la-comunicacion-publicitaria-en-espana\/","title":{"rendered":"Fuentes documentales para la historia de la comunicaci\u00f3n publicitaria en Espa\u00f1a"},"content":{"rendered":"<p>Llama la atenci\u00f3n, al abordar la Historia de la comunicaci\u00f3n publicitaria en Espa\u00f1a, el escaso inter\u00e9s que los historiadores y publicitarios de nuestro pa\u00eds han mostrado. Para los primeros, esta apat\u00eda podr\u00eda explicarse porque ha sido m\u00e1s relevante en sus curricula hacer antes una historia de la econom\u00eda o de la sociedad que una historia de la publicidad; respecto de los segundos, dicha apat\u00eda podr\u00eda hallarse en la misma naturaleza del objeto de estudio y de la profesi\u00f3n: la perentoriedad y fugacidad de la publicidad alcanza no s\u00f3lo a los conceptos, sino tambi\u00e9n a sus productos \u2014los mensajes publicitarios\u2014, haciendo que los profesionales los considerasen poco valiosos como objeto de estudio; no obstante, es del todo necesario considerar que la tard\u00eda institucionalizaci\u00f3n de los estudios en nuestro pa\u00eds (1971) ha sido una r\u00e9mora en el desarrollo de la investigaci\u00f3n hist\u00f3rica, en contraposici\u00f3n a lo sucedido en otros pa\u00edses (Estados Unidos y Gran Breta\u00f1a), que cuentan con una larga y fruct\u00edfera tradici\u00f3n investigadora, en la que tanto la historia en general, como aqu\u00e9lla que ata\u00f1e a agencias y anunciantes, han sido copiosamente estudiadas. En este trabajo, se realiza una selecci\u00f3n bibliogr\u00e1fica y cr\u00edtica sobre autores y fuentes de la historia de la comunicaci\u00f3n publicitaria en Espa\u00f1a. En primer lugar, detallamos la bibliograf\u00eda de \u00e9poca m\u00e1s valiosa en el nacimiento de nuestra publicidad moderna; despu\u00e9s, ofrecemos una breve rese\u00f1a de fuentes documentales \u2015prensa, revistas ilustradas y revistas t\u00e9cnicas del sector\u2015, imprescindibles para abordar el origen hist\u00f3rico de la publicidad en Espa\u00f1a; por \u00faltimo, comentamos la bibliograf\u00eda m\u00e1s relevante y actual, para terminar con una valoraci\u00f3n sobre la historiograf\u00eda publicitaria.<\/p>\n<p>Autores: Fern\u00e1ndez Poyatos, Mar\u00eda Dolores<br \/>\nFeliu Albaladejo, \u00c1ngeles<br \/>\nL\u00f3pez Berna, Sonia<\/p>\n<p>RUA Repositorio Institucional de la Universidad de Alicante <a href=\"http:\/\/rua.ua.es\/dspace\/handle\/10045\/17351\">http:\/\/rua.ua.es\/dspace\/handle\/10045\/17351<\/a><\/p>\n","protected":false},"excerpt":{"rendered":"<p>Llama la atenci\u00f3n, al abordar la Historia de la comunicaci\u00f3n publicitaria en Espa\u00f1a, el escaso inter\u00e9s que los historiadores y publicitarios de nuestro pa\u00eds han mostrado. Para los primeros, esta apat\u00eda podr\u00eda explicarse porque ha sido m\u00e1s relevante en sus curricula hacer antes una historia de la econom\u00eda o de la sociedad que una historia [&hellip;]<\/p>\n","protected":false},"author":512,"featured_media":0,"parent":0,"menu_order":0,"comment_status":"open","ping_status":"open","template":"","meta":{"footnotes":""},"class_list":["post-136","page","type-page","status-publish","hentry"],"_links":{"self":[{"href":"https:\/\/blog.espol.edu.ec\/aagarci\/wp-json\/wp\/v2\/pages\/136","targetHints":{"allow":["GET"]}}],"collection":[{"href":"https:\/\/blog.espol.edu.ec\/aagarci\/wp-json\/wp\/v2\/pages"}],"about":[{"href":"https:\/\/blog.espol.edu.ec\/aagarci\/wp-json\/wp\/v2\/types\/page"}],"author":[{"embeddable":true,"href":"https:\/\/blog.espol.edu.ec\/aagarci\/wp-json\/wp\/v2\/users\/512"}],"replies":[{"embeddable":true,"href":"https:\/\/blog.espol.edu.ec\/aagarci\/wp-json\/wp\/v2\/comments?post=136"}],"version-history":[{"count":1,"href":"https:\/\/blog.espol.edu.ec\/aagarci\/wp-json\/wp\/v2\/pages\/136\/revisions"}],"predecessor-version":[{"id":137,"href":"https:\/\/blog.espol.edu.ec\/aagarci\/wp-json\/wp\/v2\/pages\/136\/revisions\/137"}],"wp:attachment":[{"href":"https:\/\/blog.espol.edu.ec\/aagarci\/wp-json\/wp\/v2\/media?parent=136"}],"curies":[{"name":"wp","href":"https:\/\/api.w.org\/{rel}","templated":true}]}}