{"id":14,"date":"2012-02-07T16:33:54","date_gmt":"2012-02-07T21:33:54","guid":{"rendered":"http:\/\/blog.espol.edu.ec\/aagarci\/?page_id=14"},"modified":"2012-02-13T11:54:54","modified_gmt":"2012-02-13T16:54:54","slug":"articulos","status":"publish","type":"page","link":"https:\/\/blog.espol.edu.ec\/aagarci\/articulos\/","title":{"rendered":"Art\u00edculos Acad\u00e9micos"},"content":{"rendered":"<p>Ensayos que presentan\u00a0 temas de la convergencia y las nuevas tecnolog\u00edas de los medios de comunicaci\u00f3n.<\/p>\n<ul>\n<li><a title=\"\u00bfHacia D\u00f3nde se dirige las convergencia de medios?\" href=\"http:\/\/blog.espol.edu.ec\/aagarci\/%c2%bfhacia-donde-se-dirige-las-convergencia-de-medios\/\">\u00bfHacia d\u00f3nde se dirige las convergencia de medios?- mediaci\u00f3n.doc Universidad de Navarra<\/a><\/li>\n<li><a title=\"La educaci\u00f3n en medios de comunicaci\u00f3n y las nuevas tecnol\u00f3gias en la escuela\" href=\"http:\/\/blog.espol.edu.ec\/aagarci\/la-educacion-en-medios-de-comunicacion-y-la-snuevas-tecnologias-en-la-escuela\/\">La educaci\u00f3n en medios de comunicaci\u00f3n y las nuevas tecnol\u00f3gias en la escuela - Universidad de Sherbrooke<\/a><\/li>\n<li><a title=\"La radio\" href=\"http:\/\/blog.espol.edu.ec\/aagarci\/la-radio\/\">La radio - Portal de comunicaci\u00f3n.com<\/a><\/li>\n<\/ul>\n<p>&nbsp;<\/p>\n","protected":false},"excerpt":{"rendered":"<p>Ensayos que presentan\u00a0 temas de la convergencia y las nuevas tecnolog\u00edas de los medios de comunicaci\u00f3n. \u00bfHacia d\u00f3nde se dirige las convergencia de medios?- mediaci\u00f3n.doc Universidad de Navarra La educaci\u00f3n en medios de comunicaci\u00f3n y las nuevas tecnol\u00f3gias en la escuela - Universidad de Sherbrooke La radio - Portal de comunicaci\u00f3n.com &nbsp;<\/p>\n","protected":false},"author":512,"featured_media":0,"parent":0,"menu_order":0,"comment_status":"open","ping_status":"open","template":"","meta":{"footnotes":""},"class_list":["post-14","page","type-page","status-publish","hentry"],"_links":{"self":[{"href":"https:\/\/blog.espol.edu.ec\/aagarci\/wp-json\/wp\/v2\/pages\/14","targetHints":{"allow":["GET"]}}],"collection":[{"href":"https:\/\/blog.espol.edu.ec\/aagarci\/wp-json\/wp\/v2\/pages"}],"about":[{"href":"https:\/\/blog.espol.edu.ec\/aagarci\/wp-json\/wp\/v2\/types\/page"}],"author":[{"embeddable":true,"href":"https:\/\/blog.espol.edu.ec\/aagarci\/wp-json\/wp\/v2\/users\/512"}],"replies":[{"embeddable":true,"href":"https:\/\/blog.espol.edu.ec\/aagarci\/wp-json\/wp\/v2\/comments?post=14"}],"version-history":[{"count":8,"href":"https:\/\/blog.espol.edu.ec\/aagarci\/wp-json\/wp\/v2\/pages\/14\/revisions"}],"predecessor-version":[{"id":22,"href":"https:\/\/blog.espol.edu.ec\/aagarci\/wp-json\/wp\/v2\/pages\/14\/revisions\/22"}],"wp:attachment":[{"href":"https:\/\/blog.espol.edu.ec\/aagarci\/wp-json\/wp\/v2\/media?parent=14"}],"curies":[{"name":"wp","href":"https:\/\/api.w.org\/{rel}","templated":true}]}}