{"id":147,"date":"2012-02-12T16:30:03","date_gmt":"2012-02-12T21:30:03","guid":{"rendered":"http:\/\/blog.espol.edu.ec\/aagarci\/?page_id=147"},"modified":"2012-02-12T16:30:25","modified_gmt":"2012-02-12T21:30:25","slug":"la-evolucion-de-la-television","status":"publish","type":"page","link":"https:\/\/blog.espol.edu.ec\/aagarci\/la-evolucion-de-la-television\/","title":{"rendered":"La evoluci\u00f3n de la Televisi\u00f3n"},"content":{"rendered":"<p>Breve repaso de la vida de la televisi\u00f3n, hasta su relaci\u00f3n con Internet.<\/p>\n<p>Autor: Ana<\/p>\n<p>Blog de la comunicaci\u00f3n <a href=\"http:\/\/anaatienzar.wordpress.com\/category\/analisis\/evolucion-de-la-television\/\">http:\/\/anaatienzar.wordpress.com\/category\/analisis\/evolucion-de-la-television\/<\/a><\/p>\n","protected":false},"excerpt":{"rendered":"<p>Breve repaso de la vida de la televisi\u00f3n, hasta su relaci\u00f3n con Internet. Autor: Ana Blog de la comunicaci\u00f3n http:\/\/anaatienzar.wordpress.com\/category\/analisis\/evolucion-de-la-television\/<\/p>\n","protected":false},"author":512,"featured_media":0,"parent":0,"menu_order":0,"comment_status":"open","ping_status":"open","template":"","meta":{"footnotes":""},"class_list":["post-147","page","type-page","status-publish","hentry"],"_links":{"self":[{"href":"https:\/\/blog.espol.edu.ec\/aagarci\/wp-json\/wp\/v2\/pages\/147","targetHints":{"allow":["GET"]}}],"collection":[{"href":"https:\/\/blog.espol.edu.ec\/aagarci\/wp-json\/wp\/v2\/pages"}],"about":[{"href":"https:\/\/blog.espol.edu.ec\/aagarci\/wp-json\/wp\/v2\/types\/page"}],"author":[{"embeddable":true,"href":"https:\/\/blog.espol.edu.ec\/aagarci\/wp-json\/wp\/v2\/users\/512"}],"replies":[{"embeddable":true,"href":"https:\/\/blog.espol.edu.ec\/aagarci\/wp-json\/wp\/v2\/comments?post=147"}],"version-history":[{"count":2,"href":"https:\/\/blog.espol.edu.ec\/aagarci\/wp-json\/wp\/v2\/pages\/147\/revisions"}],"predecessor-version":[{"id":149,"href":"https:\/\/blog.espol.edu.ec\/aagarci\/wp-json\/wp\/v2\/pages\/147\/revisions\/149"}],"wp:attachment":[{"href":"https:\/\/blog.espol.edu.ec\/aagarci\/wp-json\/wp\/v2\/media?parent=147"}],"curies":[{"name":"wp","href":"https:\/\/api.w.org\/{rel}","templated":true}]}}