{"id":151,"date":"2012-02-12T17:26:24","date_gmt":"2012-02-12T22:26:24","guid":{"rendered":"http:\/\/blog.espol.edu.ec\/aagarci\/?page_id=151"},"modified":"2012-02-12T17:26:24","modified_gmt":"2012-02-12T22:26:24","slug":"analisis-economico-de-la-evolucion-de-las-audiencias-de-los-medios-tradicionales-e-impacto-de-internet-en-su-consumo","status":"publish","type":"page","link":"https:\/\/blog.espol.edu.ec\/aagarci\/analisis-economico-de-la-evolucion-de-las-audiencias-de-los-medios-tradicionales-e-impacto-de-internet-en-su-consumo\/","title":{"rendered":"An\u00e1lisis econ\u00f3mico de la evoluci\u00f3n de las audiencias de los medios tradicionales e impacto de Internet en su consumo"},"content":{"rendered":"<p>En los \u00faltimos a\u00f1os se est\u00e1 produciendo en diferentes pa\u00edses un cambio gradual en las pautas de consumo de los medios. Este proceso se agudiza a medida que un mayor n\u00famero de personas empieza a utilizar de forma cotidiana Internet. Adem\u00e1s, los cambios producidos en la estructura demogr\u00e1fica y las caracter\u00edsticas socioecon\u00f3micas de la poblaci\u00f3n en Espa\u00f1a intensifican las alteraciones de las audiencias seg\u00fan la edad y clase social del usuario del medio. El impacto de Internet var\u00eda en cada uno de los medios y difiere en el grado de implantaci\u00f3n en Espa\u00f1a de las versiones online de la televisi\u00f3n, peri\u00f3dicos y radio. Por otra parte, los cambios de las audiencias en Espa\u00f1a de las versiones offline de dichos medios presentan una gran diversidad.<\/p>\n<p>Autor: Julio Larra\u00f1aga Rubio<\/p>\n<p>Revistas CInet\u00edficas Complutenses <a href=\"http:\/\/revistas.ucm.es\/index.php\/ARAB\/article\/view\/ARAB0808330001A\">http:\/\/revistas.ucm.es\/index.php\/ARAB\/article\/view\/ARAB0808330001A<\/a><\/p>\n<p><a href=\"http:\/\/revistas.ucm.es\/index.php\/ARAB\/article\/view\/ARAB0808330001A\/4127\">Descargar PDF<\/a><\/p>\n","protected":false},"excerpt":{"rendered":"<p>En los \u00faltimos a\u00f1os se est\u00e1 produciendo en diferentes pa\u00edses un cambio gradual en las pautas de consumo de los medios. Este proceso se agudiza a medida que un mayor n\u00famero de personas empieza a utilizar de forma cotidiana Internet. Adem\u00e1s, los cambios producidos en la estructura demogr\u00e1fica y las caracter\u00edsticas socioecon\u00f3micas de la poblaci\u00f3n [&hellip;]<\/p>\n","protected":false},"author":512,"featured_media":0,"parent":0,"menu_order":0,"comment_status":"open","ping_status":"open","template":"","meta":{"footnotes":""},"class_list":["post-151","page","type-page","status-publish","hentry"],"_links":{"self":[{"href":"https:\/\/blog.espol.edu.ec\/aagarci\/wp-json\/wp\/v2\/pages\/151","targetHints":{"allow":["GET"]}}],"collection":[{"href":"https:\/\/blog.espol.edu.ec\/aagarci\/wp-json\/wp\/v2\/pages"}],"about":[{"href":"https:\/\/blog.espol.edu.ec\/aagarci\/wp-json\/wp\/v2\/types\/page"}],"author":[{"embeddable":true,"href":"https:\/\/blog.espol.edu.ec\/aagarci\/wp-json\/wp\/v2\/users\/512"}],"replies":[{"embeddable":true,"href":"https:\/\/blog.espol.edu.ec\/aagarci\/wp-json\/wp\/v2\/comments?post=151"}],"version-history":[{"count":1,"href":"https:\/\/blog.espol.edu.ec\/aagarci\/wp-json\/wp\/v2\/pages\/151\/revisions"}],"predecessor-version":[{"id":152,"href":"https:\/\/blog.espol.edu.ec\/aagarci\/wp-json\/wp\/v2\/pages\/151\/revisions\/152"}],"wp:attachment":[{"href":"https:\/\/blog.espol.edu.ec\/aagarci\/wp-json\/wp\/v2\/media?parent=151"}],"curies":[{"name":"wp","href":"https:\/\/api.w.org\/{rel}","templated":true}]}}