{"id":161,"date":"2012-02-13T06:25:31","date_gmt":"2012-02-13T11:25:31","guid":{"rendered":"http:\/\/blog.espol.edu.ec\/aagarci\/?page_id=161"},"modified":"2012-02-13T06:25:31","modified_gmt":"2012-02-13T11:25:31","slug":"la-radio","status":"publish","type":"page","link":"https:\/\/blog.espol.edu.ec\/aagarci\/la-radio\/","title":{"rendered":"La radio"},"content":{"rendered":"<p>Durante el bienio 2005-2006, el sector radiof\u00f3nico de Catalu\u00f1a ha vivido un per\u00edodo marcado por las novedades legislativas, tanto en el \u00e1mbito catal\u00e1n -con el aumento de competencias del CAC y la regulaci\u00f3n del sector audiovisual- como en el estatal -en relaci\u00f3n con las emisiones anal\u00f3gicas y al proceso de digitalizaci\u00f3n, que sigue estancado-. Paralelamente, contin\u00faan los cambios en la estructura de la oferta, tanto de la radio generalista como de la especializada, pero sin conseguir un aumento de la audiencia.<\/p>\n<p>Autor: Josep M. Mart\u00ed<\/p>\n<p>Portal de Comunicaci\u00f3n.com <a href=\"http:\/\/portalcomunicacion.com\/informe_07\/pdf\/esp\/informe0506_cap2_esp.pdf\">http:\/\/portalcomunicacion.com\/informe_07\/pdf\/esp\/informe0506_cap2_esp.pdf<\/a><\/p>\n<p>Durante el bienio 2005-2006, el sector radiof\u00f3nico de Catalu\u00f1a ha vivido un per\u00edodo<br \/>\nmarcado por las novedades legislativas, tanto en el \u00e1mbito catal\u00e1n -con el aumento de<br \/>\ncompetencias del CAC y la regulaci\u00f3n del sector audiovisual- como en el estatal -en<br \/>\nrelaci\u00f3n con las emisiones anal\u00f3gicas y al proceso de digitalizaci\u00f3n, que sigue estancado-.<br \/>\nParalelamente, contin\u00faan los cambios en la estructura de la oferta, tanto de la radio<br \/>\ngeneralista como de la especializada, pero sin conseguir un aumento de la audiencia.<\/p>\n","protected":false},"excerpt":{"rendered":"<p>Durante el bienio 2005-2006, el sector radiof\u00f3nico de Catalu\u00f1a ha vivido un per\u00edodo marcado por las novedades legislativas, tanto en el \u00e1mbito catal\u00e1n -con el aumento de competencias del CAC y la regulaci\u00f3n del sector audiovisual- como en el estatal -en relaci\u00f3n con las emisiones anal\u00f3gicas y al proceso de digitalizaci\u00f3n, que sigue estancado-. Paralelamente, [&hellip;]<\/p>\n","protected":false},"author":512,"featured_media":0,"parent":0,"menu_order":0,"comment_status":"open","ping_status":"open","template":"","meta":{"footnotes":""},"class_list":["post-161","page","type-page","status-publish","hentry"],"_links":{"self":[{"href":"https:\/\/blog.espol.edu.ec\/aagarci\/wp-json\/wp\/v2\/pages\/161","targetHints":{"allow":["GET"]}}],"collection":[{"href":"https:\/\/blog.espol.edu.ec\/aagarci\/wp-json\/wp\/v2\/pages"}],"about":[{"href":"https:\/\/blog.espol.edu.ec\/aagarci\/wp-json\/wp\/v2\/types\/page"}],"author":[{"embeddable":true,"href":"https:\/\/blog.espol.edu.ec\/aagarci\/wp-json\/wp\/v2\/users\/512"}],"replies":[{"embeddable":true,"href":"https:\/\/blog.espol.edu.ec\/aagarci\/wp-json\/wp\/v2\/comments?post=161"}],"version-history":[{"count":1,"href":"https:\/\/blog.espol.edu.ec\/aagarci\/wp-json\/wp\/v2\/pages\/161\/revisions"}],"predecessor-version":[{"id":162,"href":"https:\/\/blog.espol.edu.ec\/aagarci\/wp-json\/wp\/v2\/pages\/161\/revisions\/162"}],"wp:attachment":[{"href":"https:\/\/blog.espol.edu.ec\/aagarci\/wp-json\/wp\/v2\/media?parent=161"}],"curies":[{"name":"wp","href":"https:\/\/api.w.org\/{rel}","templated":true}]}}