{"id":164,"date":"2012-02-13T06:39:47","date_gmt":"2012-02-13T11:39:47","guid":{"rendered":"http:\/\/blog.espol.edu.ec\/aagarci\/?page_id=164"},"modified":"2012-02-13T06:39:47","modified_gmt":"2012-02-13T11:39:47","slug":"comunicacion-y-sociedad-evolucion-y-analisis-comparativo-de-los-medios","status":"publish","type":"page","link":"https:\/\/blog.espol.edu.ec\/aagarci\/comunicacion-y-sociedad-evolucion-y-analisis-comparativo-de-los-medios\/","title":{"rendered":"Comunicaci\u00f3n y sociedad evoluci\u00f3n y an\u00e1lisis comparativo de los medios"},"content":{"rendered":"<p>Abarca los acontecimientos que marcaron desde 1980 el universo de los medios de comunicaci\u00f3n mediante el desarrollo de las siguientes tem\u00e1ticas; historia de los estudios sobre medios; la comunicaci\u00f3n \u00a8un arte o una ciencia? los medios de la penuria a la abundancia; de la prensa a la teleinform\u00e1tica; conquista de los mercados de la comunicaci\u00f3n; sucesivas problem\u00e1ticas de la libertad; r\u00e9gimenes de la prensa, la radio y la televisi\u00f3n; la audiencia de los medios; expectativas y resistencias individuales.<\/p>\n<p>Autor: Balle, Francis<\/p>\n<p>Meta Base - Bibliograf\u00eda en red <a href=\"Abarca los acontecimientos que marcaron desde 1980 el universo de los medios de comunicaci\u00f3n mediante el desarrollo de las siguientes tem\u00e1ticas; historia de los estudios sobre medios; la comunicaci\u00f3n \u00a8un arte o una ciencia? los medios de la penuria a la abundancia; de la prensa a la teleinform\u00e1tica; conquista de los mercados de la comunicaci\u00f3n; sucesivas problem\u00e1ticas de la libertad; r\u00e9gimenes de la prensa, la radio y la televisi\u00f3n; la audiencia de los medios; expectativas y resistencias individuales. \">http:\/\/www.metabase.net\/docs\/ulacit-p\/02896.html<\/a><\/p>\n","protected":false},"excerpt":{"rendered":"<p>Abarca los acontecimientos que marcaron desde 1980 el universo de los medios de comunicaci\u00f3n mediante el desarrollo de las siguientes tem\u00e1ticas; historia de los estudios sobre medios; la comunicaci\u00f3n \u00a8un arte o una ciencia? los medios de la penuria a la abundancia; de la prensa a la teleinform\u00e1tica; conquista de los mercados de la comunicaci\u00f3n; [&hellip;]<\/p>\n","protected":false},"author":512,"featured_media":0,"parent":0,"menu_order":0,"comment_status":"open","ping_status":"open","template":"","meta":{"footnotes":""},"class_list":["post-164","page","type-page","status-publish","hentry"],"_links":{"self":[{"href":"https:\/\/blog.espol.edu.ec\/aagarci\/wp-json\/wp\/v2\/pages\/164","targetHints":{"allow":["GET"]}}],"collection":[{"href":"https:\/\/blog.espol.edu.ec\/aagarci\/wp-json\/wp\/v2\/pages"}],"about":[{"href":"https:\/\/blog.espol.edu.ec\/aagarci\/wp-json\/wp\/v2\/types\/page"}],"author":[{"embeddable":true,"href":"https:\/\/blog.espol.edu.ec\/aagarci\/wp-json\/wp\/v2\/users\/512"}],"replies":[{"embeddable":true,"href":"https:\/\/blog.espol.edu.ec\/aagarci\/wp-json\/wp\/v2\/comments?post=164"}],"version-history":[{"count":1,"href":"https:\/\/blog.espol.edu.ec\/aagarci\/wp-json\/wp\/v2\/pages\/164\/revisions"}],"predecessor-version":[{"id":165,"href":"https:\/\/blog.espol.edu.ec\/aagarci\/wp-json\/wp\/v2\/pages\/164\/revisions\/165"}],"wp:attachment":[{"href":"https:\/\/blog.espol.edu.ec\/aagarci\/wp-json\/wp\/v2\/media?parent=164"}],"curies":[{"name":"wp","href":"https:\/\/api.w.org\/{rel}","templated":true}]}}