{"id":166,"date":"2012-02-13T06:40:33","date_gmt":"2012-02-13T11:40:33","guid":{"rendered":"http:\/\/blog.espol.edu.ec\/aagarci\/?page_id=166"},"modified":"2012-02-13T13:01:35","modified_gmt":"2012-02-13T18:01:35","slug":"bbdd","status":"publish","type":"page","link":"https:\/\/blog.espol.edu.ec\/aagarci\/bbdd\/","title":{"rendered":"BBDD"},"content":{"rendered":"<p>Amplia informaci\u00f3n sobre la evoluci\u00f3n y an\u00e1lisis de los medios.<\/p>\n<ul>\n<li><a title=\"Comunicaci\u00f3n y sociedad evoluci\u00f3n y an\u00e1lisis comparativo de los medios\" href=\"http:\/\/blog.espol.edu.ec\/aagarci\/comunicacion-y-sociedad-evolucion-y-analisis-comparativo-de-los-medios\/\">Comunicaci\u00f3n y sociedad evoluci\u00f3n y an\u00e1lisis comparativo de los medios - Meta Base Bibliograf\u00eda en Red<\/a><\/li>\n<\/ul>\n","protected":false},"excerpt":{"rendered":"<p>Amplia informaci\u00f3n sobre la evoluci\u00f3n y an\u00e1lisis de los medios. Comunicaci\u00f3n y sociedad evoluci\u00f3n y an\u00e1lisis comparativo de los medios - Meta Base Bibliograf\u00eda en Red<\/p>\n","protected":false},"author":512,"featured_media":0,"parent":0,"menu_order":0,"comment_status":"open","ping_status":"open","template":"","meta":{"footnotes":""},"class_list":["post-166","page","type-page","status-publish","hentry"],"_links":{"self":[{"href":"https:\/\/blog.espol.edu.ec\/aagarci\/wp-json\/wp\/v2\/pages\/166","targetHints":{"allow":["GET"]}}],"collection":[{"href":"https:\/\/blog.espol.edu.ec\/aagarci\/wp-json\/wp\/v2\/pages"}],"about":[{"href":"https:\/\/blog.espol.edu.ec\/aagarci\/wp-json\/wp\/v2\/types\/page"}],"author":[{"embeddable":true,"href":"https:\/\/blog.espol.edu.ec\/aagarci\/wp-json\/wp\/v2\/users\/512"}],"replies":[{"embeddable":true,"href":"https:\/\/blog.espol.edu.ec\/aagarci\/wp-json\/wp\/v2\/comments?post=166"}],"version-history":[{"count":6,"href":"https:\/\/blog.espol.edu.ec\/aagarci\/wp-json\/wp\/v2\/pages\/166\/revisions"}],"predecessor-version":[{"id":201,"href":"https:\/\/blog.espol.edu.ec\/aagarci\/wp-json\/wp\/v2\/pages\/166\/revisions\/201"}],"wp:attachment":[{"href":"https:\/\/blog.espol.edu.ec\/aagarci\/wp-json\/wp\/v2\/media?parent=166"}],"curies":[{"name":"wp","href":"https:\/\/api.w.org\/{rel}","templated":true}]}}