{"id":41,"date":"2012-02-10T16:57:33","date_gmt":"2012-02-10T21:57:33","guid":{"rendered":"http:\/\/blog.espol.edu.ec\/aagarci\/?page_id=41"},"modified":"2012-02-13T08:06:23","modified_gmt":"2012-02-13T13:06:23","slug":"nueva-era-en-la-comunicacion-audiovisual-el-marketing-viral","status":"publish","type":"page","link":"https:\/\/blog.espol.edu.ec\/aagarci\/nueva-era-en-la-comunicacion-audiovisual-el-marketing-viral\/","title":{"rendered":"Nueva era en la comunicaci\u00f3n audiovisual: el marketing viral"},"content":{"rendered":"<p>La actual situaci\u00f3n de saturaci\u00f3n publicitaria a la que est\u00e1n sometidos todos los medios sin excepci\u00f3n, induce al anunciante a buscar salidas para hacer llegar el mensaje a su p\u00fablico objetivo. Los presupuestos publicitarios de las compa\u00f1\u00edas se invierten en nuevos formatos que van m\u00e1s all\u00e1 de la publicidad convencional. Es la metamorfosis del marketing, con versiones estelares altamente efectivas para la difusi\u00f3n del mensaje: el marketing viral es un claro ejemplo de ello. El marketing viral se define como un conjunto de t\u00e9cnicas que intentan explotar redes sociales preexistentes para producir incrementos exponenciales de conocimiento de marca. De esta forma, se consiguen sorprendentes efectos sin grandes inversiones ni contrataciones de medios masivos; es una manifestaci\u00f3n distinta del genuino \"word of mouth\", publicidad de boca en boca, en donde la comunicaci\u00f3n verbal se sustituye por otra a trav\u00e9s de la red que har\u00e1 posible generar cobertura medi\u00e1tica mediante historias inusuales. Esta pr\u00e1ctica de comunicaci\u00f3n comercial est\u00e1 siendo ampliamente usada por la necesidad de escapar de la actual situaci\u00f3n publicitaria que se vive en los medios convencionales, caracterizada por la presencia masiva de mensajes comerciales.<\/p>\n<p>Autores:Pino, Cristina del<\/p>\n<p><a href=\"http:\/\/blog.espol.edu.ec\/aagarci\/files\/2012\/02\/audi.png\"><img loading=\"lazy\" decoding=\"async\" class=\"aligncenter size-medium wp-image-175\" src=\"http:\/\/blog.espol.edu.ec\/aagarci\/files\/2012\/02\/audi-300x250.png\" alt=\"\" width=\"300\" height=\"250\" srcset=\"https:\/\/blog.espol.edu.ec\/aagarci\/files\/2012\/02\/audi-300x250.png 300w, https:\/\/blog.espol.edu.ec\/aagarci\/files\/2012\/02\/audi.png 489w\" sizes=\"auto, (max-width: 300px) 100vw, 300px\" \/><\/a><\/p>\n<p>E-archivo- Respositorio de la Universidad Carlos III de Madrid <a href=\"http:\/\/e-archivo.uc3m.es:8080\/handle\/10016\/9625\">http:\/\/e-archivo.uc3m.es:8080\/handle\/10016\/9625<\/a><\/p>\n<p><a title=\"PDF\" href=\"http:\/\/e-archivo.uc3m.es:8080\/bitstream\/10016\/9625\/1\/pensar_la_publicidad_pino.pdf\">Descargar PDF<\/a><\/p>\n","protected":false},"excerpt":{"rendered":"<p>La actual situaci\u00f3n de saturaci\u00f3n publicitaria a la que est\u00e1n sometidos todos los medios sin excepci\u00f3n, induce al anunciante a buscar salidas para hacer llegar el mensaje a su p\u00fablico objetivo. Los presupuestos publicitarios de las compa\u00f1\u00edas se invierten en nuevos formatos que van m\u00e1s all\u00e1 de la publicidad convencional. Es la metamorfosis del marketing, [&hellip;]<\/p>\n","protected":false},"author":512,"featured_media":0,"parent":0,"menu_order":0,"comment_status":"open","ping_status":"open","template":"","meta":{"footnotes":""},"class_list":["post-41","page","type-page","status-publish","hentry"],"_links":{"self":[{"href":"https:\/\/blog.espol.edu.ec\/aagarci\/wp-json\/wp\/v2\/pages\/41","targetHints":{"allow":["GET"]}}],"collection":[{"href":"https:\/\/blog.espol.edu.ec\/aagarci\/wp-json\/wp\/v2\/pages"}],"about":[{"href":"https:\/\/blog.espol.edu.ec\/aagarci\/wp-json\/wp\/v2\/types\/page"}],"author":[{"embeddable":true,"href":"https:\/\/blog.espol.edu.ec\/aagarci\/wp-json\/wp\/v2\/users\/512"}],"replies":[{"embeddable":true,"href":"https:\/\/blog.espol.edu.ec\/aagarci\/wp-json\/wp\/v2\/comments?post=41"}],"version-history":[{"count":5,"href":"https:\/\/blog.espol.edu.ec\/aagarci\/wp-json\/wp\/v2\/pages\/41\/revisions"}],"predecessor-version":[{"id":60,"href":"https:\/\/blog.espol.edu.ec\/aagarci\/wp-json\/wp\/v2\/pages\/41\/revisions\/60"}],"wp:attachment":[{"href":"https:\/\/blog.espol.edu.ec\/aagarci\/wp-json\/wp\/v2\/media?parent=41"}],"curies":[{"name":"wp","href":"https:\/\/api.w.org\/{rel}","templated":true}]}}