{"id":61,"date":"2012-02-10T19:12:23","date_gmt":"2012-02-11T00:12:23","guid":{"rendered":"http:\/\/blog.espol.edu.ec\/aagarci\/?page_id=61"},"modified":"2012-02-10T19:30:05","modified_gmt":"2012-02-11T00:30:05","slug":"medios-de-comunicacion-y-manipulacion","status":"publish","type":"page","link":"https:\/\/blog.espol.edu.ec\/aagarci\/medios-de-comunicacion-y-manipulacion\/","title":{"rendered":"Medios de Comunicaci\u00f3n y Manipulaci\u00f3n"},"content":{"rendered":"<p>Estrategias de manipulaci\u00f3n en los viejos y los nuevos medios<\/p>\n<p>Autor: Aparici Marino, Roberto y D\u00edez Rodriguez, Angeles<\/p>\n<p>Repositorio Institucional UNED\u00a0<a title=\"Medios de Comunicaci\u00f3n y Manipulaci\u00f3n\" href=\"http:\/\/blog.espol.edu.ec\/aagarci\/medios-de-comunicacion-y-manipulacion\/\">http:\/\/e-spacio.uned.es:8080\/fedora\/get\/teleuned:apartado-508\/fedora-system:3\/viewDublinCore<\/a><\/p>\n<p><a title=\"Audio\" href=\"http:\/\/teleuned.uned.es\/realaudiocemav\/2001_2002\/2002_03\/20020323_pea184.rm\">Descargar Audio<\/a><\/p>\n","protected":false},"excerpt":{"rendered":"<p>Estrategias de manipulaci\u00f3n en los viejos y los nuevos medios Autor: Aparici Marino, Roberto y D\u00edez Rodriguez, Angeles Repositorio Institucional UNED\u00a0http:\/\/e-spacio.uned.es:8080\/fedora\/get\/teleuned:apartado-508\/fedora-system:3\/viewDublinCore Descargar Audio<\/p>\n","protected":false},"author":512,"featured_media":0,"parent":0,"menu_order":0,"comment_status":"open","ping_status":"open","template":"","meta":{"footnotes":""},"class_list":["post-61","page","type-page","status-publish","hentry"],"_links":{"self":[{"href":"https:\/\/blog.espol.edu.ec\/aagarci\/wp-json\/wp\/v2\/pages\/61","targetHints":{"allow":["GET"]}}],"collection":[{"href":"https:\/\/blog.espol.edu.ec\/aagarci\/wp-json\/wp\/v2\/pages"}],"about":[{"href":"https:\/\/blog.espol.edu.ec\/aagarci\/wp-json\/wp\/v2\/types\/page"}],"author":[{"embeddable":true,"href":"https:\/\/blog.espol.edu.ec\/aagarci\/wp-json\/wp\/v2\/users\/512"}],"replies":[{"embeddable":true,"href":"https:\/\/blog.espol.edu.ec\/aagarci\/wp-json\/wp\/v2\/comments?post=61"}],"version-history":[{"count":4,"href":"https:\/\/blog.espol.edu.ec\/aagarci\/wp-json\/wp\/v2\/pages\/61\/revisions"}],"predecessor-version":[{"id":64,"href":"https:\/\/blog.espol.edu.ec\/aagarci\/wp-json\/wp\/v2\/pages\/61\/revisions\/64"}],"wp:attachment":[{"href":"https:\/\/blog.espol.edu.ec\/aagarci\/wp-json\/wp\/v2\/media?parent=61"}],"curies":[{"name":"wp","href":"https:\/\/api.w.org\/{rel}","templated":true}]}}