{"id":67,"date":"2012-02-10T19:58:47","date_gmt":"2012-02-11T00:58:47","guid":{"rendered":"http:\/\/blog.espol.edu.ec\/aagarci\/?page_id=67"},"modified":"2012-02-13T11:23:58","modified_gmt":"2012-02-13T16:23:58","slug":"investigacion-sobre-comunicacion-en-espana-evolucion-y-perspectivas","status":"publish","type":"page","link":"https:\/\/blog.espol.edu.ec\/aagarci\/investigacion-sobre-comunicacion-en-espana-evolucion-y-perspectivas\/","title":{"rendered":"La investigaci\u00f3n sobre comunicaci\u00f3n en Espa\u00f1a. Evoluci\u00f3n hist\u00f3rica y retos actuales"},"content":{"rendered":"<p>En este trabajo se propone una aproximaci\u00f3n a la historia de la investigaci\u00f3n sobre comunicaci\u00f3n en Espa\u00f1a poniendo en relaci\u00f3n la <em>producci\u00f3n cient\u00edfica<\/em> con las caracter\u00edsticas, estructura y condiciones hist\u00f3ricas en las que ha desempe\u00f1ado su trabajo la <em>comunidad cient\u00edfica<\/em> interesada en este \u00e1mbito. Para ello, se establece un marco temporal que arranca en el momento de la constituci\u00f3n de la <em>comunicaci\u00f3n<\/em>\u00a0 como campo de investigaci\u00f3n (y de docencia) aut\u00f3nomo, a mediados de la d\u00e9cada de los sesenta, y llega hasta la actualidad. Consideramos que en el curso de este periodo pueden distinguirse no menos de tres etapas, que convencionalmente se han denominado de emergencia, consolidaci\u00f3n y desarrollo (o maduraci\u00f3n) de los estudios sobre comunicaci\u00f3n en Espa\u00f1a. En cada una de estas etapas, la comunidad cient\u00edfica interesada en la investigaci\u00f3n comunicativa se ha desenvuelto en contextos sociales, institucionales (esto es, acad\u00e9micos) y propiamente epistemol\u00f3gicos o cient\u00edficos diferentes, y esas particulares condiciones contribuyen a explicar las opciones u orientaciones diversas que hist\u00f3ricamente ha ido tomando la investigaci\u00f3n sobre comunicaci\u00f3n en Espa\u00f1a (objetos de estudio, enfoques te\u00f3rico-metodol\u00f3gicos, aportaciones y carencias).<\/p>\n<p>Autorea: Dr. MAnuel Mart\u00ednez Nicol\u00e1<\/p>\n<p>Resvista Latina de COmunicaci\u00f3n Social <a href=\"http:\/\/www.ull.es\/publicaciones\/latina\/09\/art\/01_800_01_investigacion\/Manuel_Martinez_Nicolas.html\">http:\/\/www.ull.es\/publicaciones\/latina\/09\/art\/01_800_01_investigacion\/Manuel_Martinez_Nicolas.html<\/a><\/p>\n<p>&nbsp;<\/p>\n","protected":false},"excerpt":{"rendered":"<p>En este trabajo se propone una aproximaci\u00f3n a la historia de la investigaci\u00f3n sobre comunicaci\u00f3n en Espa\u00f1a poniendo en relaci\u00f3n la producci\u00f3n cient\u00edfica con las caracter\u00edsticas, estructura y condiciones hist\u00f3ricas en las que ha desempe\u00f1ado su trabajo la comunidad cient\u00edfica interesada en este \u00e1mbito. Para ello, se establece un marco temporal que arranca en el [&hellip;]<\/p>\n","protected":false},"author":512,"featured_media":0,"parent":0,"menu_order":0,"comment_status":"open","ping_status":"open","template":"","meta":{"footnotes":""},"class_list":["post-67","page","type-page","status-publish","hentry"],"_links":{"self":[{"href":"https:\/\/blog.espol.edu.ec\/aagarci\/wp-json\/wp\/v2\/pages\/67","targetHints":{"allow":["GET"]}}],"collection":[{"href":"https:\/\/blog.espol.edu.ec\/aagarci\/wp-json\/wp\/v2\/pages"}],"about":[{"href":"https:\/\/blog.espol.edu.ec\/aagarci\/wp-json\/wp\/v2\/types\/page"}],"author":[{"embeddable":true,"href":"https:\/\/blog.espol.edu.ec\/aagarci\/wp-json\/wp\/v2\/users\/512"}],"replies":[{"embeddable":true,"href":"https:\/\/blog.espol.edu.ec\/aagarci\/wp-json\/wp\/v2\/comments?post=67"}],"version-history":[{"count":4,"href":"https:\/\/blog.espol.edu.ec\/aagarci\/wp-json\/wp\/v2\/pages\/67\/revisions"}],"predecessor-version":[{"id":206,"href":"https:\/\/blog.espol.edu.ec\/aagarci\/wp-json\/wp\/v2\/pages\/67\/revisions\/206"}],"wp:attachment":[{"href":"https:\/\/blog.espol.edu.ec\/aagarci\/wp-json\/wp\/v2\/media?parent=67"}],"curies":[{"name":"wp","href":"https:\/\/api.w.org\/{rel}","templated":true}]}}