{"id":7,"date":"2012-02-07T16:30:51","date_gmt":"2012-02-07T21:30:51","guid":{"rendered":"http:\/\/blog.espol.edu.ec\/aagarci\/?page_id=7"},"modified":"2012-02-13T12:11:41","modified_gmt":"2012-02-13T17:11:41","slug":"tesis","status":"publish","type":"page","link":"https:\/\/blog.espol.edu.ec\/aagarci\/tesis\/","title":{"rendered":"Tesis Doctorales"},"content":{"rendered":"<p>Tesis doctorales de investigaci\u00f3n de las evoluciones de algunos medios de comunicaci\u00f3n como la prensa.<\/p>\n<ul>\n<li><a title=\"Evoluci\u00f3n y tendencias en la configuraci\u00f3n gr\u00e1fica de la prensa on line\" href=\"http:\/\/blog.espol.edu.ec\/aagarci\/evolucion-y-tendencias-en-la-configuracion-grafica-de-la-prensa-on-line\/\">Evoluci\u00f3n y tendencias en la configuraci\u00f3n gr\u00e1fica de la prensa on line - Dialnet<\/a><\/li>\n<li><a title=\"La evoluci\u00f3n del dise\u00f1o gr\u00e1fico en la prensa de provincias (1850-1936) : estructuras de compaginaci\u00f3n\" href=\"http:\/\/blog.espol.edu.ec\/aagarci\/la-evolucion-del-diseno-grafico-en-la-prensa-de-provincias-1850-1936-estructuras-de-compaginacion\/\">La evoluci\u00f3n del dise\u00f1o gr\u00e1fico en la prensa de provincias (1850-1936) : estructuras de compaginaci\u00f3n - DIGIBUG Respositorio Institucional de la Universidad de Granada<\/a><\/li>\n<\/ul>\n","protected":false},"excerpt":{"rendered":"<p>Tesis doctorales de investigaci\u00f3n de las evoluciones de algunos medios de comunicaci\u00f3n como la prensa. Evoluci\u00f3n y tendencias en la configuraci\u00f3n gr\u00e1fica de la prensa on line - Dialnet La evoluci\u00f3n del dise\u00f1o gr\u00e1fico en la prensa de provincias (1850-1936) : estructuras de compaginaci\u00f3n - DIGIBUG Respositorio Institucional de la Universidad de Granada<\/p>\n","protected":false},"author":512,"featured_media":0,"parent":0,"menu_order":0,"comment_status":"open","ping_status":"open","template":"","meta":{"footnotes":""},"class_list":["post-7","page","type-page","status-publish","hentry"],"_links":{"self":[{"href":"https:\/\/blog.espol.edu.ec\/aagarci\/wp-json\/wp\/v2\/pages\/7","targetHints":{"allow":["GET"]}}],"collection":[{"href":"https:\/\/blog.espol.edu.ec\/aagarci\/wp-json\/wp\/v2\/pages"}],"about":[{"href":"https:\/\/blog.espol.edu.ec\/aagarci\/wp-json\/wp\/v2\/types\/page"}],"author":[{"embeddable":true,"href":"https:\/\/blog.espol.edu.ec\/aagarci\/wp-json\/wp\/v2\/users\/512"}],"replies":[{"embeddable":true,"href":"https:\/\/blog.espol.edu.ec\/aagarci\/wp-json\/wp\/v2\/comments?post=7"}],"version-history":[{"count":10,"href":"https:\/\/blog.espol.edu.ec\/aagarci\/wp-json\/wp\/v2\/pages\/7\/revisions"}],"predecessor-version":[{"id":129,"href":"https:\/\/blog.espol.edu.ec\/aagarci\/wp-json\/wp\/v2\/pages\/7\/revisions\/129"}],"wp:attachment":[{"href":"https:\/\/blog.espol.edu.ec\/aagarci\/wp-json\/wp\/v2\/media?parent=7"}],"curies":[{"name":"wp","href":"https:\/\/api.w.org\/{rel}","templated":true}]}}