{"id":74,"date":"2012-02-11T06:15:53","date_gmt":"2012-02-11T11:15:53","guid":{"rendered":"http:\/\/blog.espol.edu.ec\/aagarci\/?page_id=74"},"modified":"2012-02-11T06:15:53","modified_gmt":"2012-02-11T11:15:53","slug":"evolucion-de-los-medios-de-comunicacion","status":"publish","type":"page","link":"https:\/\/blog.espol.edu.ec\/aagarci\/evolucion-de-los-medios-de-comunicacion\/","title":{"rendered":"Evoluci\u00f3n de los Medios de Comunicaci\u00f3n"},"content":{"rendered":"<p>Los medios de comunicaci\u00f3n y la globalizaci\u00f3n. Los medios de comunicaci\u00f3n: agentes socializadores. Principales medios de comunicaci\u00f3n y su influencia. La Radio. Los g\u00e9neros informativos de la radio.<\/p>\n<p>Autor Saba<\/p>\n<p>Ilustrados <a href=\"http:\/\/www.ilustrados.com\/tema\/690\/Evolucion-medios-comunicacion.html\">http:\/\/www.ilustrados.com\/tema\/690\/Evolucion-medios-comunicacion.html<\/a><\/p>\n","protected":false},"excerpt":{"rendered":"<p>Los medios de comunicaci\u00f3n y la globalizaci\u00f3n. Los medios de comunicaci\u00f3n: agentes socializadores. Principales medios de comunicaci\u00f3n y su influencia. La Radio. Los g\u00e9neros informativos de la radio. Autor Saba Ilustrados http:\/\/www.ilustrados.com\/tema\/690\/Evolucion-medios-comunicacion.html<\/p>\n","protected":false},"author":512,"featured_media":0,"parent":0,"menu_order":0,"comment_status":"open","ping_status":"open","template":"","meta":{"footnotes":""},"class_list":["post-74","page","type-page","status-publish","hentry"],"_links":{"self":[{"href":"https:\/\/blog.espol.edu.ec\/aagarci\/wp-json\/wp\/v2\/pages\/74","targetHints":{"allow":["GET"]}}],"collection":[{"href":"https:\/\/blog.espol.edu.ec\/aagarci\/wp-json\/wp\/v2\/pages"}],"about":[{"href":"https:\/\/blog.espol.edu.ec\/aagarci\/wp-json\/wp\/v2\/types\/page"}],"author":[{"embeddable":true,"href":"https:\/\/blog.espol.edu.ec\/aagarci\/wp-json\/wp\/v2\/users\/512"}],"replies":[{"embeddable":true,"href":"https:\/\/blog.espol.edu.ec\/aagarci\/wp-json\/wp\/v2\/comments?post=74"}],"version-history":[{"count":1,"href":"https:\/\/blog.espol.edu.ec\/aagarci\/wp-json\/wp\/v2\/pages\/74\/revisions"}],"predecessor-version":[{"id":75,"href":"https:\/\/blog.espol.edu.ec\/aagarci\/wp-json\/wp\/v2\/pages\/74\/revisions\/75"}],"wp:attachment":[{"href":"https:\/\/blog.espol.edu.ec\/aagarci\/wp-json\/wp\/v2\/media?parent=74"}],"curies":[{"name":"wp","href":"https:\/\/api.w.org\/{rel}","templated":true}]}}