{"id":78,"date":"2012-02-11T06:41:30","date_gmt":"2012-02-11T11:41:30","guid":{"rendered":"http:\/\/blog.espol.edu.ec\/aagarci\/?page_id=78"},"modified":"2012-02-11T12:02:21","modified_gmt":"2012-02-11T17:02:21","slug":"historia-de-los-medios-de-comunicacion-del-siglo-xx","status":"publish","type":"page","link":"https:\/\/blog.espol.edu.ec\/aagarci\/historia-de-los-medios-de-comunicacion-del-siglo-xx\/","title":{"rendered":"Evoluci\u00f3n de los medios de comunicaci\u00f3n: De la imprenta a la televisi\u00f3n"},"content":{"rendered":"<p>Historia de los medios de comunicaci\u00f3n , de las ventajas del uso de las nuevas tecnolog\u00edas<\/p>\n<p>Autor: Lic. SIlvina Torre<\/p>\n<p>Vitrales XXI\u00a0<a href=\"Un breve resumen de la historia de los medios de comunicaci\u00f3n , de las ventajas del uso de las nuevas tecnolog\u00edas\"> http:\/\/www.vitralesxxi.com.ar\/comunicacion\/evolucion_de_los_medios_de_comunicacion.htm<\/a><\/p>\n","protected":false},"excerpt":{"rendered":"<p>Historia de los medios de comunicaci\u00f3n , de las ventajas del uso de las nuevas tecnolog\u00edas Autor: Lic. SIlvina Torre Vitrales XXI\u00a0 http:\/\/www.vitralesxxi.com.ar\/comunicacion\/evolucion_de_los_medios_de_comunicacion.htm<\/p>\n","protected":false},"author":512,"featured_media":0,"parent":0,"menu_order":0,"comment_status":"open","ping_status":"open","template":"","meta":{"footnotes":""},"class_list":["post-78","page","type-page","status-publish","hentry"],"_links":{"self":[{"href":"https:\/\/blog.espol.edu.ec\/aagarci\/wp-json\/wp\/v2\/pages\/78","targetHints":{"allow":["GET"]}}],"collection":[{"href":"https:\/\/blog.espol.edu.ec\/aagarci\/wp-json\/wp\/v2\/pages"}],"about":[{"href":"https:\/\/blog.espol.edu.ec\/aagarci\/wp-json\/wp\/v2\/types\/page"}],"author":[{"embeddable":true,"href":"https:\/\/blog.espol.edu.ec\/aagarci\/wp-json\/wp\/v2\/users\/512"}],"replies":[{"embeddable":true,"href":"https:\/\/blog.espol.edu.ec\/aagarci\/wp-json\/wp\/v2\/comments?post=78"}],"version-history":[{"count":5,"href":"https:\/\/blog.espol.edu.ec\/aagarci\/wp-json\/wp\/v2\/pages\/78\/revisions"}],"predecessor-version":[{"id":80,"href":"https:\/\/blog.espol.edu.ec\/aagarci\/wp-json\/wp\/v2\/pages\/78\/revisions\/80"}],"wp:attachment":[{"href":"https:\/\/blog.espol.edu.ec\/aagarci\/wp-json\/wp\/v2\/media?parent=78"}],"curies":[{"name":"wp","href":"https:\/\/api.w.org\/{rel}","templated":true}]}}