{"id":85,"date":"2012-02-11T12:07:37","date_gmt":"2012-02-11T17:07:37","guid":{"rendered":"http:\/\/blog.espol.edu.ec\/aagarci\/?page_id=85"},"modified":"2012-02-11T12:07:37","modified_gmt":"2012-02-11T17:07:37","slug":"evolucion-de-los-medios-de-comunicacion-2","status":"publish","type":"page","link":"https:\/\/blog.espol.edu.ec\/aagarci\/evolucion-de-los-medios-de-comunicacion-2\/","title":{"rendered":"Evoluci\u00f3n de los medios de comunicaci\u00f3n"},"content":{"rendered":"<p><span style=\"font-size: small\"><span style=\"font-size: small\">Este blog fue creado con la intenci\u00f3n de informar a los visitantes sobre las nuevas tecnolog\u00edas aplicadas a las comunicaciones, haciendo tambi\u00e9n una mirada cr\u00edtica sobre las mismas, tratando de mostrar su lado bueno y su lado malo seg\u00fan por donde se lo mire.<\/span><\/span><\/p>\n<p>Autor:Jorge Deisernia<\/p>\n<p>Blog <a href=\"http:\/\/blogsdelagente.com\/mediosdecomunicacion\/\">http:\/\/blogsdelagente.com\/mediosdecomunicacion\/<\/a><\/p>\n","protected":false},"excerpt":{"rendered":"<p>Este blog fue creado con la intenci\u00f3n de informar a los visitantes sobre las nuevas tecnolog\u00edas aplicadas a las comunicaciones, haciendo tambi\u00e9n una mirada cr\u00edtica sobre las mismas, tratando de mostrar su lado bueno y su lado malo seg\u00fan por donde se lo mire. Autor:Jorge Deisernia Blog http:\/\/blogsdelagente.com\/mediosdecomunicacion\/<\/p>\n","protected":false},"author":512,"featured_media":0,"parent":0,"menu_order":0,"comment_status":"open","ping_status":"open","template":"","meta":{"footnotes":""},"class_list":["post-85","page","type-page","status-publish","hentry"],"_links":{"self":[{"href":"https:\/\/blog.espol.edu.ec\/aagarci\/wp-json\/wp\/v2\/pages\/85","targetHints":{"allow":["GET"]}}],"collection":[{"href":"https:\/\/blog.espol.edu.ec\/aagarci\/wp-json\/wp\/v2\/pages"}],"about":[{"href":"https:\/\/blog.espol.edu.ec\/aagarci\/wp-json\/wp\/v2\/types\/page"}],"author":[{"embeddable":true,"href":"https:\/\/blog.espol.edu.ec\/aagarci\/wp-json\/wp\/v2\/users\/512"}],"replies":[{"embeddable":true,"href":"https:\/\/blog.espol.edu.ec\/aagarci\/wp-json\/wp\/v2\/comments?post=85"}],"version-history":[{"count":1,"href":"https:\/\/blog.espol.edu.ec\/aagarci\/wp-json\/wp\/v2\/pages\/85\/revisions"}],"predecessor-version":[{"id":86,"href":"https:\/\/blog.espol.edu.ec\/aagarci\/wp-json\/wp\/v2\/pages\/85\/revisions\/86"}],"wp:attachment":[{"href":"https:\/\/blog.espol.edu.ec\/aagarci\/wp-json\/wp\/v2\/media?parent=85"}],"curies":[{"name":"wp","href":"https:\/\/api.w.org\/{rel}","templated":true}]}}