{"id":87,"date":"2012-02-11T12:13:28","date_gmt":"2012-02-11T17:13:28","guid":{"rendered":"http:\/\/blog.espol.edu.ec\/aagarci\/?page_id=87"},"modified":"2012-02-13T12:58:59","modified_gmt":"2012-02-13T17:58:59","slug":"redes-sociales","status":"publish","type":"page","link":"https:\/\/blog.espol.edu.ec\/aagarci\/redes-sociales\/","title":{"rendered":"Redes Sociales y Web 2.0"},"content":{"rendered":"<p>Contenidos sobre la evoluci\u00f3n de los medios, proporcionados a trav\u00e9s de blogs.<\/p>\n<ul>\n<li><a title=\"Evoluci\u00f3n de los medios de comunicaci\u00f3n\" href=\"http:\/\/blog.espol.edu.ec\/aagarci\/evolucion-de-los-medios-de-comunicacion-2\/\">La evoluci\u00f3n de los medios de comunicaci\u00f3n - Blog<\/a><\/li>\n<li><a title=\"La complicada evoluci\u00f3n de la libertad de prensa en Espa\u00f1a durante el siglo XX\" href=\"http:\/\/blog.espol.edu.ec\/aagarci\/la-complicada-evolucion-de-la-libertad-de-prensa-en-espana-durante-el-siglo-xx\/\">La complicada evoluci\u00f3n de la libertad de prensa en Espa\u00f1a durante el siglo XX - Wikilearning<\/a><\/li>\n<li><a title=\"La evoluci\u00f3n de la Televisi\u00f3n\" href=\"http:\/\/blog.espol.edu.ec\/aagarci\/la-evolucion-de-la-television\/\">La evoluci\u00f3n de la Televisi\u00f3n - Blog de la comunicaci\u00f3n<\/a><\/li>\n<\/ul>\n","protected":false},"excerpt":{"rendered":"<p>Contenidos sobre la evoluci\u00f3n de los medios, proporcionados a trav\u00e9s de blogs. La evoluci\u00f3n de los medios de comunicaci\u00f3n - Blog La complicada evoluci\u00f3n de la libertad de prensa en Espa\u00f1a durante el siglo XX - Wikilearning La evoluci\u00f3n de la Televisi\u00f3n - Blog de la comunicaci\u00f3n<\/p>\n","protected":false},"author":512,"featured_media":0,"parent":0,"menu_order":0,"comment_status":"open","ping_status":"open","template":"","meta":{"footnotes":""},"class_list":["post-87","page","type-page","status-publish","hentry"],"_links":{"self":[{"href":"https:\/\/blog.espol.edu.ec\/aagarci\/wp-json\/wp\/v2\/pages\/87","targetHints":{"allow":["GET"]}}],"collection":[{"href":"https:\/\/blog.espol.edu.ec\/aagarci\/wp-json\/wp\/v2\/pages"}],"about":[{"href":"https:\/\/blog.espol.edu.ec\/aagarci\/wp-json\/wp\/v2\/types\/page"}],"author":[{"embeddable":true,"href":"https:\/\/blog.espol.edu.ec\/aagarci\/wp-json\/wp\/v2\/users\/512"}],"replies":[{"embeddable":true,"href":"https:\/\/blog.espol.edu.ec\/aagarci\/wp-json\/wp\/v2\/comments?post=87"}],"version-history":[{"count":9,"href":"https:\/\/blog.espol.edu.ec\/aagarci\/wp-json\/wp\/v2\/pages\/87\/revisions"}],"predecessor-version":[{"id":93,"href":"https:\/\/blog.espol.edu.ec\/aagarci\/wp-json\/wp\/v2\/pages\/87\/revisions\/93"}],"wp:attachment":[{"href":"https:\/\/blog.espol.edu.ec\/aagarci\/wp-json\/wp\/v2\/media?parent=87"}],"curies":[{"name":"wp","href":"https:\/\/api.w.org\/{rel}","templated":true}]}}