{"id":9,"date":"2012-02-07T16:32:03","date_gmt":"2012-02-07T21:32:03","guid":{"rendered":"http:\/\/blog.espol.edu.ec\/aagarci\/?page_id=9"},"modified":"2012-02-13T12:04:20","modified_gmt":"2012-02-13T17:04:20","slug":"open-access","status":"publish","type":"page","link":"https:\/\/blog.espol.edu.ec\/aagarci\/open-access\/","title":{"rendered":"Open Access"},"content":{"rendered":"<p>Informaci\u00f3n sobre la evoluci\u00f3n de los medios de comunicaci\u00f3n, a trav\u00e9s\u00a0 los diferentes repositorios institucionales espa\u00f1oles.<\/p>\n<ul>\n<li><a title=\"RECERCART\" href=\"http:\/\/blog.espol.edu.ec\/aagarci\/recercart\/\">La evoluci\u00f3n de la teor\u00eda de los efectos de los medios de comunicaci\u00f3n de masas - RECERCART\u00a0<\/a><\/li>\n<li><a title=\"Nueva era en la comunicaci\u00f3n audiovisual: el marketing viral\" href=\"http:\/\/blog.espol.edu.ec\/aagarci\/nueva-era-en-la-comunicacion-audiovisual-el-marketing-viral\/\">Nueva era en la comunicaci\u00f3n audiovisual - e-archivo<\/a><\/li>\n<li><a title=\"Nueva era en la comunicaci\u00f3n audiovisual: el marketing viral\" href=\"http:\/\/blog.espol.edu.ec\/aagarci\/nueva-era-en-la-comunicacion-audiovisual-el-marketing-viral\/\">Evoluci\u00f3n de la comunicaci\u00f3n audiovisual - E-Prinst Complutense<\/a><\/li>\n<li><a title=\"Cine 2.0: metamorfosis tecnol\u00f3gica y social de las cinematograf\u00edas digitales\" href=\"http:\/\/blog.espol.edu.ec\/aagarci\/cine-2-0-metamorfosis-tecnologica-y-social-de-las-cinematografias-digitales\/\">Cine 2.0: metamorfosis tecnol\u00f3gica y social de las cinematograf\u00edas - Repositorio de la Universidad Jaume I<\/a><\/li>\n<li><a title=\"Medios de Comunicaci\u00f3n y Manipulaci\u00f3n\" href=\"http:\/\/blog.espol.edu.ec\/aagarci\/medios-de-comunicacion-y-manipulacion\/\">Medios de Comunicaci\u00f3n y Manipulaci\u00f3n - Repositorio Institucional UNED<\/a><\/li>\n<li><a title=\"Fuentes documentales para la historia de la comunicaci\u00f3n publicitaria en Espa\u00f1a\" href=\"http:\/\/blog.espol.edu.ec\/aagarci\/fuentes-documentales-para-la-historia-de-la-comunicacion-publicitaria-en-espana\/\">Fuentes documentales para la historia de la comunicaci\u00f3n publicitaria en Espa\u00f1a - RUA Respositorio de la Universidad de Alicante<\/a><\/li>\n<\/ul>\n<p>&nbsp;<\/p>\n","protected":false},"excerpt":{"rendered":"<p>Informaci\u00f3n sobre la evoluci\u00f3n de los medios de comunicaci\u00f3n, a trav\u00e9s\u00a0 los diferentes repositorios institucionales espa\u00f1oles. La evoluci\u00f3n de la teor\u00eda de los efectos de los medios de comunicaci\u00f3n de masas - RECERCART\u00a0 Nueva era en la comunicaci\u00f3n audiovisual - e-archivo Evoluci\u00f3n de la comunicaci\u00f3n audiovisual - E-Prinst Complutense Cine 2.0: metamorfosis tecnol\u00f3gica y social [&hellip;]<\/p>\n","protected":false},"author":512,"featured_media":0,"parent":0,"menu_order":0,"comment_status":"open","ping_status":"open","template":"","meta":{"footnotes":""},"class_list":["post-9","page","type-page","status-publish","hentry"],"_links":{"self":[{"href":"https:\/\/blog.espol.edu.ec\/aagarci\/wp-json\/wp\/v2\/pages\/9","targetHints":{"allow":["GET"]}}],"collection":[{"href":"https:\/\/blog.espol.edu.ec\/aagarci\/wp-json\/wp\/v2\/pages"}],"about":[{"href":"https:\/\/blog.espol.edu.ec\/aagarci\/wp-json\/wp\/v2\/types\/page"}],"author":[{"embeddable":true,"href":"https:\/\/blog.espol.edu.ec\/aagarci\/wp-json\/wp\/v2\/users\/512"}],"replies":[{"embeddable":true,"href":"https:\/\/blog.espol.edu.ec\/aagarci\/wp-json\/wp\/v2\/comments?post=9"}],"version-history":[{"count":18,"href":"https:\/\/blog.espol.edu.ec\/aagarci\/wp-json\/wp\/v2\/pages\/9\/revisions"}],"predecessor-version":[{"id":23,"href":"https:\/\/blog.espol.edu.ec\/aagarci\/wp-json\/wp\/v2\/pages\/9\/revisions\/23"}],"wp:attachment":[{"href":"https:\/\/blog.espol.edu.ec\/aagarci\/wp-json\/wp\/v2\/media?parent=9"}],"curies":[{"name":"wp","href":"https:\/\/api.w.org\/{rel}","templated":true}]}}