{"id":94,"date":"2012-02-11T12:23:50","date_gmt":"2012-02-11T17:23:50","guid":{"rendered":"http:\/\/blog.espol.edu.ec\/aagarci\/?page_id=94"},"modified":"2012-02-11T12:23:50","modified_gmt":"2012-02-11T17:23:50","slug":"la-complicada-evolucion-de-la-libertad-de-prensa-en-espana-durante-el-siglo-xx","status":"publish","type":"page","link":"https:\/\/blog.espol.edu.ec\/aagarci\/la-complicada-evolucion-de-la-libertad-de-prensa-en-espana-durante-el-siglo-xx\/","title":{"rendered":"La complicada evoluci\u00f3n de la libertad de prensa en Espa\u00f1a durante el siglo XX"},"content":{"rendered":"<p>A lo largo del siglo XX Espa\u00f1a cont\u00f3 en repetidas ocasiones con iniciativas legislativas encaminadas a censurar el trabajo de los periodistas. Diferentes gobiernos de distinto signo siempre prestaron especial atenci\u00f3n al control informativo. No s\u00f3lo las dictaduras militares mostraron su preocupaci\u00f3n por si las informaciones perjudicaban al poder establecido.<\/p>\n<p>Autor: Rafael Yanes Mesa<\/p>\n<p>Wikilearning <a href=\"http:\/\/www.wikilearning.com\/monografia\/la_complicada_evolucion_de_la_libertad_de_prensa_en_espana_durante_el_siglo_xx-apuntes_para_un_estudio\/16943-1\">http:\/\/www.wikilearning.com\/monografia\/la_complicada_evolucion_de_la_libertad_de_prensa_en_espana_durante_el_siglo_xx-apuntes_para_un_estudio\/16943-1<\/a><\/p>\n","protected":false},"excerpt":{"rendered":"<p>A lo largo del siglo XX Espa\u00f1a cont\u00f3 en repetidas ocasiones con iniciativas legislativas encaminadas a censurar el trabajo de los periodistas. Diferentes gobiernos de distinto signo siempre prestaron especial atenci\u00f3n al control informativo. No s\u00f3lo las dictaduras militares mostraron su preocupaci\u00f3n por si las informaciones perjudicaban al poder establecido. Autor: Rafael Yanes Mesa Wikilearning [&hellip;]<\/p>\n","protected":false},"author":512,"featured_media":0,"parent":0,"menu_order":0,"comment_status":"open","ping_status":"open","template":"","meta":{"footnotes":""},"class_list":["post-94","page","type-page","status-publish","hentry"],"_links":{"self":[{"href":"https:\/\/blog.espol.edu.ec\/aagarci\/wp-json\/wp\/v2\/pages\/94","targetHints":{"allow":["GET"]}}],"collection":[{"href":"https:\/\/blog.espol.edu.ec\/aagarci\/wp-json\/wp\/v2\/pages"}],"about":[{"href":"https:\/\/blog.espol.edu.ec\/aagarci\/wp-json\/wp\/v2\/types\/page"}],"author":[{"embeddable":true,"href":"https:\/\/blog.espol.edu.ec\/aagarci\/wp-json\/wp\/v2\/users\/512"}],"replies":[{"embeddable":true,"href":"https:\/\/blog.espol.edu.ec\/aagarci\/wp-json\/wp\/v2\/comments?post=94"}],"version-history":[{"count":1,"href":"https:\/\/blog.espol.edu.ec\/aagarci\/wp-json\/wp\/v2\/pages\/94\/revisions"}],"predecessor-version":[{"id":95,"href":"https:\/\/blog.espol.edu.ec\/aagarci\/wp-json\/wp\/v2\/pages\/94\/revisions\/95"}],"wp:attachment":[{"href":"https:\/\/blog.espol.edu.ec\/aagarci\/wp-json\/wp\/v2\/media?parent=94"}],"curies":[{"name":"wp","href":"https:\/\/api.w.org\/{rel}","templated":true}]}}