{"id":97,"date":"2012-02-11T12:54:41","date_gmt":"2012-02-11T17:54:41","guid":{"rendered":"http:\/\/blog.espol.edu.ec\/aagarci\/?page_id=97"},"modified":"2012-02-11T12:54:41","modified_gmt":"2012-02-11T17:54:41","slug":"%c2%bfhacia-donde-se-dirige-las-convergencia-de-medios","status":"publish","type":"page","link":"https:\/\/blog.espol.edu.ec\/aagarci\/%c2%bfhacia-donde-se-dirige-las-convergencia-de-medios\/","title":{"rendered":"\u00bfHacia D\u00f3nde se dirige las convergencia de medios?"},"content":{"rendered":"<p>\u00bfQu\u00e9 entendemos por convergencia multimedia? Para poder explicar este concepto esquivo y con caracter\u00edsticas difusas es preciso tener en cuenta varias dimensiones que se articulan entre s\u00ed y que pueden sintetizarse en cuatro: la dimensi\u00f3n empresarial, la tecnol\u00f3gica, la profesional y la comunicativa.<\/p>\n<p>Autor: Ram\u00f3n Salaverr\u00eda<\/p>\n<p>Mediaci\u00f3n.doc Universidad de Navarra <a href=\"http:\/\/www.almendron.com\/cuaderno\/varios\/medoc-0411-01.pdf\">http:\/\/www.almendron.com\/cuaderno\/varios\/medoc-0411-01.pdf<\/a><\/p>\n","protected":false},"excerpt":{"rendered":"<p>\u00bfQu\u00e9 entendemos por convergencia multimedia? Para poder explicar este concepto esquivo y con caracter\u00edsticas difusas es preciso tener en cuenta varias dimensiones que se articulan entre s\u00ed y que pueden sintetizarse en cuatro: la dimensi\u00f3n empresarial, la tecnol\u00f3gica, la profesional y la comunicativa. Autor: Ram\u00f3n Salaverr\u00eda Mediaci\u00f3n.doc Universidad de Navarra http:\/\/www.almendron.com\/cuaderno\/varios\/medoc-0411-01.pdf<\/p>\n","protected":false},"author":512,"featured_media":0,"parent":0,"menu_order":0,"comment_status":"open","ping_status":"open","template":"","meta":{"footnotes":""},"class_list":["post-97","page","type-page","status-publish","hentry"],"_links":{"self":[{"href":"https:\/\/blog.espol.edu.ec\/aagarci\/wp-json\/wp\/v2\/pages\/97","targetHints":{"allow":["GET"]}}],"collection":[{"href":"https:\/\/blog.espol.edu.ec\/aagarci\/wp-json\/wp\/v2\/pages"}],"about":[{"href":"https:\/\/blog.espol.edu.ec\/aagarci\/wp-json\/wp\/v2\/types\/page"}],"author":[{"embeddable":true,"href":"https:\/\/blog.espol.edu.ec\/aagarci\/wp-json\/wp\/v2\/users\/512"}],"replies":[{"embeddable":true,"href":"https:\/\/blog.espol.edu.ec\/aagarci\/wp-json\/wp\/v2\/comments?post=97"}],"version-history":[{"count":1,"href":"https:\/\/blog.espol.edu.ec\/aagarci\/wp-json\/wp\/v2\/pages\/97\/revisions"}],"predecessor-version":[{"id":98,"href":"https:\/\/blog.espol.edu.ec\/aagarci\/wp-json\/wp\/v2\/pages\/97\/revisions\/98"}],"wp:attachment":[{"href":"https:\/\/blog.espol.edu.ec\/aagarci\/wp-json\/wp\/v2\/media?parent=97"}],"curies":[{"name":"wp","href":"https:\/\/api.w.org\/{rel}","templated":true}]}}