{"id":12,"date":"2011-05-23T18:15:04","date_gmt":"2011-05-23T18:15:04","guid":{"rendered":"http:\/\/blog.espol.edu.ec\/aagila\/?page_id=12"},"modified":"2011-05-23T18:15:04","modified_gmt":"2011-05-23T18:15:04","slug":"requisitos-para-el-ingreso","status":"publish","type":"page","link":"https:\/\/blog.espol.edu.ec\/aagila\/requisitos-para-el-ingreso\/","title":{"rendered":"Requisitos para el ingreso !!!"},"content":{"rendered":"<p>Para personas por primera vez a dar el examen:<\/p>\n<p><strong>a)<\/strong> Solicitud de Admisi\u00f3n \u2013 Gu\u00eda de Admisi\u00f3n ($5.00). Comprar en Oficina de  Admisiones el d\u00eda de la inscripci\u00f3n.<br \/>\n<strong>b)<\/strong><strong> Copia  Notarizada <\/strong>del T\u00edtulo o  Acta de Grado (previamente refrendada por el Ministerio de  Educaci\u00f3n);  si el aspirante es a\u00fan estudiante de sexto curso, solicitar al Colegio   un <strong>Certificado de Asistencia y Conducta  (Original)<\/strong>.  Para los graduados en el extranjero, copia notarizada del  t\u00edtulo  equivalente a bachiller legalizado por el Ministerio de Educaci\u00f3n.<br \/>\n<strong>c)<\/strong> Dos fotos tama\u00f1o carn\u00e9  originales, NO ESCANEADAS.<br \/>\n<strong>d) <\/strong>C\u00e9dula       de identidad original emitida  m\u00e1ximo hace 3 a\u00f1os atr\u00e1s y su respectiva       copia a colores. Para  extranjeros, pasaporte.<br \/>\n<strong>e)<\/strong> Certificado de votaci\u00f3n (\u00faltima vuelta electoral) si fuere el caso y su  respectiva copia a colores.<br \/>\n<strong>f)<\/strong> Comprobante de dep\u00f3sito emitida por el Banco, original y copia. Escribir en la papeleta la c\u00e9dula y nombre del aspirante.<br \/>\n<strong>g) <\/strong>Carpeta       manila (sin rayar y doblar).<\/p>\n<p>Para personas ya se hayan registrado en el examen de ubicaci\u00f3n o en algun nivel de pre :<\/p>\n<p><strong>a)<\/strong> Solicitud de Admisi\u00f3n \u2013 Gu\u00eda de Admisi\u00f3n ($5.00). Comprar en Oficina de  Admisiones el d\u00eda de la inscripci\u00f3n.<br \/>\n<strong>b) <\/strong>C\u00e9dula       de identidad original emitida  m\u00e1ximo hace 3 a\u00f1os atr\u00e1s y su respectiva       copia a colores. Para  extranjeros, pasaporte.<br \/>\n<strong>c)<\/strong> Certificado de votaci\u00f3n (\u00faltima vuelta electoral) si fuere el caso y su  respectiva copia a colores.<br \/>\n<strong>d) <\/strong>Carpeta       manila (sin rayar y doblar).<\/p>\n<p>pilasss mi gente....!!!!!!!<\/p>\n","protected":false},"excerpt":{"rendered":"<p>Para personas por primera vez a dar el examen: a) Solicitud de Admisi\u00f3n \u2013 Gu\u00eda de Admisi\u00f3n ($5.00). Comprar en Oficina de Admisiones el d\u00eda de la inscripci\u00f3n. b) Copia Notarizada del T\u00edtulo o Acta de Grado (previamente refrendada por el Ministerio de Educaci\u00f3n); si el aspirante es a\u00fan estudiante de sexto curso, solicitar al [&hellip;]<\/p>\n","protected":false},"author":5762,"featured_media":0,"parent":0,"menu_order":0,"comment_status":"open","ping_status":"open","template":"","meta":{"footnotes":""},"class_list":["post-12","page","type-page","status-publish","hentry"],"_links":{"self":[{"href":"https:\/\/blog.espol.edu.ec\/aagila\/wp-json\/wp\/v2\/pages\/12","targetHints":{"allow":["GET"]}}],"collection":[{"href":"https:\/\/blog.espol.edu.ec\/aagila\/wp-json\/wp\/v2\/pages"}],"about":[{"href":"https:\/\/blog.espol.edu.ec\/aagila\/wp-json\/wp\/v2\/types\/page"}],"author":[{"embeddable":true,"href":"https:\/\/blog.espol.edu.ec\/aagila\/wp-json\/wp\/v2\/users\/5762"}],"replies":[{"embeddable":true,"href":"https:\/\/blog.espol.edu.ec\/aagila\/wp-json\/wp\/v2\/comments?post=12"}],"version-history":[{"count":2,"href":"https:\/\/blog.espol.edu.ec\/aagila\/wp-json\/wp\/v2\/pages\/12\/revisions"}],"predecessor-version":[{"id":14,"href":"https:\/\/blog.espol.edu.ec\/aagila\/wp-json\/wp\/v2\/pages\/12\/revisions\/14"}],"wp:attachment":[{"href":"https:\/\/blog.espol.edu.ec\/aagila\/wp-json\/wp\/v2\/media?parent=12"}],"curies":[{"name":"wp","href":"https:\/\/api.w.org\/{rel}","templated":true}]}}