{"id":2,"date":"2015-06-09T21:01:49","date_gmt":"2015-06-09T21:01:49","guid":{"rendered":"http:\/\/blog.espol.edu.ec\/aamc\/?page_id=2"},"modified":"2015-07-02T17:18:21","modified_gmt":"2015-07-02T17:18:21","slug":"pagina-ejemplo","status":"publish","type":"page","link":"https:\/\/blog.espol.edu.ec\/aamc\/pagina-ejemplo\/","title":{"rendered":"Runas"},"content":{"rendered":"<p><em><strong><img loading=\"lazy\" decoding=\"async\" class=\"alignnone size-medium wp-image-32\" src=\"http:\/\/blog.espol.edu.ec\/aamc\/files\/2015\/06\/gi-runes-300x169.jpg\" alt=\"gi-runes\" width=\"300\" height=\"169\" srcset=\"https:\/\/blog.espol.edu.ec\/aamc\/files\/2015\/06\/gi-runes-300x169.jpg 300w, https:\/\/blog.espol.edu.ec\/aamc\/files\/2015\/06\/gi-runes.jpg 320w\" sizes=\"auto, (max-width: 300px) 100vw, 300px\" \/><\/strong><\/em><\/p>\n<p><em><strong>Lista de Runas<\/strong><\/em><\/p>\n<p style=\"text-align: center\"><strong>Quintaesencia (nivel 3)<\/strong><\/p>\n<table class=\"table table-bordered\" style=\"height: 1364px\" width=\"615\">\n<tbody>\n<tr id=\"rune-list-5336\">\n<td><\/td>\n<td>Gran Quintaesencia de Da\u00f1o de Ataque Progresivo<\/td>\n<td>Nivel 3<\/td>\n<td>Da\u00f1o f\u00edsico en nivel 18<\/td>\n<td>+0,25 Da\u00f1o de ataque por nivel (+4,5 en el nivel 18 de campe\u00f3n)<\/td>\n<\/tr>\n<tr id=\"rune-list-5337\">\n<td><\/td>\n<td>Gran Quintaesencia de Velocidad de Ataque<\/td>\n<td>Nivel 3<\/td>\n<td>% Velocidad de ataque<\/td>\n<td>+4,5% Velocidad de Ataque<\/td>\n<\/tr>\n<tr id=\"rune-list-5339\">\n<td><\/td>\n<td>Gran Quintaesencia de Da\u00f1o Cr\u00edtico<\/td>\n<td>Nivel 3<\/td>\n<td>Da\u00f1o cr\u00edtico<\/td>\n<td>+4,46% Da\u00f1o cr\u00edtico<\/td>\n<\/tr>\n<tr id=\"rune-list-5341\">\n<td><\/td>\n<td>Gran Quintaesencia de Probabilidad de Impacto Cr\u00edtico<\/td>\n<td>Nivel 3<\/td>\n<td>Probabilidad de cr\u00edtico<\/td>\n<td>+1,86% Probabilidad de impacto cr\u00edtico<\/td>\n<\/tr>\n<tr id=\"rune-list-5343\">\n<td><\/td>\n<td>Gran Quintaesencia de Penetraci\u00f3n de Armadura<\/td>\n<td>Nivel 3<\/td>\n<td>Pen. armadura<\/td>\n<td>+2,56 Penetraci\u00f3n de armadura<\/td>\n<\/tr>\n<tr id=\"rune-list-5345\">\n<td><\/td>\n<td>Gran Quintaesencia de Vida<\/td>\n<td>Nivel 3<\/td>\n<td>Vida<\/td>\n<td>+26 Vida<\/td>\n<\/tr>\n<tr id=\"rune-list-5346\">\n<td><\/td>\n<td>Gran Quintaesencia de Vida Progresiva<\/td>\n<td>Nivel 3<\/td>\n<td>Vida en nivel 18<\/td>\n<td>+2,7 Vida por nivel (+48,6 en el nivel 18 de campe\u00f3n)<\/td>\n<\/tr>\n<tr id=\"rune-list-5347\">\n<td><\/td>\n<td>Gran Quintaesencia de Armadura<\/td>\n<td>Nivel 3<\/td>\n<td>Armadura<\/td>\n<td>+4,26 Armadura<\/td>\n<\/tr>\n<tr id=\"rune-list-5348\">\n<td><\/td>\n<td>Gran Quintaesencia de Armadura Progresiva<\/td>\n<td>Nivel 3<\/td>\n<td>Armadura en nivel 18<\/td>\n<td>+0,38 Armadura por nivel (+6,84 en el nivel 18 de campe\u00f3n)<\/td>\n<\/tr>\n<tr id=\"rune-list-5349\">\n<td><\/td>\n<td>Gran Quintaesencia de Resistencia M\u00e1gica<\/td>\n<td>Nivel 3<\/td>\n<td>Resistencia m\u00e1gica<\/td>\n<td>+4 Resistencia m\u00e1gica<\/td>\n<\/tr>\n<tr id=\"rune-list-5350\">\n<td><\/td>\n<td>Gran Quintaesencia de Resistencia M\u00e1gica Progresiva<\/td>\n<td>Nivel 3<\/td>\n<td>Resistencia m\u00e1gica en nivel 18<\/td>\n<td>+0,37 Resistencia m\u00e1gica por nivel (+6,66 en el nivel 18 de campe\u00f3n)<\/td>\n<\/tr>\n<tr id=\"rune-list-5351\">\n<td><\/td>\n<td>Gran Quintaesencia de Regeneraci\u00f3n de Vida<\/td>\n<td>Nivel 3<\/td>\n<td>Regeneraci\u00f3n de vida cada 5<\/td>\n<td>+2,7 Regeneraci\u00f3n de vida cada 5 s<\/td>\n<\/tr>\n<tr id=\"rune-list-5352\">\n<td><\/td>\n<td>Gran Quintaesencia de Regeneraci\u00f3n de Vida Progresiva<\/td>\n<td>Nivel 3<\/td>\n<td>Regeneraci\u00f3n de vida cada 5 en nivel 18<\/td>\n<td>+0,28 Regeneraci\u00f3n de vida cada 5 s por nivel (+5,04 en el nivel 18 de campe\u00f3n)<\/td>\n<\/tr>\n<tr id=\"rune-list-5355\">\n<td><\/td>\n<td>Gran Quintaesencia de Reducci\u00f3n de Enfriamiento<\/td>\n<td>Nivel 3<\/td>\n<td>% Enfriamiento<\/td>\n<td>-2,5% enfriamientos<\/td>\n<\/tr>\n<tr id=\"rune-list-5356\">\n<td><\/td>\n<td>Gran Quintaesencia de Reducci\u00f3n de Enfriamiento Progresiva<\/td>\n<td>Nivel 3<\/td>\n<td>% Enfriamiento en nivel 18<\/td>\n<td>-0,28% enfriamientos por nivel (-5% en el nivel 18 de campe\u00f3n)<\/td>\n<\/tr>\n<tr id=\"rune-list-5357\">\n<td><\/td>\n<td>Gran Quintaesencia de Poder de Habilidad<\/td>\n<td>Nivel 3<\/td>\n<td>Poder de habilidad<\/td>\n<td>+4,95 Poder de habilidad<\/td>\n<\/tr>\n<tr id=\"rune-list-5358\">\n<td><\/td>\n<td>Gran Quintaesencia de Poder de Habilidad Progresivo<\/td>\n<td>Nivel 3<\/td>\n<td>Poder de habilidad en nivel 18<\/td>\n<td>+0,43 Poder de habilidad por nivel (+7,74 en el nivel 18 de campe\u00f3n)<\/td>\n<\/tr>\n<tr id=\"rune-list-5359\">\n<td><\/td>\n<td>Gran Quintaesencia de Man\u00e1<\/td>\n<td>Nivel 3<\/td>\n<td>Man\u00e1<\/td>\n<td>+37,5 Man\u00e1<\/td>\n<\/tr>\n<tr id=\"rune-list-5360\">\n<td><\/td>\n<td>Gran Quintaesencia de Man\u00e1 Progresivo<\/td>\n<td>Nivel 3<\/td>\n<td>Man\u00e1 en nivel 18<\/td>\n<td>+4,17 Man\u00e1 por nivel (+75,06 en el nivel 18 de campe\u00f3n)<\/td>\n<\/tr>\n<tr id=\"rune-list-5361\">\n<td><\/td>\n<td>Gran Quintaesencia de Regeneraci\u00f3n de Man\u00e1<\/td>\n<td>Nivel 3<\/td>\n<td>Regen. de man\u00e1 cada 5<\/td>\n<td>+1,25 Regeneraci\u00f3n de man\u00e1 cada 5 s<\/td>\n<\/tr>\n<tr id=\"rune-list-5362\">\n<td><\/td>\n<td>Gran Quintaesencia de Regeneraci\u00f3n de Man\u00e1 Progresiva<\/td>\n<td>Nivel 3<\/td>\n<td>Regeneraci\u00f3n de man\u00e1 en nivel 18<\/td>\n<td>+0,24 Regeneraci\u00f3n de man\u00e1 cada 5 s por nivel (+4,32 en el nivel 18 de campe\u00f3n)<\/td>\n<\/tr>\n<tr id=\"rune-list-5363\">\n<td><\/td>\n<td>Gran Quintaesencia de Penetraci\u00f3n M\u00e1gica<\/td>\n<td>Nivel 3<\/td>\n<td>Pen. m\u00e1gica<\/td>\n<td>+2,01 Penetraci\u00f3n m\u00e1gica<\/td>\n<\/tr>\n<tr id=\"rune-list-5365\">\n<td><\/td>\n<td>Gran Quintaesencia de Velocidad de Movimiento<\/td>\n<td>Nivel 3<\/td>\n<td>% Velocidad de movimiento<\/td>\n<td>+1,5% Velocidad de movimiento<\/td>\n<\/tr>\n<tr id=\"rune-list-5366\">\n<td><\/td>\n<td>Gran Quintaesencia de Resurrecci\u00f3n<\/td>\n<td>Nivel 3<\/td>\n<td>% Tiempo muerto<\/td>\n<td>-5% Tiempo muerto<\/td>\n<\/tr>\n<tr id=\"rune-list-5367\">\n<td><\/td>\n<td>Gran Quintaesencia de Oro<\/td>\n<td>Nivel 3<\/td>\n<td>Oro cada 10<\/td>\n<td>+1 Oro cada 10 segundos<\/td>\n<\/tr>\n<tr id=\"rune-list-5368\">\n<td><\/td>\n<td>Gran Quintaesencia de Experiencia<\/td>\n<td>Nivel 3<\/td>\n<td>% Exp. adicional<\/td>\n<td>+2% Experiencia<\/td>\n<\/tr>\n<tr id=\"rune-list-5373\">\n<td><\/td>\n<td>Gran Quintaesencia de Regeneraci\u00f3n de Energ\u00eda<\/td>\n<td>Nivel 3<\/td>\n<td>Regeneraci\u00f3n de energ\u00eda cada 5<\/td>\n<td>+1,575 Regeneraci\u00f3n de energ\u00eda cada 5 s<\/td>\n<\/tr>\n<tr id=\"rune-list-5374\">\n<td><\/td>\n<td>Gran Quintaesencia de Energ\u00eda<\/td>\n<td>Nivel 3<\/td>\n<td>Energ\u00eda<\/td>\n<td>+5,4 Energ\u00eda<\/td>\n<\/tr>\n<\/tbody>\n<\/table>\n<p style=\"text-align: center\"><strong>Glifo(nivel 3)<\/strong><\/p>\n<table class=\"table table-bordered\" style=\"height: 911px\" width=\"619\">\n<tbody>\n<tr id=\"rune-list-5275\">\n<td><\/td>\n<td><\/td>\n<td><\/td>\n<td><\/td>\n<\/tr>\n<tr id=\"rune-list-5276\">\n<td><\/td>\n<td>Gran Glifo de Da\u00f1o de Ataque Progresivo<\/td>\n<td>Nivel 3<\/td>\n<td>Da\u00f1o f\u00edsico en nivel 18<\/td>\n<td>+0,04 Da\u00f1o de ataque por nivel (+0,73 en el nivel 18 de campe\u00f3n)<\/td>\n<\/tr>\n<tr id=\"rune-list-5277\">\n<td><\/td>\n<td>Gran Glifo de Velocidad de Ataque<\/td>\n<td>Nivel 3<\/td>\n<td>% Velocidad de ataque<\/td>\n<td>+0,64% Velocidad de ataque<\/td>\n<\/tr>\n<tr id=\"rune-list-5279\">\n<td><\/td>\n<td>Gran Glifo de Da\u00f1o Cr\u00edtico<\/td>\n<td>Nivel 3<\/td>\n<td>Da\u00f1o cr\u00edtico<\/td>\n<td>+0,56% Da\u00f1o cr\u00edtico<\/td>\n<\/tr>\n<tr id=\"rune-list-5281\">\n<td><\/td>\n<td>Gran Glifo de Probabilidad de Impacto Cr\u00edtico<\/td>\n<td>Nivel 3<\/td>\n<td>Probabilidad de cr\u00edtico<\/td>\n<td>+0,28% Probabilidad de impacto cr\u00edtico<\/td>\n<\/tr>\n<tr id=\"rune-list-5285\">\n<td><\/td>\n<td>Gran Glifo de Vida<\/td>\n<td>Nivel 3<\/td>\n<td>Vida<\/td>\n<td>+2,67 Vida<\/td>\n<\/tr>\n<tr id=\"rune-list-5286\">\n<td><\/td>\n<td>Gran Glifo de Vida Progresiva<\/td>\n<td>Nivel 3<\/td>\n<td>Vida en nivel 18<\/td>\n<td>+0,54 Vida por nivel (+9,72 en el nivel 18 de campe\u00f3n)<\/td>\n<\/tr>\n<tr id=\"rune-list-5287\">\n<td><\/td>\n<td>Gran Glifo de Armadura<\/td>\n<td>Nivel 3<\/td>\n<td>Armadura<\/td>\n<td>+0,7 Armadura<\/td>\n<\/tr>\n<tr id=\"rune-list-5289\">\n<td><\/td>\n<td>Gran Glifo de Resistencia M\u00e1gica<\/td>\n<td>Nivel 3<\/td>\n<td>Resistencia m\u00e1gica<\/td>\n<td>+1,34 Resistencia m\u00e1gica<\/td>\n<\/tr>\n<tr id=\"rune-list-5290\">\n<td><\/td>\n<td>Gran Glifo de Resistencia M\u00e1gica Progresiva<\/td>\n<td>Nivel 3<\/td>\n<td>Resistencia m\u00e1gica en nivel 18<\/td>\n<td>+0,16 Resistencia M\u00e1gica por nivel (+3 en el nivel 18 de campe\u00f3n)<\/td>\n<\/tr>\n<tr id=\"rune-list-5291\">\n<td><\/td>\n<td>Gran Glifo de Regeneraci\u00f3n de Vida<\/td>\n<td>Nivel 3<\/td>\n<td>Regeneraci\u00f3n de vida cada 5<\/td>\n<td>+0,27 Regeneraci\u00f3n de vida cada 5 s<\/td>\n<\/tr>\n<tr id=\"rune-list-5295\">\n<td><\/td>\n<td>Gran Glifo de Reducci\u00f3n de Enfriamiento<\/td>\n<td>Nivel 3<\/td>\n<td>% Enfriamiento<\/td>\n<td>-0,83% Enfriamientos<\/td>\n<\/tr>\n<tr id=\"rune-list-5296\">\n<td><\/td>\n<td>Gran Glifo de Reducci\u00f3n de Enfriamiento Progresiva<\/td>\n<td>Nivel 3<\/td>\n<td>% Enfriamiento en nivel 18<\/td>\n<td>-0,09% enfriamientos por nivel (-1,67% en el nivel 18 de campe\u00f3n)<\/td>\n<\/tr>\n<tr id=\"rune-list-5297\">\n<td><\/td>\n<td>Gran Glifo de Poder de Habilidad<\/td>\n<td>Nivel 3<\/td>\n<td>Poder de habilidad<\/td>\n<td>+1,19 Poder de habilidad<\/td>\n<\/tr>\n<tr id=\"rune-list-5298\">\n<td><\/td>\n<td>Gran Glifo de Poder de Habilidad Progresivo<\/td>\n<td>Nivel 3<\/td>\n<td>Poder de habilidad en nivel 18<\/td>\n<td>+0,17 Poder de habilidad por nivel (+3,06 en el nivel 18 de campe\u00f3n)<\/td>\n<\/tr>\n<tr id=\"rune-list-5299\">\n<td><\/td>\n<td>Gran Glifo de Man\u00e1<\/td>\n<td>Nivel 3<\/td>\n<td>Man\u00e1<\/td>\n<td>+11,25 Man\u00e1<\/td>\n<\/tr>\n<tr id=\"rune-list-5300\">\n<td><\/td>\n<td>Gran Glifo de Man\u00e1 Progresivo<\/td>\n<td>Nivel 3<\/td>\n<td>Man\u00e1 en nivel 18<\/td>\n<td>+1,42 Man\u00e1 por nivel (+25,56 en el nivel 18 de campe\u00f3n)<\/td>\n<\/tr>\n<tr id=\"rune-list-5301\">\n<td><\/td>\n<td>Gran Glifo de Regeneraci\u00f3n de Man\u00e1<\/td>\n<td>Nivel 3<\/td>\n<td>Regen. de man\u00e1 cada 5<\/td>\n<td>+0,33 Regeneraci\u00f3n de Man\u00e1 cada 5 segundos<\/td>\n<\/tr>\n<tr id=\"rune-list-5302\">\n<td><\/td>\n<td>Gran Glifo de Regeneraci\u00f3n de Man\u00e1 Progresiva<\/td>\n<td>Nivel 3<\/td>\n<td>Regeneraci\u00f3n de man\u00e1 en nivel 18<\/td>\n<td>+0,06 Regeneraci\u00f3n de man\u00e1 cada 5 segundos por nivel (+1,2 en el nivel 18 de campe\u00f3n)<\/td>\n<\/tr>\n<tr id=\"rune-list-5303\">\n<td><\/td>\n<td>Gran Glifo de Penetraci\u00f3n M\u00e1gica<\/td>\n<td>Nivel 3<\/td>\n<td>Pen. m\u00e1gica<\/td>\n<td>+0,63 Penetraci\u00f3n m\u00e1gica<\/td>\n<\/tr>\n<tr id=\"rune-list-5371\">\n<td><\/td>\n<td>Gran Glifo de Energ\u00eda<\/td>\n<td>Nivel 3<\/td>\n<td>Energ\u00eda<\/td>\n<td>+2,2 Energ\u00eda<\/td>\n<\/tr>\n<tr id=\"rune-list-5372\">\n<td><\/td>\n<td>Gran Glifo de Energ\u00eda Progresiva<\/td>\n<td>Nivel 3<\/td>\n<td>Energ\u00eda en nivel 18<\/td>\n<td>+0,161 Energ\u00eda cada nivel (+2,89 en el nivel 18)<\/td>\n<\/tr>\n<\/tbody>\n<\/table>\n<p style=\"text-align: center\"><strong>Marca (nivel 3)<\/strong><\/p>\n<table class=\"table table-bordered\">\n<tbody>\n<tr id=\"rune-list-5151\">\n<td><\/td>\n<td><\/td>\n<td><\/td>\n<td><\/td>\n<\/tr>\n<tr id=\"rune-list-5245\">\n<td><\/td>\n<td>Gran Marca de Da\u00f1o de Ataque<\/td>\n<td>Nivel 3<\/td>\n<td>Da\u00f1o f\u00edsico<\/td>\n<td>+0,95 Da\u00f1o de ataque<\/td>\n<\/tr>\n<tr id=\"rune-list-5246\">\n<td><\/td>\n<td>Gran Marca de Da\u00f1o de Ataque Progresivo<\/td>\n<td>Nivel 3<\/td>\n<td>Da\u00f1o f\u00edsico en nivel 18<\/td>\n<td>+0,13 Da\u00f1o de ataque por nivel (+2,43 en el nivel 18 de campe\u00f3n)<\/td>\n<\/tr>\n<tr id=\"rune-list-5247\">\n<td><\/td>\n<td>Gran Marca de Velocidad de Ataque<\/td>\n<td>Nivel 3<\/td>\n<td>% Velocidad de ataque<\/td>\n<td>+1,7% Velocidad de ataque<\/td>\n<\/tr>\n<tr id=\"rune-list-5249\">\n<td><\/td>\n<td>Gran Marca de Da\u00f1o Cr\u00edtico<\/td>\n<td>Nivel 3<\/td>\n<td>Da\u00f1o cr\u00edtico<\/td>\n<td>+2,23% Da\u00f1o cr\u00edtico<\/td>\n<\/tr>\n<tr id=\"rune-list-5251\">\n<td><\/td>\n<td>Gran Marca de Probabilidad de Impacto Cr\u00edtico<\/td>\n<td>Nivel 3<\/td>\n<td>Probabilidad de cr\u00edtico<\/td>\n<td>+0,93% Probabilidad de impacto cr\u00edtico<\/td>\n<\/tr>\n<tr id=\"rune-list-5253\">\n<td><\/td>\n<td>Gran Marca de Penetraci\u00f3n de Armadura<\/td>\n<td>Nivel 3<\/td>\n<td>Pen. armadura<\/td>\n<td>+1,28 Penetraci\u00f3n de armadura<\/td>\n<\/tr>\n<tr id=\"rune-list-5255\">\n<td><\/td>\n<td>Gran Marca de Vida<\/td>\n<td>Nivel 3<\/td>\n<td>Vida<\/td>\n<td>+3,47 Vida<\/td>\n<\/tr>\n<tr id=\"rune-list-5256\">\n<td><\/td>\n<td>Gran Marca de Vida Progresiva<\/td>\n<td>Nivel 3<\/td>\n<td>Vida en nivel 18<\/td>\n<td>+0,54 Vida por nivel (+9,72 en el nivel 18 de campe\u00f3n)<\/td>\n<\/tr>\n<tr id=\"rune-list-5257\">\n<td><\/td>\n<td>Gran Marca de Armadura<\/td>\n<td>Nivel 3<\/td>\n<td>Armadura<\/td>\n<td>+0,91 Armadura<\/td>\n<\/tr>\n<tr id=\"rune-list-5259\">\n<td><\/td>\n<td>Gran Marca de Resistencia M\u00e1gica<\/td>\n<td>Nivel 3<\/td>\n<td>Resistencia m\u00e1gica<\/td>\n<td>+0,77 Resistencia m\u00e1gica<\/td>\n<\/tr>\n<tr id=\"rune-list-5260\">\n<td><\/td>\n<td>Gran Marca de Resistencia M\u00e1gica Progresiva<\/td>\n<td>Nivel 3<\/td>\n<td>Resistencia m\u00e1gica en nivel 18<\/td>\n<td>+0,07 Resistencia m\u00e1gica por nivel (+1,26 en el nivel 18 de campe\u00f3n)<\/td>\n<\/tr>\n<tr id=\"rune-list-5265\">\n<td><\/td>\n<td>Gran Marca de Reducci\u00f3n de Enfriamiento<\/td>\n<td>Nivel 3<\/td>\n<td>% Enfriamiento<\/td>\n<td>-0,2% Enfriamientos<\/td>\n<\/tr>\n<tr id=\"rune-list-5267\">\n<td><\/td>\n<td>Gran Marca de Poder de Habilidad<\/td>\n<td>Nivel 3<\/td>\n<td>Poder de habilidad<\/td>\n<td>+0,59 Poder de habilidad<\/td>\n<\/tr>\n<tr id=\"rune-list-5268\">\n<td><\/td>\n<td>Gran Marca de Poder de Habilidad Progresivo<\/td>\n<td>Nivel 3<\/td>\n<td>Poder de habilidad en nivel 18<\/td>\n<td>+0,1 Poder de habilidad por nivel (+1,8 en el nivel 18 de campe\u00f3n)<\/td>\n<\/tr>\n<tr id=\"rune-list-5269\">\n<td><\/td>\n<td>Gran Marca de Man\u00e1<\/td>\n<td>Nivel 3<\/td>\n<td>Man\u00e1<\/td>\n<td>+5,91 Man\u00e1<\/td>\n<\/tr>\n<tr id=\"rune-list-5270\">\n<td><\/td>\n<td>Gran Marca de Man\u00e1 Progresivo<\/td>\n<td>Nivel 3<\/td>\n<td>Man\u00e1 en nivel 18<\/td>\n<td>+1,17 Man\u00e1 por nivel (+21,06 en el nivel 18 de campe\u00f3n)<\/td>\n<\/tr>\n<tr id=\"rune-list-5271\">\n<td><\/td>\n<td>Gran Marca de Regeneraci\u00f3n de Man\u00e1<\/td>\n<td>Nivel 3<\/td>\n<td>Regen. de man\u00e1 cada 5<\/td>\n<td>+0,26 Regeneraci\u00f3n de man\u00e1 cada 5 s<\/td>\n<\/tr>\n<tr id=\"rune-list-5273\">\n<td><\/td>\n<td>Gran Marca de Penetraci\u00f3n M\u00e1gica<\/td>\n<td>Nivel 3<\/td>\n<td>Pen. m\u00e1gica<\/td>\n<td>+0,87 Penetraci\u00f3n m\u00e1gica<\/td>\n<\/tr>\n<\/tbody>\n<\/table>\n<p style=\"text-align: center\"><strong>Sello (nivel 3)<\/strong><\/p>\n<table class=\"table table-bordered\">\n<tbody>\n<tr id=\"rune-list-5210\">\n<td><\/td>\n<td><\/td>\n<td><\/td>\n<td><\/td>\n<\/tr>\n<tr id=\"rune-list-5305\">\n<td><\/td>\n<td>Gran Sello de Da\u00f1o de Ataque<\/td>\n<td>Nivel 3<\/td>\n<td>Da\u00f1o f\u00edsico<\/td>\n<td>+0,43 Da\u00f1o de ataque<\/td>\n<\/tr>\n<tr id=\"rune-list-5306\">\n<td><\/td>\n<td>Gran Sello de Da\u00f1o de Ataque Progresivo<\/td>\n<td>Nivel 3<\/td>\n<td>Da\u00f1o f\u00edsico en nivel 18<\/td>\n<td>+0,06 Da\u00f1o de ataque por nivel (+1,09 en el nivel 18 de campe\u00f3n)<\/td>\n<\/tr>\n<tr id=\"rune-list-5307\">\n<td><\/td>\n<td>Gran Sello de Velocidad de Ataque<\/td>\n<td>Nivel 3<\/td>\n<td>% Velocidad de ataque<\/td>\n<td>+0,76% Velocidad de ataque<\/td>\n<\/tr>\n<tr id=\"rune-list-5309\">\n<td><\/td>\n<td>Gran Sello de Da\u00f1o Cr\u00edtico<\/td>\n<td>Nivel 3<\/td>\n<td>Da\u00f1o cr\u00edtico<\/td>\n<td>+0,78% Da\u00f1o cr\u00edtico<\/td>\n<\/tr>\n<tr id=\"rune-list-5311\">\n<td><\/td>\n<td>Gran Sello de Probabilidad de Impacto Cr\u00edtico<\/td>\n<td>Nivel 3<\/td>\n<td>Probabilidad de cr\u00edtico<\/td>\n<td>+0,42% Probabilidad de impacto cr\u00edtico<\/td>\n<\/tr>\n<tr id=\"rune-list-5315\">\n<td><\/td>\n<td>Gran Sello de Vida<\/td>\n<td>Nivel 3<\/td>\n<td>Vida<\/td>\n<td>+8 Vida<\/td>\n<\/tr>\n<tr id=\"rune-list-5316\">\n<td><\/td>\n<td>Gran Sello de Vida Progresiva<\/td>\n<td>Nivel 3<\/td>\n<td>Vida en nivel 18<\/td>\n<td>+1,33 Vida por nivel (+24 en el nivel 18 de campe\u00f3n)<\/td>\n<\/tr>\n<tr id=\"rune-list-5317\">\n<td><\/td>\n<td>Gran Sello de Armadura<\/td>\n<td>Nivel 3<\/td>\n<td>Armadura<\/td>\n<td>+1 Armadura<\/td>\n<\/tr>\n<tr id=\"rune-list-5318\">\n<td><\/td>\n<td>Gran Sello de Armadura Progresiva<\/td>\n<td>Nivel 3<\/td>\n<td>Armadura en nivel 18<\/td>\n<td>+0,16 Armadura por nivel (+3 en el nivel 18 de campe\u00f3n)<\/td>\n<\/tr>\n<tr id=\"rune-list-5319\">\n<td><\/td>\n<td>Gran Sello de Resistencia M\u00e1gica<\/td>\n<td>Nivel 3<\/td>\n<td>Resistencia m\u00e1gica<\/td>\n<td>+0,74 Resistencia m\u00e1gica<\/td>\n<\/tr>\n<tr id=\"rune-list-5320\">\n<td><\/td>\n<td>Gran Sello de Resistencia M\u00e1gica Progresiva<\/td>\n<td>Nivel 3<\/td>\n<td>Resistencia m\u00e1gica en nivel 18<\/td>\n<td>+0,1 Resistencia m\u00e1gica por nivel (+1,8 en el nivel 18 de campe\u00f3n)<\/td>\n<\/tr>\n<tr id=\"rune-list-5321\">\n<td><\/td>\n<td>Gran Sello de Regeneraci\u00f3n de Vida<\/td>\n<td>Nivel 3<\/td>\n<td>Regeneraci\u00f3n de vida cada 5<\/td>\n<td>+0,56 Regeneraci\u00f3n de Vida cada 5 segundos<\/td>\n<\/tr>\n<tr id=\"rune-list-5322\">\n<td><\/td>\n<td>Gran Sello de Regeneraci\u00f3n de Vida Progresiva<\/td>\n<td>Nivel 3<\/td>\n<td>Regeneraci\u00f3n de vida cada 5 en nivel 18<\/td>\n<td>+0,11 Regeneraci\u00f3n de vida cada 5 s por nivel (+1,98 en el nivel 18 de campe\u00f3n)<\/td>\n<\/tr>\n<tr id=\"rune-list-5325\">\n<td><\/td>\n<td>Gran Sello de Reducci\u00f3n de Enfriamiento<\/td>\n<td>Nivel 3<\/td>\n<td>% Enfriamiento<\/td>\n<td>-0,36% Enfriamientos<\/td>\n<\/tr>\n<tr id=\"rune-list-5327\">\n<td><\/td>\n<td>Gran Sello de Poder de Habilidad<\/td>\n<td>Nivel 3<\/td>\n<td>Poder de habilidad<\/td>\n<td>+0,59 Poder de habilidad<\/td>\n<\/tr>\n<tr id=\"rune-list-5328\">\n<td><\/td>\n<td>Gran Sello de Poder de Habilidad Progresivo<\/td>\n<td>Nivel 3<\/td>\n<td>Poder de habilidad en nivel 18<\/td>\n<td>+0,1 Poder de habilidad por nivel (+1,8 en el nivel 18 de campe\u00f3n)<\/td>\n<\/tr>\n<tr id=\"rune-list-5329\">\n<td><\/td>\n<td>Gran Sello de Man\u00e1<\/td>\n<td>Nivel 3<\/td>\n<td>Man\u00e1<\/td>\n<td>+6,89 Man\u00e1<\/td>\n<\/tr>\n<tr id=\"rune-list-5330\">\n<td><\/td>\n<td>Gran Sello de Man\u00e1 Progresivo<\/td>\n<td>Nivel 3<\/td>\n<td>Man\u00e1 en nivel 18<\/td>\n<td>+1,17 Man\u00e1 por nivel (+21,06 en el nivel 18 de campe\u00f3n)<\/td>\n<\/tr>\n<tr id=\"rune-list-5331\">\n<td><\/td>\n<td>Gran Sello de Regeneraci\u00f3n de Man\u00e1<\/td>\n<td>Nivel 3<\/td>\n<td>Regen. de man\u00e1 cada 5<\/td>\n<td>+0,41 Regeneraci\u00f3n de man\u00e1 cada 5 s<\/td>\n<\/tr>\n<tr id=\"rune-list-5332\">\n<td><\/td>\n<td>Gran Sello de Regeneraci\u00f3n de Man\u00e1 Progresiva<\/td>\n<td>Nivel 3<\/td>\n<td>Regeneraci\u00f3n de man\u00e1 en nivel 18<\/td>\n<td>+0,065 Regeneraci\u00f3n de man\u00e1 cada 5 s por nivel (+1,17 en el nivel 18 de campe\u00f3n)<\/td>\n<\/tr>\n<tr id=\"rune-list-5369\">\n<td><\/td>\n<td>Gran Sello de Regeneraci\u00f3n de Energ\u00eda<\/td>\n<td>Nivel 3<\/td>\n<td>Regeneraci\u00f3n de energ\u00eda cada 5<\/td>\n<td>+0,63 Regeneraci\u00f3n de energ\u00eda cada 5 s<\/td>\n<\/tr>\n<tr id=\"rune-list-5370\">\n<td><\/td>\n<td>Gran Sello de Regeneraci\u00f3n de Energ\u00eda Progresiva<\/td>\n<td>Nivel 3<\/td>\n<td>Regeneraci\u00f3n de energ\u00eda cada 5 en nivel 18<\/td>\n<td>+0,064 Regeneraci\u00f3n de energ\u00eda cada 5 s por nivel (+1,15 en el nivel 18 de campe\u00f3n)<\/td>\n<\/tr>\n<tr id=\"rune-list-5403\">\n<td><\/td>\n<td>Gran Sello de Oro<\/td>\n<td>Nivel 3<\/td>\n<td>Oro cada 10<\/td>\n<td>+0,25 Oro cada 10 segundos<\/td>\n<\/tr>\n<\/tbody>\n<\/table>\n","protected":false},"excerpt":{"rendered":"<p>Lista de Runas Quintaesencia (nivel 3) Gran Quintaesencia de Da\u00f1o de Ataque Progresivo Nivel 3 Da\u00f1o f\u00edsico en nivel 18 +0,25 Da\u00f1o de ataque por nivel (+4,5 en el nivel 18 de campe\u00f3n) Gran Quintaesencia de Velocidad de Ataque Nivel 3 % Velocidad de ataque +4,5% Velocidad de Ataque Gran Quintaesencia de Da\u00f1o Cr\u00edtico Nivel &hellip; <\/p>\n<p><a class=\"more-link btn\" href=\"https:\/\/blog.espol.edu.ec\/aamc\/pagina-ejemplo\/\">Seguir leyendo<\/a><\/p>\n","protected":false},"author":9762,"featured_media":0,"parent":0,"menu_order":0,"comment_status":"open","ping_status":"open","template":"","meta":{"footnotes":""},"class_list":["post-2","page","type-page","status-publish","hentry","nodate","item-wrap"],"_links":{"self":[{"href":"https:\/\/blog.espol.edu.ec\/aamc\/wp-json\/wp\/v2\/pages\/2","targetHints":{"allow":["GET"]}}],"collection":[{"href":"https:\/\/blog.espol.edu.ec\/aamc\/wp-json\/wp\/v2\/pages"}],"about":[{"href":"https:\/\/blog.espol.edu.ec\/aamc\/wp-json\/wp\/v2\/types\/page"}],"author":[{"embeddable":true,"href":"https:\/\/blog.espol.edu.ec\/aamc\/wp-json\/wp\/v2\/users\/9762"}],"replies":[{"embeddable":true,"href":"https:\/\/blog.espol.edu.ec\/aamc\/wp-json\/wp\/v2\/comments?post=2"}],"version-history":[{"count":6,"href":"https:\/\/blog.espol.edu.ec\/aamc\/wp-json\/wp\/v2\/pages\/2\/revisions"}],"predecessor-version":[{"id":73,"href":"https:\/\/blog.espol.edu.ec\/aamc\/wp-json\/wp\/v2\/pages\/2\/revisions\/73"}],"wp:attachment":[{"href":"https:\/\/blog.espol.edu.ec\/aamc\/wp-json\/wp\/v2\/media?parent=2"}],"curies":[{"name":"wp","href":"https:\/\/api.w.org\/{rel}","templated":true}]}}