{"id":11,"date":"2016-11-07T21:22:35","date_gmt":"2016-11-07T21:22:35","guid":{"rendered":"http:\/\/blog.espol.edu.ec\/aamolina\/?page_id=11"},"modified":"2016-11-07T21:22:35","modified_gmt":"2016-11-07T21:22:35","slug":"economistas-socialistas","status":"publish","type":"page","link":"https:\/\/blog.espol.edu.ec\/aamolina\/economistas-socialistas\/","title":{"rendered":"Economistas Socialistas"},"content":{"rendered":"<h1>John Stuart Mill<\/h1>\n<p>&nbsp;<\/p>\n<p>(Londres, 1806 - Avi\u00f1\u00f3n, Francia, 1873) Economista, l\u00f3gico y fil\u00f3sofo brit\u00e1nico. Hijo del tambi\u00e9n economista James Mill, fue educado de forma exclusiva por \u00e9ste seg\u00fan los estrictos principios del <i>Emilio<\/i> de Rousseau. Dotado de una inteligencia extraordinaria, a los diez a\u00f1os estaba versado en griego y lat\u00edn y pose\u00eda un exhaustivo conocimiento de los cl\u00e1sicos. A los trece a\u00f1os su padre le introdujo en los principios de la l\u00f3gica y de la econom\u00eda pol\u00edtica, centr\u00e1ndose en este \u00e1mbito en la obra de Adam Smith y David Ricardo.<\/p>\n<p>En 1823 ingres\u00f3 en la Compa\u00f1\u00eda de las Indias Orientales, donde llegar\u00eda a ocupar el cargo de jefe de la Oficina para las Relaciones con los Estados Indios. Activo pol\u00edticamente en defensa de la causa abolicionista durante la guerra civil estadounidense, desde 1865 y durante tres a\u00f1os ocup\u00f3 un esca\u00f1o en la C\u00e1mara de los Comunes, donde ser\u00eda objeto constante de pol\u00e9mica a causa de su decidido apoyo a las medidas a favor de las clases menos privilegiadas y de la igualdad de derechos para la mujer.<\/p>\n<p>&nbsp;<\/p>\n<p><img loading=\"lazy\" decoding=\"async\" width=\"300\" height=\"252\" class=\"alignnone size-medium wp-image-13\" src=\"http:\/\/blog.espol.edu.ec\/aamolina\/files\/2016\/11\/mill-300x252.jpg\" alt=\"mill\" srcset=\"https:\/\/blog.espol.edu.ec\/aamolina\/files\/2016\/11\/mill-300x252.jpg 300w, https:\/\/blog.espol.edu.ec\/aamolina\/files\/2016\/11\/mill.jpg 340w\" sizes=\"auto, (max-width: 300px) 100vw, 300px\" \/><\/p>\n<p>&nbsp;<\/p>\n<h1>Oskar Lange<\/h1>\n<p>&nbsp;<\/p>\n<p>(Oskar u Oscar Lange; Tomasz\u00f3w, 1904 - Londres, 1965) Economista y pol\u00edtico polaco. Autor de numerosos ensayos y tratados en los que cuestion\u00f3 el capitalismo y la teor\u00eda del bienestar, est\u00e1 considerado como uno de los m\u00e1ximos exponentes del socialismo marxista aplicado al an\u00e1lisis econ\u00f3mico.<\/p>\n<p>Tras cursar estudios superiores de Econom\u00eda en las universidades polacas de Pozna\u00e2 y Cracovia, obtuvo su doctorado en dicha materia en 1928 y comenz\u00f3 a ejercer la docencia como profesor de Ciencias Econ\u00f3micas, ocupaci\u00f3n en la que se mantuvo durante casi un lustro. Hacia mediados de la d\u00e9cada de los a\u00f1os treinta, las desavenencias pol\u00edticas que sosten\u00eda con las m\u00e1s destacadas autoridades de su pa\u00eds natal le obligaron a tomar el camino del exilio e instalarse en los Estados Unidos de Am\u00e9rica, donde, ya reconocido como una eminencia en su disciplina acad\u00e9mica, se le permiti\u00f3 seguir ejerciendo la docencia como profesor universitario en Michigan, California y Standford.<\/p>\n<p>&nbsp;<\/p>\n<p><img loading=\"lazy\" decoding=\"async\" width=\"300\" height=\"294\" class=\"alignnone size-medium wp-image-14\" src=\"http:\/\/blog.espol.edu.ec\/aamolina\/files\/2016\/11\/lange_oskar-300x294.jpg\" alt=\"lange_oskar\" srcset=\"https:\/\/blog.espol.edu.ec\/aamolina\/files\/2016\/11\/lange_oskar-300x294.jpg 300w, https:\/\/blog.espol.edu.ec\/aamolina\/files\/2016\/11\/lange_oskar.jpg 340w\" sizes=\"auto, (max-width: 300px) 100vw, 300px\" \/><\/p>\n<p>&nbsp;<\/p>\n<h1>Otto Bauer<\/h1>\n<p>&nbsp;<\/p>\n<p class=\"biog\">Pol\u00edtico austriaco (Viena, 1881 - Par\u00eds, 1938). Militante socialista desde 1905, es considerado uno de los m\u00e1ximos exponentes del \u00abaustromarxismo\u00bb: una corriente del socialismo que, atenta a las graves tensiones nacionalistas del Imperio Austro-H\u00fangaro, integraba en la doctrina de Marx y de Engels el derecho de autodeterminaci\u00f3n de los pueblos. En consecuencia propon\u00eda convertir el Imperio en una federaci\u00f3n de nacionalidades; pero las dificultades del proyecto le llevaron a propugnar desde 1913 la uni\u00f3n de la parte germanohablante de Austria con Alemania. Atacado por Lenin a causa de sus ideas, se convirti\u00f3 en un antibolchevique radical despu\u00e9s de ser prisionero en Rusia durante la Primera Guerra Mundial (1914-18). Cuando tras la derrota se disgreg\u00f3 el Imperio de los Habsburgo, Bauer asumi\u00f3 por un corto espacio de tiempo (1918-19) el Ministerio de Asuntos Exteriores de la reci\u00e9n nacida Rep\u00fablica de Austria.<\/p>\n<p class=\"biog\">\n<p class=\"biog\"><img loading=\"lazy\" decoding=\"async\" width=\"221\" height=\"300\" class=\"alignnone size-medium wp-image-17\" src=\"http:\/\/blog.espol.edu.ec\/aamolina\/files\/2016\/11\/otto_bauer_big-221x300.jpg\" alt=\"otto_bauer_big\" srcset=\"https:\/\/blog.espol.edu.ec\/aamolina\/files\/2016\/11\/otto_bauer_big-221x300.jpg 221w, https:\/\/blog.espol.edu.ec\/aamolina\/files\/2016\/11\/otto_bauer_big.jpg 425w\" sizes=\"auto, (max-width: 221px) 100vw, 221px\" \/><\/p>\n<p class=\"biog\">\n","protected":false},"excerpt":{"rendered":"<p>John Stuart Mill &nbsp; (Londres, 1806 - Avi\u00f1\u00f3n, Francia, 1873) Economista, l\u00f3gico y fil\u00f3sofo brit\u00e1nico. Hijo del tambi\u00e9n economista James Mill, fue educado de forma exclusiva por \u00e9ste seg\u00fan los estrictos principios del Emilio de Rousseau. Dotado de una inteligencia &hellip; <a href=\"https:\/\/blog.espol.edu.ec\/aamolina\/economistas-socialistas\/\">Sigue leyendo <span class=\"meta-nav\">&rarr;<\/span><\/a><\/p>\n","protected":false},"author":10662,"featured_media":0,"parent":0,"menu_order":0,"comment_status":"closed","ping_status":"closed","template":"","meta":{"footnotes":""},"class_list":["post-11","page","type-page","status-publish","hentry"],"aioseo_notices":[],"_links":{"self":[{"href":"https:\/\/blog.espol.edu.ec\/aamolina\/wp-json\/wp\/v2\/pages\/11","targetHints":{"allow":["GET"]}}],"collection":[{"href":"https:\/\/blog.espol.edu.ec\/aamolina\/wp-json\/wp\/v2\/pages"}],"about":[{"href":"https:\/\/blog.espol.edu.ec\/aamolina\/wp-json\/wp\/v2\/types\/page"}],"author":[{"embeddable":true,"href":"https:\/\/blog.espol.edu.ec\/aamolina\/wp-json\/wp\/v2\/users\/10662"}],"replies":[{"embeddable":true,"href":"https:\/\/blog.espol.edu.ec\/aamolina\/wp-json\/wp\/v2\/comments?post=11"}],"version-history":[{"count":2,"href":"https:\/\/blog.espol.edu.ec\/aamolina\/wp-json\/wp\/v2\/pages\/11\/revisions"}],"predecessor-version":[{"id":18,"href":"https:\/\/blog.espol.edu.ec\/aamolina\/wp-json\/wp\/v2\/pages\/11\/revisions\/18"}],"wp:attachment":[{"href":"https:\/\/blog.espol.edu.ec\/aamolina\/wp-json\/wp\/v2\/media?parent=11"}],"curies":[{"name":"wp","href":"https:\/\/api.w.org\/{rel}","templated":true}]}}