{"id":45,"date":"2016-11-13T19:00:03","date_gmt":"2016-11-13T19:00:03","guid":{"rendered":"http:\/\/blog.espol.edu.ec\/aamolina\/?page_id=45"},"modified":"2016-11-14T04:26:26","modified_gmt":"2016-11-14T04:26:26","slug":"sobre-mi","status":"publish","type":"page","link":"https:\/\/blog.espol.edu.ec\/aamolina\/sobre-mi\/","title":{"rendered":"Sobre m\u00ed"},"content":{"rendered":"<p>Nac\u00ed en Manta-Manab\u00ed el 10 de Junio de 1998, el cuarto de 5 hermanos, barcelonista, complete mi bachillerato en la Unidad Educativa Julio Pierregrosse, sab\u00eda que quer\u00eda estudiar econom\u00eda desde los 9 a\u00f1os por aquello actualmente estoy estudiando Econom\u00eda con menci\u00f3n en gesti\u00f3n empresarial en la Fcsh-Espol.<\/p>\n<p>Mis mas grandes pasiones son la filosof\u00eda y la pol\u00edtica, mantengo mi concepci\u00f3n general cercana a la aristot\u00e9lica y en cuanto a pol\u00edtica concuerdo con la visi\u00f3n de Heinz Dieterich.<\/p>\n<p><img decoding=\"async\" class=\"aligncenter\" src=\"https:\/\/fbcdn-sphotos-c-a.akamaihd.net\/hphotos-ak-xta1\/v\/t1.0-9\/13754636_1043800049007141_8418801277705535416_n.jpg?oh=45962c2a8b827daad9a09ef9fee30b1f&amp;oe=588DB84D&amp;__gda__=1488905904_ef7d69c249259219d33d827210afec5b\" \/><\/p>\n<p>Actualmente me encuentro en una relaci\u00f3n de 4 meses (11\/13\/2016) con Emily Salazar quien funciona en mi como gran fuente de inspiraci\u00f3n en muchas maneras.<\/p>\n<p><img loading=\"lazy\" decoding=\"async\" class=\"wp-image-61 aligncenter\" src=\"http:\/\/blog.espol.edu.ec\/aamolina\/files\/2016\/11\/2016-11-12-18.37.13-1-981x1024.jpg\" alt=\"2016-11-12-18-37-13\" width=\"554\" height=\"578\" srcset=\"https:\/\/blog.espol.edu.ec\/aamolina\/files\/2016\/11\/2016-11-12-18.37.13-1-981x1024.jpg 981w, https:\/\/blog.espol.edu.ec\/aamolina\/files\/2016\/11\/2016-11-12-18.37.13-1-288x300.jpg 288w, https:\/\/blog.espol.edu.ec\/aamolina\/files\/2016\/11\/2016-11-12-18.37.13-1-768x801.jpg 768w, https:\/\/blog.espol.edu.ec\/aamolina\/files\/2016\/11\/2016-11-12-18.37.13-1.jpg 1752w\" sizes=\"auto, (max-width: 554px) 100vw, 554px\" \/><\/p>\n<p>Para contactarme:<\/p>\n<p>alejandromolina1006@gmail.com<\/p>\n<p>aamolina@espol.edu.ec<\/p>\n","protected":false},"excerpt":{"rendered":"<p>Nac\u00ed en Manta-Manab\u00ed el 10 de Junio de 1998, el cuarto de 5 hermanos, barcelonista, complete mi bachillerato en la Unidad Educativa Julio Pierregrosse, sab\u00eda que quer\u00eda estudiar econom\u00eda desde los 9 a\u00f1os por aquello actualmente estoy estudiando Econom\u00eda con &hellip; <a href=\"https:\/\/blog.espol.edu.ec\/aamolina\/sobre-mi\/\">Sigue leyendo <span class=\"meta-nav\">&rarr;<\/span><\/a><\/p>\n","protected":false},"author":10662,"featured_media":0,"parent":0,"menu_order":0,"comment_status":"closed","ping_status":"closed","template":"","meta":{"footnotes":""},"class_list":["post-45","page","type-page","status-publish","hentry"],"aioseo_notices":[],"_links":{"self":[{"href":"https:\/\/blog.espol.edu.ec\/aamolina\/wp-json\/wp\/v2\/pages\/45","targetHints":{"allow":["GET"]}}],"collection":[{"href":"https:\/\/blog.espol.edu.ec\/aamolina\/wp-json\/wp\/v2\/pages"}],"about":[{"href":"https:\/\/blog.espol.edu.ec\/aamolina\/wp-json\/wp\/v2\/types\/page"}],"author":[{"embeddable":true,"href":"https:\/\/blog.espol.edu.ec\/aamolina\/wp-json\/wp\/v2\/users\/10662"}],"replies":[{"embeddable":true,"href":"https:\/\/blog.espol.edu.ec\/aamolina\/wp-json\/wp\/v2\/comments?post=45"}],"version-history":[{"count":4,"href":"https:\/\/blog.espol.edu.ec\/aamolina\/wp-json\/wp\/v2\/pages\/45\/revisions"}],"predecessor-version":[{"id":59,"href":"https:\/\/blog.espol.edu.ec\/aamolina\/wp-json\/wp\/v2\/pages\/45\/revisions\/59"}],"wp:attachment":[{"href":"https:\/\/blog.espol.edu.ec\/aamolina\/wp-json\/wp\/v2\/media?parent=45"}],"curies":[{"name":"wp","href":"https:\/\/api.w.org\/{rel}","templated":true}]}}