{"id":54,"date":"2010-06-16T18:57:08","date_gmt":"2010-06-16T18:57:08","guid":{"rendered":"http:\/\/blog.espol.edu.ec\/aamoreir\/?page_id=54"},"modified":"2010-06-16T18:57:45","modified_gmt":"2010-06-16T18:57:45","slug":"slideshare","status":"publish","type":"page","link":"https:\/\/blog.espol.edu.ec\/aamoreir\/slideshare\/","title":{"rendered":"Slideshare"},"content":{"rendered":"<p><em><img loading=\"lazy\" decoding=\"async\" src=\"https:\/\/educaweb20.wikispaces.com\/file\/view\/logo_slideshare3.jpg\/60514868\/logo_slideshare3.jpg\" alt=\"\" width=\"622\" height=\"90\" \/><\/em><\/p>\n<p><strong><em>Slideshare <\/em>es un espacio gratuito donde los usuarios pueden\u00a0enviar presentaciones Powerpoint u OpenOffice, que luego\u00a0quedan almacenadas en formato Flash para\u00a0ser visualizadas online. Es una opci\u00f3n interesante para compartir presentaciones en la red. Admite archivos de hasta 20 Mb de peso, sin transiciones entre diapositivas.<\/strong><\/p>\n<p><strong>Una vez subida y procesada, las convierte en formato flash, ya la tenemos disponible a trav\u00e9s de una direcci\u00f3n web p\u00fablica, no hay opciones de privacidad, y la podemos ver a trav\u00e9s de esa Url en tama\u00f1o normal o completo. Tambi\u00e9n nos permite compartirla a trav\u00e9s de correo electr\u00f3nico o meterlo con su propio reproductor en nuestra p\u00e1gina web.<\/strong><\/p>\n<p><strong>Una vez subida y p\u00fablica, podemos a\u00f1adirle comentarios.<\/strong><\/p>\n","protected":false},"excerpt":{"rendered":"<p>Slideshare es un espacio gratuito donde los usuarios pueden\u00a0enviar presentaciones Powerpoint u OpenOffice, que luego\u00a0quedan almacenadas en formato Flash para\u00a0ser visualizadas online. Es una opci\u00f3n interesante para compartir presentaciones en la red. Admite archivos de hasta 20 Mb de peso, sin transiciones entre diapositivas. Una vez subida y procesada, las convierte en formato flash, ya [&hellip;]<\/p>\n","protected":false},"author":4222,"featured_media":0,"parent":0,"menu_order":0,"comment_status":"open","ping_status":"open","template":"","meta":{"footnotes":""},"class_list":["post-54","page","type-page","status-publish","hentry"],"_links":{"self":[{"href":"https:\/\/blog.espol.edu.ec\/aamoreir\/wp-json\/wp\/v2\/pages\/54","targetHints":{"allow":["GET"]}}],"collection":[{"href":"https:\/\/blog.espol.edu.ec\/aamoreir\/wp-json\/wp\/v2\/pages"}],"about":[{"href":"https:\/\/blog.espol.edu.ec\/aamoreir\/wp-json\/wp\/v2\/types\/page"}],"author":[{"embeddable":true,"href":"https:\/\/blog.espol.edu.ec\/aamoreir\/wp-json\/wp\/v2\/users\/4222"}],"replies":[{"embeddable":true,"href":"https:\/\/blog.espol.edu.ec\/aamoreir\/wp-json\/wp\/v2\/comments?post=54"}],"version-history":[{"count":3,"href":"https:\/\/blog.espol.edu.ec\/aamoreir\/wp-json\/wp\/v2\/pages\/54\/revisions"}],"predecessor-version":[{"id":56,"href":"https:\/\/blog.espol.edu.ec\/aamoreir\/wp-json\/wp\/v2\/pages\/54\/revisions\/56"}],"wp:attachment":[{"href":"https:\/\/blog.espol.edu.ec\/aamoreir\/wp-json\/wp\/v2\/media?parent=54"}],"curies":[{"name":"wp","href":"https:\/\/api.w.org\/{rel}","templated":true}]}}