{"id":15,"date":"2010-11-26T19:11:16","date_gmt":"2010-11-26T19:11:16","guid":{"rendered":"http:\/\/blog.espol.edu.ec\/aaochoa\/por-favor-reenvien-esta-informacion-a-todas-sus-amigas-familiares-yconocidas-para-evitar-que-les-ocurra-algun-tipo-desgracia-sobretodo-lo-relacionado-con-delitos-sexuales-violaciones\/"},"modified":"2010-11-26T19:11:16","modified_gmt":"2010-11-26T19:11:16","slug":"por-favor-reenvien-esta-informacion-a-todas-sus-amigas-familiares-yconocidas-para-evitar-que-les-ocurra-algun-tipo-desgracia-sobretodo-lo-relacionado-con-delitos-sexuales-violaciones","status":"publish","type":"page","link":"https:\/\/blog.espol.edu.ec\/aaochoa\/por-favor-reenvien-esta-informacion-a-todas-sus-amigas-familiares-yconocidas-para-evitar-que-les-ocurra-algun-tipo-desgracia-sobretodo-lo-relacionado-con-delitos-sexuales-violaciones\/","title":{"rendered":"POR FAVOR REENVIEN ESTA INFORMACI\u00d3N A TODAS SUS AMIGAS, FAMILIARES YCONOCIDAS, PARA EVITAR QUE LES OCURRA ALG\u00daN TIPO DESGRACIA, SOBRETODO LO RELACIONADO CON DELITOS SEXUALES (VIOLACIONES)"},"content":{"rendered":"<p>Con motivo de ayudar en la prevenci\u00f3n de cualquier tipo de DESGRACIA en la<\/p>\n<p>realizaci\u00f3n del CENSO 2010. Para las SE\u00d1ORITAS EMPADRONADORAS de colegios y<\/p>\n<p>universidades, se han desarrollados algunas recomendaciones que les ser\u00edan \u00fatiles:<\/p>\n<p>1) EVITE USAR ROPA SEXY O PROVOCATIVA EL D\u00cdA DOMINGO DEL CENSO. NO USE<\/p>\n<p>FALDAS O MINIFALDAS, BLUSAS O CAMISAS DESCOTADAS. DE PREFERENCIA<\/p>\n<p>S\u00d3LO USE JEANS, CAMISETAS SIN BOTONES Y ZAPATOS CERRADOS.<\/p>\n<p>2) MANTENGA<\/p>\n<p>SU CELULAR ENCENDIDO Y CON SALDO. CUALQUIER<\/p>\n<p>IRREGULARIDAD DENTRO DE ALGUNA VIVIENDA, DEBER\u00c1 COMUNICARSE<\/p>\n<p>DE INMEDIATO, AL CELULAR DE CUALQUIER AMIGO(A) QUE SE ENCUENTRE<\/p>\n<p>DENTRO DE SU ZONA ASIGNADA.<\/p>\n<p>3) NO CONSUMA NADA OFRECIDO DENTRO DE LAS VIVIENDAS (NI LIQUIDOS NI<\/p>\n<p>ALIMENTOS). PUEDE OCURRIR QUE EL ALIMENTO O LA BEBIDA CONTENGA<\/p>\n<p>DROGA (ESCOPOLAMINA). LLEVE UNA BOTELLA DE AGUA Y ALIMENTOS PARA<\/p>\n<p>CONSUMO PERSONAL DE CADA EMPADRONADOR.<\/p>\n<p>4) DE SER POSIBLE, S\u00d3LO REGISTRE LOS DATOS DE LOS HABITANTES DE<\/p>\n<p>CUALQUIER HOGAR, DESDE AFUERA DE LA VIVIENDA. CORRE MUCHO RIESGO<\/p>\n<p>QUE UNA SE\u00d1ORITA ENTRE SOLA A UNA VIVIENDA HABITADA S\u00d3LO POR UNO<\/p>\n<p>O POR VARIOS HOMBRES.<\/p>\n<p>5) NO REGISTRE LOS DATOS DE NING\u00daN HOMBRE O MUJER DESDE LOS<\/p>\n<p>CUARTOS O HABITACIONES DE LA VIVIENDA. MIENTRAS M\u00c1S ADENTRO DE<\/p>\n<p>UNA VIVIENDA USTED SE ENCUENTRE, MENOS SE LA PODR\u00c1 AUXILIAR AL<\/p>\n<p>MOMENTO DE QUE CORRA ALG\u00daN TIPO DE RIESGO<\/p>\n<p>6) ADVIERTA AL PRIMER INSTANTE EN QUE ALG\u00daN HOMBRE DE LA VIVIENDA<\/p>\n<p>EN LA QUE SE ENCUENTRE CENSANDO, SE COMPORTE DE MANERA<\/p>\n<p>INADECUADA CON USTED. ASI NO HAYA EMPEZADO O CONCLUIDO SU<\/p>\n<p>TRABAJO, LE ROGAMOS QUE DETENGA SU ACTIVIDAD Y DIRIJASE A LA<\/p>\n<p>SALIDA DE ESA VIVIENDA Y CONTINUE A LA SIGUIENTE. EN OBSERVACIONES<\/p>\n<p>COLOCAR\u00c1: \u201cDENTRO DE AQUELLA VIVIENDA UN HOMBRE (O MUJER) NO FUE<\/p>\n<p>RESPETUOSO PARA LA REALIZACI\u00d3N DEL CENSO, O QUE NO EXISTIERON LAS<\/p>\n<p>ADECUADAS GARANTIAS PARA LA REALIZACI\u00d3N DEL CENSO EN AQUEL LUGAR\u201d<\/p>\n<p>Todas estas recomendaciones han sido dise\u00f1adas PARA EVITAR QUE LAS SE\u00d1ORITAS<\/p>\n<p>SEAN V\u00cdCTIMAS DE DELITOS SEXUALES (abusos, acosos, violaciones), durante todo el<\/p>\n<p>d\u00eda que se desarrolle el CENSO (domingo 28\/Nov\/2010). Recuerde que en Guayaquil<\/p>\n<p>y en el Ecuador entero, existen personas depravadas y listas para alg\u00fan descuido u<\/p>\n<p>oportunidad. \u00a1CUIDE SU CUERPO!<\/p>\n","protected":false},"excerpt":{"rendered":"<p>Con motivo de ayudar en la prevenci\u00f3n de cualquier tipo de DESGRACIA en la realizaci\u00f3n del CENSO 2010. Para las SE\u00d1ORITAS EMPADRONADORAS de colegios y universidades, se han desarrollados algunas recomendaciones que les ser\u00edan \u00fatiles: 1) EVITE USAR ROPA SEXY O PROVOCATIVA EL D\u00cdA DOMINGO DEL CENSO. NO USE FALDAS O MINIFALDAS, BLUSAS O CAMISAS [&hellip;]<\/p>\n","protected":false},"author":4633,"featured_media":0,"parent":0,"menu_order":0,"comment_status":"open","ping_status":"open","template":"","meta":{"footnotes":""},"class_list":["post-15","page","type-page","status-publish","hentry"],"_links":{"self":[{"href":"https:\/\/blog.espol.edu.ec\/aaochoa\/wp-json\/wp\/v2\/pages\/15","targetHints":{"allow":["GET"]}}],"collection":[{"href":"https:\/\/blog.espol.edu.ec\/aaochoa\/wp-json\/wp\/v2\/pages"}],"about":[{"href":"https:\/\/blog.espol.edu.ec\/aaochoa\/wp-json\/wp\/v2\/types\/page"}],"author":[{"embeddable":true,"href":"https:\/\/blog.espol.edu.ec\/aaochoa\/wp-json\/wp\/v2\/users\/4633"}],"replies":[{"embeddable":true,"href":"https:\/\/blog.espol.edu.ec\/aaochoa\/wp-json\/wp\/v2\/comments?post=15"}],"version-history":[{"count":1,"href":"https:\/\/blog.espol.edu.ec\/aaochoa\/wp-json\/wp\/v2\/pages\/15\/revisions"}],"predecessor-version":[{"id":16,"href":"https:\/\/blog.espol.edu.ec\/aaochoa\/wp-json\/wp\/v2\/pages\/15\/revisions\/16"}],"wp:attachment":[{"href":"https:\/\/blog.espol.edu.ec\/aaochoa\/wp-json\/wp\/v2\/media?parent=15"}],"curies":[{"name":"wp","href":"https:\/\/api.w.org\/{rel}","templated":true}]}}