{"id":2,"date":"2010-05-25T19:08:29","date_gmt":"2010-05-25T19:08:29","guid":{"rendered":""},"modified":"2010-08-08T01:38:40","modified_gmt":"2010-08-08T01:38:40","slug":"justme","status":"publish","type":"page","link":"https:\/\/blog.espol.edu.ec\/aasquiandy1992\/justme\/","title":{"rendered":"JUST ME!!!!!!"},"content":{"rendered":"<h4 style=\"text-align: justify\"><span style=\"color: #c0c0c0\"><a href=\"http:\/\/blog.espol.edu.ec\/aasquiandy1992\/files\/2010\/05\/andrea2.jpg\"><img loading=\"lazy\" decoding=\"async\" class=\"size-medium wp-image-174 alignright\" title=\"andrea\" src=\"http:\/\/blog.espol.edu.ec\/aasquiandy1992\/files\/2010\/05\/andrea2-232x300.jpg\" alt=\"\" width=\"232\" height=\"300\" srcset=\"https:\/\/blog.espol.edu.ec\/aasquiandy1992\/files\/2010\/05\/andrea2-232x300.jpg 232w, https:\/\/blog.espol.edu.ec\/aasquiandy1992\/files\/2010\/05\/andrea2-792x1023.jpg 792w, https:\/\/blog.espol.edu.ec\/aasquiandy1992\/files\/2010\/05\/andrea2.jpg 1404w\" sizes=\"auto, (max-width: 232px) 100vw, 232px\" \/><\/a><span style=\"color: #c0c0c0\">Para los que quieran conocer un poquito m\u00e1s les coloco una peque\u00f1a biografia:<\/span><\/span><\/h4>\n<h4 style=\"text-align: justify\"><span style=\"color: #c0c0c0\"><span style=\"color: #ff0000\">NOMBRE:<\/span> Andrea del Cisne Asqui Riofr\u00edo.<\/span><\/h4>\n<h4 style=\"text-align: justify\"><span style=\"color: #c0c0c0\"><span style=\"color: #ff0000\">FECHA DE\u00a0 NACIMIENTO:<\/span> 25\/febrero\/1992<\/span><\/h4>\n<h4 style=\"text-align: justify\"><span style=\"color: #c0c0c0\"><span style=\"color: #ff0000\">EDAD:<\/span> 18 a\u00f1os<\/span><\/h4>\n<h4 style=\"text-align: justify\"><span style=\"color: #c0c0c0\"><span style=\"color: #ff0000\">MIS ETAPAS:<\/span> Estudi\u00e9 en la escuela Fiscomisional \"Fe y Alegr\u00eda\",\u00a0estuve toda mi vida practicamente en\u00a0esta instituci\u00f3n ya \u00a0segui en el \"Colegio T\u00e9cnico Fiscomisional Fe y Alegr\u00eda\". Ahora me encuentro en la Escuela Superior Polit\u00e9cnica del Litoral; siguiendo la carrera de Ingenier\u00eda en Auditor\u00eda y Contadur\u00eda P\u00fablica Autorizada, en la facultad ICM(Instituto de Ciencias Matem\u00e1ticas).<\/span><\/h4>\n<h4 style=\"text-align: justify\"><span style=\"color: #c0c0c0\"><span style=\"color: #ff0000\">HOBBIES:<\/span> Me gusta escuchar m\u00fasica, ver televisi\u00f3n, ah dormir tambi\u00e9n pero no puedo por el estudio; salir a pasear con mis amigas.<\/span><\/h4>\n<h4 style=\"text-align: justify\"><span style=\"color: #000000\"><strong><span style=\"color: #c0c0c0\"><span style=\"color: #ff0000\">GRUPO AL QUE PERTENEZCO<\/span>: Catequesis de la Parroquia Nuestra Se\u00f1ora de la Unidad de Altoetting, Capilla Se\u00f1ora de la Divina Providencia, (adoro este grupo, me ayuda a formarme como persona y guiar a los ni\u00f1os hacia nuestro padre Dios)<br \/>\n<\/span><\/strong><\/span><\/h4>\n<h4 style=\"text-align: justify\"><span style=\"color: #000000\"><strong><strong><span style=\"color: #c0c0c0\"><span style=\"color: #ff0000\">SERIES FAVORITAS:<\/span> Smallville, CSI, Super Natural<\/span><\/strong><\/strong><\/span><\/h4>\n<p><span style=\"color: #c0c0c0\"><strong><span style=\"color: #ff0000\">GRUPOS MUSICALES FAVORITOS<\/span>:<\/strong><strong>Simple Plan, My Chemical Romance, Bullet for my valentine, Foo Fighters, Nickelback, Evanescence, y muchos m\u00e1s; adem\u00e1s del grupo Camila que canta baladas.<\/strong><\/span><\/p>\n<p><span style=\"color: #c0c0c0\"><strong><span style=\"color: #ff0000\">PEL\u00cdCULAS FAVORITAS:<\/span><\/strong><strong> Saga de Crep\u00fasculo, El Se\u00f1or de los anillos, asi como pel\u00edculas rom\u00e1nticas(esas que hacen llorar): I walk to\u00a0remember.<\/strong><strong>\u00a0<\/strong><\/span><\/p>\n<p><span style=\"color: #000000\"><strong><span style=\"color: #ff0000\">COMO SOY:<\/span> Soy una chica amiguera en la pueden contar conmigo para lo que sea, muy sensible pero no lo demuestro, para que no se aprovechen de eso. Trato de luchar cada d\u00eda\u00a0 para alcanzar lo quiero\u00a0, mis metas y deseos, ser emprendedora para salir adelante; tengo un genio manejable pero cuando me sacan de casillas hay que ponerse fuerte. Tengo una familia que me quiere formada por C\u00e9sar Asqui y Mar\u00eda Riofrio, y dos hermanos Cristhian\u00a0y Pa\u00fal. Adem\u00e1s de contar con mi familia del colegio Fe y Alegria, a\u00fan m\u00e1s con mi nueva familia \u00a0polit\u00e9cnica.<\/strong><\/span><\/p>\n<p><span style=\"color: #ff0000\"><strong>\u2665<\/strong><strong>RECUERDO INOLVIDABLE<\/strong><strong>\u2665<\/strong><\/span><strong>\u00a0<\/strong><\/p>\n<p><strong><a href=\"http:\/\/blog.espol.edu.ec\/aasquiandy1992\/files\/2010\/05\/DSC00373.jpg\"><img loading=\"lazy\" decoding=\"async\" class=\"alignnone size-medium wp-image-183\" title=\"DIA CULTURAL DE INGLES\" src=\"http:\/\/blog.espol.edu.ec\/aasquiandy1992\/files\/2010\/05\/DSC00373-300x225.jpg\" alt=\"\" width=\"253\" height=\"180\" \/><\/a><a href=\"http:\/\/blog.espol.edu.ec\/aasquiandy1992\/files\/2010\/05\/02092008279.jpg\"><img loading=\"lazy\" decoding=\"async\" class=\"alignnone size-medium wp-image-184\" title=\"RECUERDO\" src=\"http:\/\/blog.espol.edu.ec\/aasquiandy1992\/files\/2010\/05\/02092008279-300x225.jpg\" alt=\"\" width=\"241\" height=\"180\" srcset=\"https:\/\/blog.espol.edu.ec\/aasquiandy1992\/files\/2010\/05\/02092008279-300x225.jpg 300w, https:\/\/blog.espol.edu.ec\/aasquiandy1992\/files\/2010\/05\/02092008279.jpg 1024w\" sizes=\"auto, (max-width: 241px) 100vw, 241px\" \/><\/a><\/strong><\/p>\n<p><strong>:-)Todos sabemos sin duda que la mejor etapa, por lo que uno pasa es\u00a0la del colegio. Me recuerdo cuando mis profesores, familia o extra\u00f1os me dec\u00edan que esa etapa es la m\u00e1s maravillosa, la m\u00e1s vivida y sip; \ud83d\ude42 es cierto, con mis amigos pasamos muchos momentos lindos,claro que no se puede olvidar esas discusiones que se tuvo, miradas malas que iban y ven\u00edan pero hasta eso nos hace falta. A quien m\u00e1s extra\u00f1o es a mis mejores amigas Katty \"gatita\", Katherine, Luisa. Las quiero mucho pero hemos tomado rumbos diferentes, tratamos de estar en contacto pero es dif\u00edcil; pero saben que las recuerdo.<\/strong><\/p>\n<p><strong>Ahi va les pongo un video que se di\u00f3 en el Santuario de Schoenstatt por una convivencia que tuvimos al cursar quinto a\u00f1o es bonito y me trae nostalgia, y para variar salgo yo de intermediaria \ud83d\ude1b<\/strong><object classid=\"clsid:d27cdb6e-ae6d-11cf-96b8-444553540000\" width=\"516\" height=\"260\"><param name=\"allowFullScreen\" value=\"true\" \/><param name=\"allowscriptaccess\" value=\"always\" \/><param name=\"src\" value=\"http:\/\/www.youtube.com\/v\/qA55_-vrmd0&amp;hl=en_US&amp;fs=1?color1=0xcc2550&amp;color2=0xe87a9f\" \/><param name=\"allowfullscreen\" value=\"true\" \/><embed type=\"application\/x-shockwave-flash\" width=\"516\" height=\"260\" src=\"http:\/\/www.youtube.com\/v\/qA55_-vrmd0&amp;hl=en_US&amp;fs=1?color1=0xcc2550&amp;color2=0xe87a9f\" allowfullscreen=\"true\" allowscriptaccess=\"always\"><\/embed><\/object><\/p>\n<p><strong><span style=\"color: #ff0000\">DIRECCIONES\u00a0ELECTR\u00d3NICAS:<span style=\"color: #c0c0c0\">\u00a0Les incluyo mi correo y URL de redes sociales por si les agradar\u00eda comunicarse conmigo.<\/span><\/span><\/strong><\/p>\n<p><strong><span style=\"color: #ff0000\"><span style=\"color: #000000\"><span style=\"color: #888888\">Email:<\/span> <a href=\"mailto:andy_pio2592@hotmail.com\">andy_pio2592@hotmail.com<\/a><\/span><\/span><\/strong><\/p>\n<p><strong><span style=\"color: #ff0000\"><span style=\"color: #000000\"><a href=\"http:\/\/twitter.com\/andreasqui\"><span style=\"color: #008000\">http:\/\/twitter.com\/andreasqui<\/span><\/a><\/span><\/span><\/strong><\/p>\n<p><strong><span style=\"color: #ff0000\"><span style=\"color: #000000\"><a href=\"http:\/\/www.facebook.com\/asquiriofrio\"><span style=\"color: #008000\">http:\/\/www.facebook.com\/asquiriofrio<\/span><\/a><\/span><\/span><\/strong><\/p>\n<p><strong><span style=\"color: #ff0000\"><span style=\"color: #000000\"><a href=\"mailto:aasqui@espol.edu.ec\"><span style=\"color: #008000\">aasqui@espol.edu.ec<\/span><\/a><\/span><\/span><\/strong><\/p>\n<p><strong><span style=\"color: #ff0000\"><span style=\"color: #000000\">\u00a0<\/span><\/span><\/strong><\/p>\n<p><strong><span style=\"color: #ff0000\">\u00a0<\/span><\/strong><\/p>\n<p><strong><span style=\"color: #ff0000\">\u00a0<\/span><\/strong><\/p>\n<p><strong>\u00a0<\/strong><\/p>\n<p><strong>\u00a0<\/strong><\/p>\n<p><strong>\u00a0<\/strong><\/p>\n","protected":false},"excerpt":{"rendered":"<p>Para los que quieran conocer un poquito m\u00e1s les coloco una peque\u00f1a biografia: NOMBRE: Andrea del Cisne Asqui Riofr\u00edo. FECHA DE\u00a0 NACIMIENTO: 25\/febrero\/1992 EDAD: 18 a\u00f1os MIS ETAPAS: Estudi\u00e9 en la escuela Fiscomisional \"Fe y Alegr\u00eda\",\u00a0estuve toda mi vida practicamente en\u00a0esta instituci\u00f3n ya \u00a0segui en el \"Colegio T\u00e9cnico Fiscomisional Fe y Alegr\u00eda\". Ahora me encuentro [&hellip;]<\/p>\n","protected":false},"author":3977,"featured_media":0,"parent":0,"menu_order":0,"comment_status":"open","ping_status":"open","template":"","meta":{"footnotes":""},"class_list":["post-2","page","type-page","status-publish","hentry"],"_links":{"self":[{"href":"https:\/\/blog.espol.edu.ec\/aasquiandy1992\/wp-json\/wp\/v2\/pages\/2","targetHints":{"allow":["GET"]}}],"collection":[{"href":"https:\/\/blog.espol.edu.ec\/aasquiandy1992\/wp-json\/wp\/v2\/pages"}],"about":[{"href":"https:\/\/blog.espol.edu.ec\/aasquiandy1992\/wp-json\/wp\/v2\/types\/page"}],"author":[{"embeddable":true,"href":"https:\/\/blog.espol.edu.ec\/aasquiandy1992\/wp-json\/wp\/v2\/users\/3977"}],"replies":[{"embeddable":true,"href":"https:\/\/blog.espol.edu.ec\/aasquiandy1992\/wp-json\/wp\/v2\/comments?post=2"}],"version-history":[{"count":53,"href":"https:\/\/blog.espol.edu.ec\/aasquiandy1992\/wp-json\/wp\/v2\/pages\/2\/revisions"}],"predecessor-version":[{"id":16,"href":"https:\/\/blog.espol.edu.ec\/aasquiandy1992\/wp-json\/wp\/v2\/pages\/2\/revisions\/16"}],"wp:attachment":[{"href":"https:\/\/blog.espol.edu.ec\/aasquiandy1992\/wp-json\/wp\/v2\/media?parent=2"}],"curies":[{"name":"wp","href":"https:\/\/api.w.org\/{rel}","templated":true}]}}