{"id":223,"date":"2010-08-07T17:54:23","date_gmt":"2010-08-07T17:54:23","guid":{"rendered":"http:\/\/blog.espol.edu.ec\/aasquiandy1992\/?page_id=223"},"modified":"2010-08-07T18:22:43","modified_gmt":"2010-08-07T18:22:43","slug":"series-%e2%99%a5","status":"publish","type":"page","link":"https:\/\/blog.espol.edu.ec\/aasquiandy1992\/series-%e2%99%a5\/","title":{"rendered":"SERIES....\u2665"},"content":{"rendered":"<p><a href=\"http:\/\/blog.espol.edu.ec\/aasquiandy1992\/files\/2010\/08\/smallville-s07e131.jpg\"><\/a><a href=\"http:\/\/blog.espol.edu.ec\/aasquiandy1992\/files\/2010\/08\/smallville-821_pizquita_com_0091.jpg\"><\/a><span style=\"text-decoration: underline\"><strong><span style=\"color: #800000\">SMALLVILLE: TODA UNA AVENTURA<\/span><\/strong><\/span><\/p>\n<p><strong><span style=\"color: #800000\"><a href=\"http:\/\/blog.espol.edu.ec\/aasquiandy1992\/files\/2010\/08\/SmallvilleNewOpeningCredits.jpg\"><img loading=\"lazy\" decoding=\"async\" class=\"size-medium wp-image-226 alignleft\" title=\"SmallvilleNewOpeningCredits\" src=\"http:\/\/blog.espol.edu.ec\/aasquiandy1992\/files\/2010\/08\/SmallvilleNewOpeningCredits-300x168.jpg\" alt=\"\" width=\"353\" height=\"219\" \/><\/a><span style=\"color: #888888\">Desde la primera vez que vi Smallville, me encant\u00f3, el hecho de saber que un anime visto antes en revista se lo llev\u00f3 a la televisi\u00f3n para para mi fue fant\u00e1stico no solo porque hubieran personajes adolescentes sino porque se fue armando la historia de ra\u00edz como fue la vida del super h\u00e9roe, sus amores y desiluciones.. cosa que no se leia en las revistas y\u00a0 cada vez siguen aumentando sus temporadas como para que nos enamoremos m\u00e1s de su personaje principal Clark Kent. Una serie estupenda llena de efectos y lleno de villanos nuevos h\u00e9roes saliendo a la luz.<\/span><\/span><\/strong><\/p>\n<p><strong><span style=\"color: #800000\"><span style=\"color: #888888\">\u00a0<\/span><\/span><\/strong><\/p>\n<p><strong><span style=\"color: #800000\"><span style=\"color: #888888\"><a href=\"http:\/\/blog.espol.edu.ec\/aasquiandy1992\/files\/2010\/08\/smallville-821_pizquita_com_0091.jpg\"><img loading=\"lazy\" decoding=\"async\" src=\"http:\/\/blog.espol.edu.ec\/aasquiandy1992\/files\/2010\/08\/smallville-821_pizquita_com_0091-300x200.jpg\" alt=\"\" width=\"254\" height=\"203\" \/><\/a><\/span><\/span><\/strong><a href=\"http:\/\/blog.espol.edu.ec\/aasquiandy1992\/files\/2010\/08\/smallville1.jpg\"><img loading=\"lazy\" decoding=\"async\" class=\"alignnone size-medium wp-image-231\" title=\"smallville1\" src=\"http:\/\/blog.espol.edu.ec\/aasquiandy1992\/files\/2010\/08\/smallville1-229x300.jpg\" alt=\"\" width=\"198\" height=\"204\" \/><\/a><a href=\"http:\/\/blog.espol.edu.ec\/aasquiandy1992\/files\/2010\/08\/smallville-s07e131.jpg\"><img loading=\"lazy\" decoding=\"async\" src=\"http:\/\/blog.espol.edu.ec\/aasquiandy1992\/files\/2010\/08\/smallville-s07e131-300x169.jpg\" alt=\"\" width=\"359\" height=\"207\" \/><\/a><\/p>\n","protected":false},"excerpt":{"rendered":"<p>SMALLVILLE: TODA UNA AVENTURA Desde la primera vez que vi Smallville, me encant\u00f3, el hecho de saber que un anime visto antes en revista se lo llev\u00f3 a la televisi\u00f3n para para mi fue fant\u00e1stico no solo porque hubieran personajes adolescentes sino porque se fue armando la historia de ra\u00edz como fue la vida del [&hellip;]<\/p>\n","protected":false},"author":3977,"featured_media":0,"parent":0,"menu_order":0,"comment_status":"open","ping_status":"open","template":"","meta":{"footnotes":""},"class_list":["post-223","page","type-page","status-publish","hentry"],"_links":{"self":[{"href":"https:\/\/blog.espol.edu.ec\/aasquiandy1992\/wp-json\/wp\/v2\/pages\/223","targetHints":{"allow":["GET"]}}],"collection":[{"href":"https:\/\/blog.espol.edu.ec\/aasquiandy1992\/wp-json\/wp\/v2\/pages"}],"about":[{"href":"https:\/\/blog.espol.edu.ec\/aasquiandy1992\/wp-json\/wp\/v2\/types\/page"}],"author":[{"embeddable":true,"href":"https:\/\/blog.espol.edu.ec\/aasquiandy1992\/wp-json\/wp\/v2\/users\/3977"}],"replies":[{"embeddable":true,"href":"https:\/\/blog.espol.edu.ec\/aasquiandy1992\/wp-json\/wp\/v2\/comments?post=223"}],"version-history":[{"count":6,"href":"https:\/\/blog.espol.edu.ec\/aasquiandy1992\/wp-json\/wp\/v2\/pages\/223\/revisions"}],"predecessor-version":[{"id":236,"href":"https:\/\/blog.espol.edu.ec\/aasquiandy1992\/wp-json\/wp\/v2\/pages\/223\/revisions\/236"}],"wp:attachment":[{"href":"https:\/\/blog.espol.edu.ec\/aasquiandy1992\/wp-json\/wp\/v2\/media?parent=223"}],"curies":[{"name":"wp","href":"https:\/\/api.w.org\/{rel}","templated":true}]}}