{"id":97,"date":"2010-08-04T15:29:01","date_gmt":"2010-08-04T15:29:01","guid":{"rendered":"http:\/\/blog.espol.edu.ec\/aasquiandy1992\/?page_id=97"},"modified":"2010-08-07T13:39:32","modified_gmt":"2010-08-07T13:39:32","slug":"mi-entrada-a-la-espol","status":"publish","type":"page","link":"https:\/\/blog.espol.edu.ec\/aasquiandy1992\/mi-entrada-a-la-espol\/","title":{"rendered":"MI ENTRADA A LA ESPOL"},"content":{"rendered":"<address><\/address>\n<address>\n<address><a href=\"http:\/\/blog.espol.edu.ec\/aasquiandy1992\/files\/2010\/08\/DSCF12211.jpg\"><\/a><a href=\"http:\/\/blog.espol.edu.ec\/aasquiandy1992\/files\/2010\/08\/DSCF12212.jpg\"><img loading=\"lazy\" decoding=\"async\" class=\"aligncenter size-full wp-image-179\" title=\"DSCF1221\" src=\"http:\/\/blog.espol.edu.ec\/aasquiandy1992\/files\/2010\/08\/DSCF12212.jpg\" alt=\"\" width=\"448\" height=\"336\" srcset=\"https:\/\/blog.espol.edu.ec\/aasquiandy1992\/files\/2010\/08\/DSCF12212.jpg 800w, https:\/\/blog.espol.edu.ec\/aasquiandy1992\/files\/2010\/08\/DSCF12212-300x225.jpg 300w\" sizes=\"auto, (max-width: 448px) 100vw, 448px\" \/><\/a>Bueno amigos mi llegada aqui a \u00e9sta hermosa universidad no fue tan deseada como muchos lo vinieron so\u00f1ando de a\u00f1os, pero aqui estoy. De un momento a otro dije: \"Me voy all\u00e1\", no fue por capricho sino por superaci\u00f3n, porque se que que tengo potencial y dedicaci\u00f3n; seguiremos esforzandonos cada d\u00eda para dejar en alto de donde venimos.<\/address>\n<address>El pre nos dej\u00f3 experiancias gratas, de un nuevo mundo a conocer y nuevas personas por tratar; \u00e9sta ser\u00e1 una nueva familia por conocer\u00a0<\/address>\n<\/address>\n<address><\/address>\n<address><\/address>\n","protected":false},"excerpt":{"rendered":"<p>Bueno amigos mi llegada aqui a \u00e9sta hermosa universidad no fue tan deseada como muchos lo vinieron so\u00f1ando de a\u00f1os, pero aqui estoy. De un momento a otro dije: \"Me voy all\u00e1\", no fue por capricho sino por superaci\u00f3n, porque se que que tengo potencial y dedicaci\u00f3n; seguiremos esforzandonos cada d\u00eda para dejar en alto [&hellip;]<\/p>\n","protected":false},"author":3977,"featured_media":0,"parent":0,"menu_order":1,"comment_status":"open","ping_status":"open","template":"","meta":{"footnotes":""},"class_list":["post-97","page","type-page","status-publish","hentry"],"_links":{"self":[{"href":"https:\/\/blog.espol.edu.ec\/aasquiandy1992\/wp-json\/wp\/v2\/pages\/97","targetHints":{"allow":["GET"]}}],"collection":[{"href":"https:\/\/blog.espol.edu.ec\/aasquiandy1992\/wp-json\/wp\/v2\/pages"}],"about":[{"href":"https:\/\/blog.espol.edu.ec\/aasquiandy1992\/wp-json\/wp\/v2\/types\/page"}],"author":[{"embeddable":true,"href":"https:\/\/blog.espol.edu.ec\/aasquiandy1992\/wp-json\/wp\/v2\/users\/3977"}],"replies":[{"embeddable":true,"href":"https:\/\/blog.espol.edu.ec\/aasquiandy1992\/wp-json\/wp\/v2\/comments?post=97"}],"version-history":[{"count":8,"href":"https:\/\/blog.espol.edu.ec\/aasquiandy1992\/wp-json\/wp\/v2\/pages\/97\/revisions"}],"predecessor-version":[{"id":100,"href":"https:\/\/blog.espol.edu.ec\/aasquiandy1992\/wp-json\/wp\/v2\/pages\/97\/revisions\/100"}],"wp:attachment":[{"href":"https:\/\/blog.espol.edu.ec\/aasquiandy1992\/wp-json\/wp\/v2\/media?parent=97"}],"curies":[{"name":"wp","href":"https:\/\/api.w.org\/{rel}","templated":true}]}}