{"id":178,"date":"2012-11-07T12:29:34","date_gmt":"2012-11-07T02:59:34","guid":{"rendered":"http:\/\/blog.espol.edu.ec\/abyagual\/?page_id=178"},"modified":"2012-11-07T13:02:44","modified_gmt":"2012-11-07T03:32:44","slug":"informes","status":"publish","type":"page","link":"https:\/\/blog.espol.edu.ec\/abyagual\/espol-deberes-informes-y-videos-o-o\/informes\/","title":{"rendered":"Informes"},"content":{"rendered":"<h1>INFORMES E INVESTIGACIONES:<\/h1>\n<p><a href=\"http:\/\/blog.espol.edu.ec\/abyagual\/files\/2012\/11\/Escuela-Superior-Polit\u00e9cnica-del-litoral.docx\">Informe F\u00edsica Cohete a propulsi\u00f3n con agua<\/a><\/p>\n<p><a href=\"http:\/\/blog.espol.edu.ec\/abyagual\/files\/2012\/11\/Reporte-de-Qu\u00edmica-1.docx\">Reporte de Lab. Qu\u00edmica A-- 1<\/a><\/p>\n<p><a href=\"http:\/\/blog.espol.edu.ec\/abyagual\/files\/2012\/11\/ONDAS-ELECTROMAGN\u00c9TICAS.docx\">ONDAS ELECTROMAGN\u00c9TICAS<\/a><\/p>\n","protected":false},"excerpt":{"rendered":"<p>INFORMES E INVESTIGACIONES: Informe F\u00edsica Cohete a propulsi\u00f3n con agua Reporte de Lab. Qu\u00edmica A-- 1 ONDAS ELECTROMAGN\u00c9TICAS<\/p>\n","protected":false},"author":8063,"featured_media":0,"parent":163,"menu_order":0,"comment_status":"open","ping_status":"open","template":"","meta":{"footnotes":""},"class_list":["post-178","page","type-page","status-publish","hentry"],"_links":{"self":[{"href":"https:\/\/blog.espol.edu.ec\/abyagual\/wp-json\/wp\/v2\/pages\/178","targetHints":{"allow":["GET"]}}],"collection":[{"href":"https:\/\/blog.espol.edu.ec\/abyagual\/wp-json\/wp\/v2\/pages"}],"about":[{"href":"https:\/\/blog.espol.edu.ec\/abyagual\/wp-json\/wp\/v2\/types\/page"}],"author":[{"embeddable":true,"href":"https:\/\/blog.espol.edu.ec\/abyagual\/wp-json\/wp\/v2\/users\/8063"}],"replies":[{"embeddable":true,"href":"https:\/\/blog.espol.edu.ec\/abyagual\/wp-json\/wp\/v2\/comments?post=178"}],"version-history":[{"count":3,"href":"https:\/\/blog.espol.edu.ec\/abyagual\/wp-json\/wp\/v2\/pages\/178\/revisions"}],"predecessor-version":[{"id":187,"href":"https:\/\/blog.espol.edu.ec\/abyagual\/wp-json\/wp\/v2\/pages\/178\/revisions\/187"}],"up":[{"embeddable":true,"href":"https:\/\/blog.espol.edu.ec\/abyagual\/wp-json\/wp\/v2\/pages\/163"}],"wp:attachment":[{"href":"https:\/\/blog.espol.edu.ec\/abyagual\/wp-json\/wp\/v2\/media?parent=178"}],"curies":[{"name":"wp","href":"https:\/\/api.w.org\/{rel}","templated":true}]}}