{"id":102,"date":"2009-11-07T13:03:03","date_gmt":"2009-11-07T18:03:03","guid":{"rendered":"http:\/\/blog.espol.edu.ec\/acalle\/?page_id=102"},"modified":"2009-11-07T13:13:16","modified_gmt":"2009-11-07T18:13:16","slug":"deportes","status":"publish","type":"page","link":"https:\/\/blog.espol.edu.ec\/acalle\/deportes\/","title":{"rendered":"Deportes"},"content":{"rendered":"<p>Deportes extremos<\/p>\n<table border=\"0\" cellspacing=\"0\" cellpadding=\"0\" width=\"100%\">\n<tbody>\n<tr>\n<td height=\"19\" align=\"right\" valign=\"middle\"><span class=\"class1\"><a href=\"http:\/\/www.deportesextremos.net\/\">inicio<\/a><\/span><span class=\"Estilo15\"> | <\/span><span class=\"class1\"><a href=\"agregar()\">favoritos<\/a><\/span><span class=\"Estilo15\"> | <\/span><span class=\"class1\"><a href=\"http:\/\/www.deportesextremos.net\/contacto.php\">e.mail<\/a><\/span><\/td>\n<\/tr>\n<tr>\n<td><img loading=\"lazy\" decoding=\"async\" src=\"http:\/\/www.deportesextremos.net\/img\/_template\/spacer.gif\" alt=\"\" width=\"1\" height=\"5\" \/><\/td>\n<\/tr>\n<\/tbody>\n<\/table>\n<table border=\"0\" cellspacing=\"0\" cellpadding=\"0\" width=\"100%\">\n<tbody>\n<tr>\n<td height=\"8\"><img loading=\"lazy\" decoding=\"async\" src=\"http:\/\/www.deportesextremos.net\/img\/_template\/spacer.gif\" alt=\"\" width=\"1\" height=\"8\" \/><\/td>\n<\/tr>\n<tr>\n<td height=\"146\" align=\"left\" valign=\"top\">\n<table border=\"0\" cellspacing=\"0\" cellpadding=\"0\" width=\"20%\" align=\"left\">\n<tbody>\n<tr>\n<td><img decoding=\"async\" src=\"http:\/\/www.deportesextremos.net\/img\/veleros-de-madera-ind.jpg\" alt=\"Veleros de madera\" \/><\/td>\n<\/tr>\n<\/tbody>\n<\/table>\n<p><span class=\"class2\"><a href=\"http:\/\/www.deportesextremos.net\/vela\/veleros-de-madera.php\">Veleros de madera<\/a><\/span><br \/>\n<span class=\"Estilo8\">Vela<\/span><\/p>\n<table border=\"0\" cellspacing=\"0\" cellpadding=\"0\">\n<tbody>\n<tr>\n<td height=\"33\" align=\"left\"><span class=\"Estilo5\"><\/p>\n<p><\/span><\/td>\n<\/tr>\n<\/tbody>\n<\/table>\n<p><span class=\"Estilo17\">Informaci\u00f3n sobre los veleros de madera. Consejos para el mantenimiento de los veleros de madera. <\/span><\/td>\n<\/tr>\n<tr>\n<td><img loading=\"lazy\" decoding=\"async\" src=\"http:\/\/www.deportesextremos.net\/img\/_template\/spacer.gif\" alt=\"\" width=\"1\" height=\"5\" \/><\/td>\n<\/tr>\n<\/tbody>\n<\/table>\n<table border=\"0\" cellspacing=\"0\" cellpadding=\"0\" width=\"100%\">\n<tbody>\n<tr>\n<td height=\"8\"><img loading=\"lazy\" decoding=\"async\" src=\"http:\/\/www.deportesextremos.net\/img\/_template\/spacer.gif\" alt=\"\" width=\"1\" height=\"8\" \/><\/td>\n<\/tr>\n<tr>\n<td height=\"146\" align=\"left\" valign=\"top\">\n<table border=\"0\" cellspacing=\"0\" cellpadding=\"0\" width=\"20%\" align=\"left\">\n<tbody>\n<tr>\n<td><img decoding=\"async\" src=\"http:\/\/www.deportesextremos.net\/img\/vuelos-en-globo-aerostatico-ind.jpg\" alt=\"Vuelos en globo aerostatico\" \/><\/td>\n<\/tr>\n<\/tbody>\n<\/table>\n<p><span class=\"class2\"><a href=\"http:\/\/www.deportesextremos.net\/deportes-aereos\/vuelos-en-globo-aerostatico.php\">Vuelos en globo aerostatico<\/a><\/span><br \/>\n<span class=\"Estilo8\">Deportes aereos<\/span><\/p>\n<table border=\"0\" cellspacing=\"0\" cellpadding=\"0\">\n<tbody>\n<tr>\n<td height=\"33\" align=\"left\"><span class=\"Estilo5\"><\/p>\n<p><\/span><\/td>\n<\/tr>\n<\/tbody>\n<\/table>\n<p><span class=\"Estilo17\">Una actividad muy recomendable y segura para los amantes de los deportes extremos a\u00e9reos son los vuelos en globo aerostatico. En Espa\u00f1a se puede realizar por un precio que oscila entre 12 y 15 euros. \u00c9sta fue una de las primeras formas en que el hombre logr\u00f3 volar y es la que m\u00e1s contacto le ofrece con la naturaleza. <\/span><\/td>\n<\/tr>\n<tr>\n<td><img loading=\"lazy\" decoding=\"async\" src=\"http:\/\/www.deportesextremos.net\/img\/_template\/spacer.gif\" alt=\"\" width=\"1\" height=\"5\" \/><\/td>\n<\/tr>\n<\/tbody>\n<\/table>\n<table border=\"0\" cellspacing=\"0\" cellpadding=\"0\" width=\"100%\">\n<tbody>\n<tr>\n<td height=\"8\"><img loading=\"lazy\" decoding=\"async\" src=\"http:\/\/www.deportesextremos.net\/img\/_template\/spacer.gif\" alt=\"\" width=\"1\" height=\"8\" \/><\/td>\n<\/tr>\n<tr>\n<td height=\"146\" align=\"left\" valign=\"top\">\n<table border=\"0\" cellspacing=\"0\" cellpadding=\"0\" width=\"20%\" align=\"left\">\n<tbody>\n<tr>\n<td><img decoding=\"async\" src=\"http:\/\/www.deportesextremos.net\/img\/zonas-de-buceo-ind.jpg\" alt=\"Zonas de buceo\" \/><\/td>\n<\/tr>\n<\/tbody>\n<\/table>\n<p><span class=\"class2\"><a href=\"http:\/\/www.deportesextremos.net\/buceo-deportivo\/zonas-de-buceo.php\">Zonas de buceo<\/a><\/span><br \/>\n<span class=\"Estilo8\">Buceo deportivo<\/span><\/p>\n<table border=\"0\" cellspacing=\"0\" cellpadding=\"0\">\n<tbody>\n<tr>\n<td height=\"33\" align=\"left\"><span class=\"Estilo5\"><\/p>\n<p><\/span><\/td>\n<\/tr>\n<\/tbody>\n<\/table>\n<p><span class=\"Estilo17\">Generalmente en todos los pa\u00edses las zonas de buceo son aquellas que re\u00fanen las mejores caracter\u00edsticas para practicar esta actividad. Cuando estamos en b\u00fasqueda de alg\u00fan sitio de buceo debemos fijarnos en cierto n\u00famero de caracter\u00edsticas fundamentales como la profundidad m\u00e1xima, media, la visibilidad, especies que re\u00fane, etc\u00e9tera.<\/span><\/td>\n<\/tr>\n<tr>\n<td><img loading=\"lazy\" decoding=\"async\" src=\"http:\/\/www.deportesextremos.net\/img\/_template\/spacer.gif\" alt=\"\" width=\"1\" height=\"5\" \/><\/td>\n<\/tr>\n<\/tbody>\n<\/table>\n<table border=\"0\" cellspacing=\"0\" cellpadding=\"0\" width=\"100%\">\n<tbody>\n<tr>\n<td height=\"8\"><img loading=\"lazy\" decoding=\"async\" src=\"http:\/\/www.deportesextremos.net\/img\/_template\/spacer.gif\" alt=\"\" width=\"1\" height=\"8\" \/><\/td>\n<\/tr>\n<tr>\n<td height=\"67\" align=\"left\" valign=\"top\"><span class=\"Estilo17\">Conoce lo mejor de los <strong>deportes extremos<\/strong> totalmente gratis. Nuestro equipo trabaja dia a dia para traerte las novedades de este maravilloso mundo, esperamos que sean de tu agrado.<\/span><\/td>\n<\/tr>\n<tr>\n<td><img loading=\"lazy\" decoding=\"async\" src=\"http:\/\/www.deportesextremos.net\/img\/_template\/spacer.gif\" alt=\"\" width=\"1\" height=\"5\" \/><\/td>\n<\/tr>\n<\/tbody>\n<\/table>\n<table style=\"height: 500px\" border=\"0\" cellspacing=\"0\" cellpadding=\"0\" width=\"578\">\n<tbody>\n<tr>\n<td height=\"8\"><img loading=\"lazy\" decoding=\"async\" src=\"http:\/\/www.deportesextremos.net\/img\/_template\/spacer.gif\" alt=\"\" width=\"1\" height=\"12\" \/><\/td>\n<\/tr>\n<tr>\n<td height=\"193\" align=\"left\" valign=\"top\">\n<table border=\"0\" cellspacing=\"0\" cellpadding=\"0\" width=\"100%\">\n<tbody>\n<tr>\n<td width=\"56%\" height=\"282\" align=\"left\" valign=\"top\">\n<table border=\"0\" cellspacing=\"0\" cellpadding=\"0\" width=\"100%\">\n<tbody>\n<tr>\n<td height=\"76\" align=\"left\" valign=\"top\">\n<table border=\"0\" cellspacing=\"0\" cellpadding=\"0\" width=\"29%\" align=\"left\">\n<tbody>\n<tr>\n<td><img decoding=\"async\" src=\"http:\/\/www.deportesextremos.net\/img\/yumpingcom-guia-de-ocio-y-aventura-ind.jpg\" alt=\"Yumping.com, gu\u00eda de ocio y aventura\" \/><\/td>\n<\/tr>\n<\/tbody>\n<\/table>\n<p><span class=\"class3\"><a href=\"http:\/\/www.deportesextremos.net\/novedades\/yumpingcom-guia-de-ocio-y-aventura.php\">Yumping.com, gu\u00eda de ocio y aventura<\/a><\/span><br \/>\n<span class=\"Estilo10\">Novedades<\/span><br \/>\n<span class=\"Estilo20\">Informaci\u00f3n sobre empresas de deportes de aventurade Espa\u00f1a. Comparaci\u00f3n de precios e informaci\u00f3n de empresas de paintball, karts, buceo\u2026 consiguiendo las mejores ofertas y paquetes de multiaventura.<\/span><\/td>\n<\/tr>\n<tr>\n<td><img loading=\"lazy\" decoding=\"async\" src=\"http:\/\/www.deportesextremos.net\/img\/_template\/spacer.gif\" alt=\"\" width=\"1\" height=\"5\" \/><\/td>\n<\/tr>\n<tr>\n<td height=\"8\"><img loading=\"lazy\" decoding=\"async\" src=\"http:\/\/www.deportesextremos.net\/img\/_template\/spacer.gif\" alt=\"\" width=\"1\" height=\"8\" \/><\/td>\n<\/tr>\n<\/tbody>\n<\/table>\n<table border=\"0\" cellspacing=\"0\" cellpadding=\"0\" width=\"100%\">\n<tbody>\n<tr>\n<td height=\"76\" align=\"left\" valign=\"top\">\n<table border=\"0\" cellspacing=\"0\" cellpadding=\"0\" width=\"29%\" align=\"left\">\n<tbody>\n<tr>\n<td><img decoding=\"async\" src=\"http:\/\/www.deportesextremos.net\/img\/ski-resorts-ind.jpg\" alt=\"Ski resorts\" \/><\/td>\n<\/tr>\n<\/tbody>\n<\/table>\n<p><span class=\"class3\"><a href=\"http:\/\/www.deportesextremos.net\/snowboarding\/ski-resorts.php\">Ski resorts<\/a><\/span><br \/>\n<span class=\"Estilo10\">Snowboarding<\/span><br \/>\n<span class=\"Estilo20\">Informaci\u00f3n sobre los mejores ski resorts del mundo. Pistas de esqu\u00ed y los mejores ski resorts de las principales ciudades de Espa\u00f1a. <\/span><\/td>\n<\/tr>\n<tr>\n<td><img loading=\"lazy\" decoding=\"async\" src=\"http:\/\/www.deportesextremos.net\/img\/_template\/spacer.gif\" alt=\"\" width=\"1\" height=\"5\" \/><\/td>\n<\/tr>\n<tr>\n<td height=\"8\"><img loading=\"lazy\" decoding=\"async\" src=\"http:\/\/www.deportesextremos.net\/img\/_template\/spacer.gif\" alt=\"\" width=\"1\" height=\"8\" \/><\/td>\n<\/tr>\n<\/tbody>\n<\/table>\n<table border=\"0\" cellspacing=\"0\" cellpadding=\"0\" width=\"100%\">\n<tbody>\n<tr>\n<td height=\"76\" align=\"left\" valign=\"top\">\n<table border=\"0\" cellspacing=\"0\" cellpadding=\"0\" width=\"29%\" align=\"left\">\n<tbody>\n<tr>\n<td><img decoding=\"async\" src=\"http:\/\/www.deportesextremos.net\/img\/pantalones-para-esquiar-ind.jpg\" alt=\"Pantalones para esquiar\" \/><\/td>\n<\/tr>\n<\/tbody>\n<\/table>\n<p><span class=\"class3\"><a href=\"http:\/\/www.deportesextremos.net\/snowboarding\/pantalones-para-esquiar.php\">Pantalones para esquiar<\/a><\/span><br \/>\n<span class=\"Estilo10\">Snowboarding<\/span><br \/>\n<span class=\"Estilo20\">Informaci\u00f3n sobre los pantalones para esquiar. Consejos para la hora de comprarlos, marcas, materiales y tipos de pantalones para esquiar<\/span><\/td>\n<\/tr>\n<tr>\n<td><img loading=\"lazy\" decoding=\"async\" src=\"http:\/\/www.deportesextremos.net\/img\/_template\/spacer.gif\" alt=\"\" width=\"1\" height=\"5\" \/><\/td>\n<\/tr>\n<tr>\n<td height=\"8\"><img loading=\"lazy\" decoding=\"async\" src=\"http:\/\/www.deportesextremos.net\/img\/_template\/spacer.gif\" alt=\"\" width=\"1\" height=\"8\" \/><\/td>\n<\/tr>\n<\/tbody>\n<\/table>\n<table border=\"0\" cellspacing=\"0\" cellpadding=\"0\" width=\"100%\">\n<tbody>\n<tr>\n<td height=\"76\" align=\"left\" valign=\"top\">\n<table border=\"0\" cellspacing=\"0\" cellpadding=\"0\" width=\"29%\" align=\"left\">\n<tbody>\n<tr>\n<td><img decoding=\"async\" src=\"http:\/\/www.deportesextremos.net\/img\/cascos-de-snowboard-ind.jpg\" alt=\"Cascos de snowboard\" \/><\/td>\n<\/tr>\n<\/tbody>\n<\/table>\n<p><span class=\"class3\"><a href=\"http:\/\/www.deportesextremos.net\/snowboarding\/cascos-de-snowboard.php\">Cascos de snowboard<\/a><\/span><br \/>\n<span class=\"Estilo10\">Snowboarding<\/span><br \/>\n<span class=\"Estilo20\">Informaci\u00f3n sobre los cascos de snowboard. Consejos para comprar tu casco, materiales utilizados y tipos de cascos de snowboard. <\/span><\/td>\n<\/tr>\n<tr>\n<td><img loading=\"lazy\" decoding=\"async\" src=\"http:\/\/www.deportesextremos.net\/img\/_template\/spacer.gif\" alt=\"\" width=\"1\" height=\"5\" \/><\/td>\n<\/tr>\n<tr>\n<td height=\"8\"><img loading=\"lazy\" decoding=\"async\" src=\"http:\/\/www.deportesextremos.net\/img\/_template\/spacer.gif\" alt=\"\" width=\"1\" height=\"8\" \/><\/td>\n<\/tr>\n<\/tbody>\n<\/table>\n<\/td>\n<td width=\"3%\" align=\"left\" valign=\"top\"><\/td>\n<td width=\"41%\" align=\"left\" valign=\"top\">\n<table border=\"0\" cellspacing=\"0\" cellpadding=\"0\" width=\"100%\">\n<tbody>\n<tr>\n<td height=\"181\" align=\"left\" valign=\"top\"><span class=\"Estilo16\">Encuesta online<\/span><br \/>\n<span class=\"Estilo8\">Deportes Extremos.net<\/span><span class=\"Estilo17\">\u00bfEn cu\u00e1l de estos deportes extremos le gustar\u00eda iniciarse?<\/span><\/p>\n<p class=\"class4\">\n<div id=\"poll_options\"><span class=\"class4\"><a href=\"poll_vote(18,5);\">Buceo<\/a><\/span><br \/>\n<span class=\"class4\"><a href=\"poll_vote(19,5);\">Escalada<\/a><\/span><br \/>\n<span class=\"class4\"><a href=\"poll_vote(20,5);\">Kitesurf<\/a><\/span><br \/>\n<span class=\"class4\"><a href=\"poll_vote(21,5);\">Snowboarding<\/a><\/span><\/div>\n<\/td>\n<\/tr>\n<tr>\n<td><img loading=\"lazy\" decoding=\"async\" src=\"http:\/\/www.deportesextremos.net\/img\/_template\/spacer.gif\" alt=\"\" width=\"1\" height=\"5\" \/><\/td>\n<\/tr>\n<\/tbody>\n<\/table>\n<table border=\"0\" cellspacing=\"0\" cellpadding=\"0\" width=\"100%\">\n<tbody>\n<tr>\n<td width=\"21%\" height=\"49\"><\/td>\n<td width=\"79%\"><\/td>\n<\/tr>\n<tr>\n<td colspan=\"2\"><img loading=\"lazy\" decoding=\"async\" src=\"http:\/\/www.deportesextremos.net\/img\/_template\/spacer.gif\" alt=\"\" width=\"1\" height=\"5\" \/><\/td>\n<\/tr>\n<tr>\n<td><\/td>\n<td><\/td>\n<\/tr>\n<\/tbody>\n<\/table>\n<\/td>\n<\/tr>\n<\/tbody>\n<\/table>\n<\/td>\n<\/tr>\n<tr>\n<td height=\"8\"><\/td>\n<\/tr>\n<\/tbody>\n<\/table>\n<p>Golazo de antoni valencia<br \/>\n<object width=\"425\" height=\"344\" data=\"http:\/\/www.youtube.com\/v\/mXvfmG7lJHw&amp;hl=es&amp;fs=1&amp;\" type=\"application\/x-shockwave-flash\"><param name=\"allowFullScreen\" value=\"true\" \/><param name=\"allowscriptaccess\" value=\"always\" \/><param name=\"src\" value=\"http:\/\/www.youtube.com\/v\/mXvfmG7lJHw&amp;hl=es&amp;fs=1&amp;\" \/><param name=\"allowfullscreen\" value=\"true\" \/><\/object><br \/>\nMejores goles del mundo<br \/>\n<object width=\"425\" height=\"344\" data=\"http:\/\/www.youtube.com\/v\/bFWQGVZ7eus&amp;hl=es&amp;fs=1&amp;\" type=\"application\/x-shockwave-flash\"><param name=\"allowFullScreen\" value=\"true\" \/><param name=\"allowscriptaccess\" value=\"always\" \/><param name=\"src\" value=\"http:\/\/www.youtube.com\/v\/bFWQGVZ7eus&amp;hl=es&amp;fs=1&amp;\" \/><param name=\"allowfullscreen\" value=\"true\" \/><\/object><br \/>\nLos Mejores Goles De La Champions League 2008-2009<br \/>\n<object width=\"425\" height=\"344\"><param name=\"movie\" value=\"http:\/\/www.youtube.com\/v\/VntO4BMw3sE&amp;hl=es&amp;fs=1&amp;\"><\/param><param name=\"allowFullScreen\" value=\"true\"><\/param><param name=\"allowscriptaccess\" value=\"always\"><\/param><embed src=\"http:\/\/www.youtube.com\/v\/VntO4BMw3sE&amp;hl=es&amp;fs=1&amp;\" type=\"application\/x-shockwave-flash\" width=\"425\" height=\"344\"><\/embed><\/object><\/p>\n","protected":false},"excerpt":{"rendered":"<p>Deportes extremos inicio | favoritos | e.mail Veleros de madera Vela Informaci\u00f3n sobre los veleros de madera. Consejos para el mantenimiento de los veleros de madera. Vuelos en globo aerostatico Deportes aereos Una actividad muy recomendable y segura para los amantes de los deportes extremos a\u00e9reos son los vuelos en globo aerostatico. En Espa\u00f1a se [&hellip;]<\/p>\n","protected":false},"author":3170,"featured_media":0,"parent":0,"menu_order":0,"comment_status":"open","ping_status":"open","template":"","meta":{"_monsterinsights_skip_tracking":false,"_monsterinsights_sitenote_active":false,"_monsterinsights_sitenote_note":"","_monsterinsights_sitenote_category":0,"footnotes":""},"class_list":["post-102","page","type-page","status-publish","hentry"],"_links":{"self":[{"href":"https:\/\/blog.espol.edu.ec\/acalle\/wp-json\/wp\/v2\/pages\/102","targetHints":{"allow":["GET"]}}],"collection":[{"href":"https:\/\/blog.espol.edu.ec\/acalle\/wp-json\/wp\/v2\/pages"}],"about":[{"href":"https:\/\/blog.espol.edu.ec\/acalle\/wp-json\/wp\/v2\/types\/page"}],"author":[{"embeddable":true,"href":"https:\/\/blog.espol.edu.ec\/acalle\/wp-json\/wp\/v2\/users\/3170"}],"replies":[{"embeddable":true,"href":"https:\/\/blog.espol.edu.ec\/acalle\/wp-json\/wp\/v2\/comments?post=102"}],"version-history":[{"count":5,"href":"https:\/\/blog.espol.edu.ec\/acalle\/wp-json\/wp\/v2\/pages\/102\/revisions"}],"predecessor-version":[{"id":105,"href":"https:\/\/blog.espol.edu.ec\/acalle\/wp-json\/wp\/v2\/pages\/102\/revisions\/105"}],"wp:attachment":[{"href":"https:\/\/blog.espol.edu.ec\/acalle\/wp-json\/wp\/v2\/media?parent=102"}],"curies":[{"name":"wp","href":"https:\/\/api.w.org\/{rel}","templated":true}]}}