{"id":63,"date":"2009-11-07T02:23:07","date_gmt":"2009-11-07T07:23:07","guid":{"rendered":"http:\/\/blog.espol.edu.ec\/acalle\/?page_id=63"},"modified":"2009-11-07T12:24:00","modified_gmt":"2009-11-07T17:24:00","slug":"especies-marinas","status":"publish","type":"page","link":"https:\/\/blog.espol.edu.ec\/acalle\/especies-marinas\/","title":{"rendered":"Especies marinas"},"content":{"rendered":"<p>Nuevas especies marinas filmadas desde la profundidad<\/p>\n<p><img loading=\"lazy\" decoding=\"async\" class=\"mceItemFlash\" src=\"http:\/\/blog.espol.edu.ec\/acalle\/wp-includes\/js\/tinymce\/plugins\/media\/img\/trans.gif\" alt=\"\" width=\"425\" height=\"344\"><\/p>\n<p>Especies raras<\/p>\n<p><img loading=\"lazy\" decoding=\"async\" class=\"mceItemFlash\" src=\"http:\/\/blog.espol.edu.ec\/acalle\/wp-includes\/js\/tinymce\/plugins\/media\/img\/trans.gif\" alt=\"\" width=\"425\" height=\"344\"><\/p>\n<p>Encuentran en murero nuevas especies marinas de hace 530 m.a.<\/p>\n<p><img loading=\"lazy\" decoding=\"async\" class=\"alignright size-full wp-image-67\" src=\"http:\/\/blog.espol.edu.ec\/acalle\/files\/2009\/11\/fosilesmurero.jpg\" alt=\"fosilesmurero\" width=\"309\" height=\"320\" srcset=\"https:\/\/blog.espol.edu.ec\/acalle\/files\/2009\/11\/fosilesmurero.jpg 309w, https:\/\/blog.espol.edu.ec\/acalle\/files\/2009\/11\/fosilesmurero-289x300.jpg 289w\" sizes=\"auto, (max-width: 309px) 100vw, 309px\" \/><br \/>\nEl grupo de investigaci\u00f3n Murero de la Universidad de Zaragoza ha encontrado nuevos f\u00f3siles de primitivos equinodermos del C\u00e1mbrico que poblaron los mares que cubr\u00edan este yacimiento de la provincia zaragozana hace 530 millones de a\u00f1os.<\/p>\n<p>El grupo de investigaci\u00f3n acaba de publicar en la revista internacional Acta Palaeontologica Polonica el hallazgo de estas nuevas especies f\u00f3siles de invertebrados: dos nuevos equinodermos eocrinoideos, que incluyen a erizos y estrellas de mar y que se encuentran en un estado de conservaci\u00f3n excelente.<\/p>\n<p>Estos f\u00f3siles ser\u00e1n de una ayuda \"imprescindible\" para reconstruir c\u00f3mo era la comunidad de organismos que poblaron los mares de Murero y aportar\u00e1n nuevos datos sobre la explosi\u00f3n de diversidad del C\u00e1mbrico, informan fuentes de la Universidad de Zaragoza en una nota de prensa.<\/p>\n<p>Los eocrinoideos son un grupo de equinodermos extinto y sus f\u00f3siles son \"extremadamente raros\" en el C\u00e1mbrico de todo el mundo. Estos extraordinarios f\u00f3siles presentaban una estructura anat\u00f3mica \u00fanica, aunque semejante a los crinoideos actuales.<\/p>\n<p>Su caracter\u00edstica m\u00e1s sobresaliente era la enorme corona de brazos flexibles dispuestos hacia arriba para captar part\u00edculas alimenticias y llevarlas hacia la boca, situada en el centro de un cuerpo globoso y lleno de poros destinados a la respiraci\u00f3n.<\/p>\n<p>Las dos nuevas especies son la \"Gogia pasleyi\", que representa el primer eocrinoideo descrito en el C\u00e1mbrico de Arag\u00f3n y sus ejemplares proceden de la Formaci\u00f3n Murero en el Parque Natural del Moncayo, y la \"Gogia sp\", a\u00fan en estudio y procedente del yacimiento de Murero. Estos eocrinoideos viv\u00edan en fondos fangosos y para no hundirse se fijaban a trozos de trilobites.<\/p>\n<p>El yacimiento de Murero es conocido internacionalmente como \"la Capilla Sixtina de los trilobites\" por su excepcional fosilizaci\u00f3n, enorme abundancia de espec\u00edmenes y el alto n\u00famero de especies encontradas de estos conocidos artr\u00f3podos primitivos extintos que poblaron los mares paleozoicos durante 300 millones de a\u00f1os, antes de extinguirse.<\/p>\n<p>Las investigaciones que se desarrollan en Murero sirven para conocer las causas de la explosi\u00f3n de la vida animal en la tierra, que sucedi\u00f3 en el C\u00e1mbrico, y permiten comprobar c\u00f3mo evolucionaban las especies en un yacimiento, como el de Murero, que ha conseguido alcance internacional.<\/p>\n<p>El proyecto Murero, en el que participan distintas universidades espa\u00f1olas y europeas, fue aprobado por el Ministerio de Educaci\u00f3n y Ciencia en el a\u00f1o 2006 y tiene una duraci\u00f3n de cinco a\u00f1os.<\/p>\n<p>El catedr\u00e1tico de Paleontolog\u00eda de la Universidad de Zaragoza, Eladio Li\u00f1\u00e1n, y director del grupo de investigaci\u00f3n Murero, espera que los datos que se obtienen de estas investigaciones sirvan para poner en valor did\u00e1ctico y cient\u00edfico el yacimiento de Murero.<\/p>\n<p>Estos hallazgos han sido publicados por los investigadores R. Gozalo y Eladio Li\u00f1\u00e1n bajo el t\u00edtulo Middle Cambrian gogiid echinoderms from the Northeast Spain: Taxonomy, palaeoecology and palaeogeographic implications, en la revista \"gacta Palaeontologica Polonica 54\". Los nuevos ejemplares se expondr\u00e1n pr\u00f3ximamente en la Sala Lucas Mallada del Museo Paleontol\u00f3gico de la Universidad de Zaragoza.<\/p>\n<p><a href=\"http:\/\/www.portalciencia.net\/museo\/amenazamar.html\" target=\"_self\">Especies marinas amenazadas y extintas<\/a><\/p>\n","protected":false},"excerpt":{"rendered":"<p>Nuevas especies marinas filmadas desde la profundidad Especies raras Encuentran en murero nuevas especies marinas de hace 530 m.a. El grupo de investigaci\u00f3n Murero de la Universidad de Zaragoza ha encontrado nuevos f\u00f3siles de primitivos equinodermos del C\u00e1mbrico que poblaron los mares que cubr\u00edan este yacimiento de la provincia zaragozana hace 530 millones de a\u00f1os. [&hellip;]<\/p>\n","protected":false},"author":3170,"featured_media":0,"parent":0,"menu_order":0,"comment_status":"open","ping_status":"open","template":"","meta":{"_monsterinsights_skip_tracking":false,"_monsterinsights_sitenote_active":false,"_monsterinsights_sitenote_note":"","_monsterinsights_sitenote_category":0,"footnotes":""},"class_list":["post-63","page","type-page","status-publish","hentry"],"_links":{"self":[{"href":"https:\/\/blog.espol.edu.ec\/acalle\/wp-json\/wp\/v2\/pages\/63","targetHints":{"allow":["GET"]}}],"collection":[{"href":"https:\/\/blog.espol.edu.ec\/acalle\/wp-json\/wp\/v2\/pages"}],"about":[{"href":"https:\/\/blog.espol.edu.ec\/acalle\/wp-json\/wp\/v2\/types\/page"}],"author":[{"embeddable":true,"href":"https:\/\/blog.espol.edu.ec\/acalle\/wp-json\/wp\/v2\/users\/3170"}],"replies":[{"embeddable":true,"href":"https:\/\/blog.espol.edu.ec\/acalle\/wp-json\/wp\/v2\/comments?post=63"}],"version-history":[{"count":12,"href":"https:\/\/blog.espol.edu.ec\/acalle\/wp-json\/wp\/v2\/pages\/63\/revisions"}],"predecessor-version":[{"id":74,"href":"https:\/\/blog.espol.edu.ec\/acalle\/wp-json\/wp\/v2\/pages\/63\/revisions\/74"}],"wp:attachment":[{"href":"https:\/\/blog.espol.edu.ec\/acalle\/wp-json\/wp\/v2\/media?parent=63"}],"curies":[{"name":"wp","href":"https:\/\/api.w.org\/{rel}","templated":true}]}}