{"id":75,"date":"2009-11-07T02:48:14","date_gmt":"2009-11-07T07:48:14","guid":{"rendered":"http:\/\/blog.espol.edu.ec\/acalle\/?page_id=75"},"modified":"2009-11-19T17:23:57","modified_gmt":"2009-11-19T22:23:57","slug":"tecnologias","status":"publish","type":"page","link":"https:\/\/blog.espol.edu.ec\/acalle\/tecnologias\/","title":{"rendered":"Tecnologias"},"content":{"rendered":"<p>Avances tecnologicos<\/p>\n<h2><a title=\"Permanent Link to &quot;Sapphire lanzar\u00e1 la Radeon HD 5750 Vapor-X&quot;\" rel=\"bookmark\" href=\"http:\/\/tecnomagazine.net\/2009\/11\/07\/sapphire-lanzara-la-radeon-hd-5750-vapor-x\/\" target=\"_self\">Sapphire lanzar\u00e1 la Radeon HD 5750 Vapor-X<\/a><\/h2>\n<p><img loading=\"lazy\" decoding=\"async\" class=\"alignright size-full wp-image-94\" src=\"http:\/\/blog.espol.edu.ec\/acalle\/files\/2009\/11\/sapphire_radeon_hd_5750_vapor-x-111.jpg\" alt=\"sapphire_radeon_hd_5750_vapor-x-111\" width=\"400\" height=\"233\" srcset=\"https:\/\/blog.espol.edu.ec\/acalle\/files\/2009\/11\/sapphire_radeon_hd_5750_vapor-x-111.jpg 400w, https:\/\/blog.espol.edu.ec\/acalle\/files\/2009\/11\/sapphire_radeon_hd_5750_vapor-x-111-300x174.jpg 300w\" sizes=\"auto, (max-width: 400px) 100vw, 400px\" \/> <strong><\/strong><\/p>\n<p><strong>Sapphire <\/strong>se prepara para lanzar una nueva tarjeta gr\u00e1fica, la <strong>Radeon HD 5750 Vapor-X<\/strong>. Esta GPU basada en Juniper integra 720 procesadores Stream, interfaz de memoria de 128 bits, 1 GB de memoria GDDR5, una doble ranura que hace uso de la tecnolog\u00eda de la c\u00e1mara de vapor y viene con varios puertos de conectividad incluyendo un doble DVI, HDMI y DisplayPort. Sin mencionar que la tarjeta ofrece frecuencia overclocked de 700 MHz para la GPU y 4600 MHz para la memoria, y soporta DirectX 11, CrossFirex as\u00ed como ATI Eyefinity. La tarjeta ser\u00e1 lanzada a la venta el 3 de noviembre pero el precio no ha sido anunciado.<\/p>\n<h2><a title=\"Permanent Link to &quot;Motocicletas el\u00e9ctricas Yamaha modelos EC-f y EC-fs&quot;\" rel=\"bookmark\" href=\"http:\/\/tecnomagazine.net\/2009\/11\/07\/motocicletas-electricas-yamaha-modelos-ec-f-y-ec-fs\/\" target=\"_self\">Motocicletas el\u00e9ctricas Yamaha modelos EC-f y EC-fs<\/a><\/h2>\n<p><img loading=\"lazy\" decoding=\"async\" class=\"alignright size-full wp-image-95\" src=\"http:\/\/blog.espol.edu.ec\/acalle\/files\/2009\/11\/yamaha_concepto_moto_electrica.jpg\" alt=\"yamaha_concepto_moto_electrica\" width=\"450\" height=\"324\" srcset=\"https:\/\/blog.espol.edu.ec\/acalle\/files\/2009\/11\/yamaha_concepto_moto_electrica.jpg 450w, https:\/\/blog.espol.edu.ec\/acalle\/files\/2009\/11\/yamaha_concepto_moto_electrica-300x216.jpg 300w\" sizes=\"auto, (max-width: 450px) 100vw, 450px\" \/><\/p>\n<p>La primera cosa que los visitantes ver\u00e1n al entrar al \u00e1rea de Yamaha Motors en el Tokio Motor Show son las motocicletas el\u00e9ctricas Yamaha EC-f y EC-fs. Ambos modelos est\u00e1n dise\u00f1ados para hacer el manejo de motociclos m\u00e1s f\u00e1cil y familiar a personas de todas las edades sin importar su experiencia manejando. La tecnolog\u00eda se caracteriza por la simplicidad de la operaci\u00f3n que \u00fanicamente un veh\u00edculo el\u00e9ctrico puede dar. Son f\u00e1ciles de usar y silenciosas, haciendo del manejo una alegr\u00eda. El modelo EC-f tiene un esquema de color acentuando su limpieza, mientras el modelo EC-fs acent\u00faa un color elegante.<\/p>\n<h2><a title=\"Permanent Link to &quot;Tostadora de Vidrio!&quot;\" rel=\"bookmark\" href=\"http:\/\/tecnomagazine.net\/2009\/11\/07\/tostadora-de-vidrio\/\" target=\"_self\">Tostadora de Vidrio!<\/a><\/h2>\n<p><img loading=\"lazy\" decoding=\"async\" class=\"alignright size-full wp-image-96\" src=\"http:\/\/blog.espol.edu.ec\/acalle\/files\/2009\/11\/tostadora-vidrio.jpg\" alt=\"tostadora-vidrio\" width=\"287\" height=\"287\" srcset=\"https:\/\/blog.espol.edu.ec\/acalle\/files\/2009\/11\/tostadora-vidrio.jpg 287w, https:\/\/blog.espol.edu.ec\/acalle\/files\/2009\/11\/tostadora-vidrio-150x150.jpg 150w\" sizes=\"auto, (max-width: 287px) 100vw, 287px\" \/><\/p>\n<p>Las tostadas son una de las comidas m\u00e1s simples para hacer. Claro que no hay forma de saber cuando el pan ha tomado exactamente ese color marr\u00f3n perfecto. Por supuesto esto no ser\u00eda problema si pudieras ver mientras el pan se est\u00e1 tostando. Un dise\u00f1ador decidi\u00f3 resolver el problema usando vidrio en los lados de la tostadora. Esto te permite ver mientras se cocina. Desafortunadamente el vidrio no podr\u00e1 tostar el pan (y no estoy seguro de c\u00f3mo lo sacar\u00e1s sin quemarte). Parece que la tecnolog\u00eda de la tostadora de vidrio estar\u00e1 permanentemente en la etapa de \u201cconcepto\u201d.<\/p>\n<h2><a title=\"Permanent Link to &quot;Aerion planea lanzar un jet de negocios supers\u00f3nico&quot;\" rel=\"bookmark\" href=\"http:\/\/tecnomagazine.net\/2009\/11\/06\/aerion-planea-lanzar-un-jet-de-negocios-supersonico\/\" target=\"_self\">Aerion planea lanzar un jet de negocios supers\u00f3nico<\/a><\/h2>\n<p><img loading=\"lazy\" decoding=\"async\" class=\"alignright size-full wp-image-97\" src=\"http:\/\/blog.espol.edu.ec\/acalle\/files\/2009\/11\/aerion-supersonic-jet.jpg\" alt=\"aerion-supersonic-jet\" width=\"500\" height=\"282\" srcset=\"https:\/\/blog.espol.edu.ec\/acalle\/files\/2009\/11\/aerion-supersonic-jet.jpg 500w, https:\/\/blog.espol.edu.ec\/acalle\/files\/2009\/11\/aerion-supersonic-jet-300x169.jpg 300w\" sizes=\"auto, (max-width: 500px) 100vw, 500px\" \/><\/p>\n<p>Con el limitado tiempo para los negocios y sin mencionar algunos en espec\u00edfico, no estar\u00eda mal un avi\u00f3n super-r\u00e1pido que funcione como jet de negocios, la Corporaci\u00f3n <strong>Aerion <\/strong>est\u00e1 viendo la oportunidad de un jet de negocios supers\u00f3nico. La compa\u00f1\u00eda est\u00e1 tomando dep\u00f3sitos para sus jet de negocios de\u00a0 8 y 12 asientos, que seg\u00fan se dice tendr\u00e1n una velocidad de 1,5 Mach.  Si bien los actuales problemas econ\u00f3micos han retrasado el desarrollo del jet, Aerion est\u00e1 seguro de que podr\u00e1 certificar la <a title=\"Tecnolog\u00eda\" href=\"http:\/\/tecnomagazine.net\/\" target=\"_self\">tecnolog\u00eda<\/a> del avi\u00f3n para 2015. Recientes pruebas de t\u00faneles de viento fueron positivas para la compa\u00f1\u00eda, mostrando el dise\u00f1o de un ala que ser\u00eda efectiva en todas las velocidades, ya sea bajo o sobre la velocidad del sonido. Aerion ya cuenta con 50 dep\u00f3sitos para sus aviones supers\u00f3nicos.  <a href=\"http:\/\/notitech.blogspot.com\/\" target=\"_self\"><\/a><\/p>\n<p><a href=\"http:\/\/notitech.blogspot.com\/\" target=\"_self\">Mas avances tecnologicos<\/a> <a href=\"http:\/\/www.tiquicia.com\/buscador\/tecnologia\/computadoras.asp\" target=\"_self\"><\/a><\/p>\n<p><a href=\"http:\/\/www.tiquicia.com\/buscador\/tecnologia\/computadoras.asp\" target=\"_self\">Computadoras<\/a><\/p>\n<p><object width=\"425\" height=\"344\" data=\"http:\/\/www.youtube.com\/v\/v0WSs7FHinE&amp;hl=es_ES&amp;fs=1&amp;\" type=\"application\/x-shockwave-flash\"><param name=\"allowFullScreen\" value=\"true\" \/><param name=\"allowscriptaccess\" value=\"always\" \/><param name=\"src\" value=\"http:\/\/www.youtube.com\/v\/v0WSs7FHinE&amp;hl=es_ES&amp;fs=1&amp;\" \/><param name=\"allowfullscreen\" value=\"true\" \/><\/object><\/p>\n<p><object width=\"425\" height=\"344\" data=\"http:\/\/www.youtube.com\/v\/D6qNC6vKtyQ&amp;hl=es_ES&amp;fs=1&amp;\" type=\"application\/x-shockwave-flash\"><param name=\"allowFullScreen\" value=\"true\" \/><param name=\"allowscriptaccess\" value=\"always\" \/><param name=\"src\" value=\"http:\/\/www.youtube.com\/v\/D6qNC6vKtyQ&amp;hl=es_ES&amp;fs=1&amp;\" \/><param name=\"allowfullscreen\" value=\"true\" \/><\/object><\/p>\n","protected":false},"excerpt":{"rendered":"<p>Avances tecnologicos Sapphire lanzar\u00e1 la Radeon HD 5750 Vapor-X Sapphire se prepara para lanzar una nueva tarjeta gr\u00e1fica, la Radeon HD 5750 Vapor-X. Esta GPU basada en Juniper integra 720 procesadores Stream, interfaz de memoria de 128 bits, 1 GB de memoria GDDR5, una doble ranura que hace uso de la tecnolog\u00eda de la c\u00e1mara [&hellip;]<\/p>\n","protected":false},"author":3170,"featured_media":0,"parent":0,"menu_order":0,"comment_status":"open","ping_status":"open","template":"","meta":{"_monsterinsights_skip_tracking":false,"_monsterinsights_sitenote_active":false,"_monsterinsights_sitenote_note":"","_monsterinsights_sitenote_category":0,"footnotes":""},"class_list":["post-75","page","type-page","status-publish","hentry"],"_links":{"self":[{"href":"https:\/\/blog.espol.edu.ec\/acalle\/wp-json\/wp\/v2\/pages\/75","targetHints":{"allow":["GET"]}}],"collection":[{"href":"https:\/\/blog.espol.edu.ec\/acalle\/wp-json\/wp\/v2\/pages"}],"about":[{"href":"https:\/\/blog.espol.edu.ec\/acalle\/wp-json\/wp\/v2\/types\/page"}],"author":[{"embeddable":true,"href":"https:\/\/blog.espol.edu.ec\/acalle\/wp-json\/wp\/v2\/users\/3170"}],"replies":[{"embeddable":true,"href":"https:\/\/blog.espol.edu.ec\/acalle\/wp-json\/wp\/v2\/comments?post=75"}],"version-history":[{"count":11,"href":"https:\/\/blog.espol.edu.ec\/acalle\/wp-json\/wp\/v2\/pages\/75\/revisions"}],"predecessor-version":[{"id":83,"href":"https:\/\/blog.espol.edu.ec\/acalle\/wp-json\/wp\/v2\/pages\/75\/revisions\/83"}],"wp:attachment":[{"href":"https:\/\/blog.espol.edu.ec\/acalle\/wp-json\/wp\/v2\/media?parent=75"}],"curies":[{"name":"wp","href":"https:\/\/api.w.org\/{rel}","templated":true}]}}