{"id":21,"date":"2014-08-12T19:00:15","date_gmt":"2014-08-12T19:00:15","guid":{"rendered":"http:\/\/blog.espol.edu.ec\/accionfm\/?page_id=21"},"modified":"2014-08-15T04:33:34","modified_gmt":"2014-08-15T04:33:34","slug":"sobre-mi","status":"publish","type":"page","link":"https:\/\/blog.espol.edu.ec\/accionfm\/sobre-mi\/","title":{"rendered":"sobre mi"},"content":{"rendered":"<p><a href=\"http:\/\/blog.espol.edu.ec\/accionfm\/files\/2014\/08\/cascada-zamora.jpg\"><img loading=\"lazy\" decoding=\"async\" class=\"alignnone  wp-image-37\" src=\"http:\/\/blog.espol.edu.ec\/accionfm\/files\/2014\/08\/cascada-zamora-300x225.jpg\" alt=\"cascada zamora\" width=\"500\" height=\"288\" \/><\/a><\/p>\n<p>&nbsp;<\/p>\n<p>&nbsp;<\/p>\n<p>&nbsp;<\/p>\n<p>Nombre: Miguel Jaya<\/p>\n<p>Edad: 19 a\u00f1os<\/p>\n<p>cumplea\u00f1os: 13 de abril<\/p>\n<p>ciudad natal: Zamora Chinchipe (Zamora)<\/p>\n<p>Estudios:<\/p>\n<p>Colegio Fiscomisional Madre Bernarda<\/p>\n<p>Conservatorio Marcos Antonio Ochoa Mu\u00f1oz<\/p>\n<p>Escuela Superior Polit\u00e9cnica del Litoral<\/p>\n<p>Carrera; Ingenier\u00eda en Electricidad Especialidad Potencia<\/p>\n<p>&nbsp;<\/p>\n<p>&nbsp;<\/p>\n<p>&nbsp;<\/p>\n<p>Un vistazo a\u00a0 la bella provincia del oriente Zamora Chinchipe<br \/>\n<iframe loading=\"lazy\" src=\"\/\/www.youtube.com\/embed\/AznOXUO_IC0\" width=\"420\" height=\"315\" frameborder=\"0\" allowfullscreen=\"allowfullscreen\"><\/iframe><\/p>\n<div id=\"attachment_46\" style=\"width: 428px\" class=\"wp-caption alignnone\"><a href=\"http:\/\/blog.espol.edu.ec\/accionfm\/files\/2014\/08\/IMAG0017.jpg\"><img loading=\"lazy\" decoding=\"async\" aria-describedby=\"caption-attachment-46\" class=\"wp-image-46 \" src=\"http:\/\/blog.espol.edu.ec\/accionfm\/files\/2014\/08\/IMAG0017-300x225.jpg\" alt=\"IMAG0017\" width=\"418\" height=\"245\" \/><\/a><p id=\"caption-attachment-46\" class=\"wp-caption-text\">Mi inspiraci\u00f3n, mis sobrinos<\/p><\/div>\n","protected":false},"excerpt":{"rendered":"<p>&nbsp; &nbsp; &nbsp; Nombre: Miguel Jaya Edad: 19 a\u00f1os cumplea\u00f1os: 13 de abril ciudad natal: Zamora Chinchipe (Zamora) Estudios: Colegio Fiscomisional Madre Bernarda Conservatorio Marcos Antonio Ochoa Mu\u00f1oz Escuela Superior Polit\u00e9cnica del Litoral Carrera; Ingenier\u00eda en Electricidad Especialidad Potencia &nbsp; &nbsp; &nbsp; Un vistazo a\u00a0 la bella provincia del oriente Zamora Chinchipe<\/p>\n","protected":false},"author":9239,"featured_media":0,"parent":0,"menu_order":0,"comment_status":"open","ping_status":"open","template":"","meta":{"footnotes":""},"class_list":["post-21","page","type-page","status-publish","hentry"],"_links":{"self":[{"href":"https:\/\/blog.espol.edu.ec\/accionfm\/wp-json\/wp\/v2\/pages\/21","targetHints":{"allow":["GET"]}}],"collection":[{"href":"https:\/\/blog.espol.edu.ec\/accionfm\/wp-json\/wp\/v2\/pages"}],"about":[{"href":"https:\/\/blog.espol.edu.ec\/accionfm\/wp-json\/wp\/v2\/types\/page"}],"author":[{"embeddable":true,"href":"https:\/\/blog.espol.edu.ec\/accionfm\/wp-json\/wp\/v2\/users\/9239"}],"replies":[{"embeddable":true,"href":"https:\/\/blog.espol.edu.ec\/accionfm\/wp-json\/wp\/v2\/comments?post=21"}],"version-history":[{"count":9,"href":"https:\/\/blog.espol.edu.ec\/accionfm\/wp-json\/wp\/v2\/pages\/21\/revisions"}],"predecessor-version":[{"id":50,"href":"https:\/\/blog.espol.edu.ec\/accionfm\/wp-json\/wp\/v2\/pages\/21\/revisions\/50"}],"wp:attachment":[{"href":"https:\/\/blog.espol.edu.ec\/accionfm\/wp-json\/wp\/v2\/media?parent=21"}],"curies":[{"name":"wp","href":"https:\/\/api.w.org\/{rel}","templated":true}]}}