{"id":179,"date":"2013-05-18T14:51:49","date_gmt":"2013-05-18T19:51:49","guid":{"rendered":"http:\/\/blog.espol.edu.ec\/accionuniversitaria\/?page_id=179"},"modified":"2013-05-18T15:33:50","modified_gmt":"2013-05-18T20:33:50","slug":"que-hacemos","status":"publish","type":"page","link":"https:\/\/blog.espol.edu.ec\/accionuniversitaria\/que-hacemos\/","title":{"rendered":"\u00bfQu\u00e9 hacemos?"},"content":{"rendered":"<div>Cada sede universitaria busca principalmente promover y desarrollador dos \u00e1reas: la <span style=\"text-decoration: underline\">proyecci\u00f3n cultural<\/span> y la <span style=\"text-decoration: underline\">acci\u00f3n solidaria<\/span>. Para ello, ha ido trabajando en distintas iniciativas entre las cuales est\u00e1n:<\/div>\n<ul>\n<li>Video foros y Charlas de Formaci\u00f3n<\/li>\n<li>Jornadas Solidarias y Misiones<\/li>\n<li>Conferencias \u201cFe y Raz\u00f3n\u201d<\/li>\n<li>Campa\u00f1a de Navidad es Jes\u00fas<\/li>\n<li>Conversatorios y Seminarios<\/li>\n<li>Rosario Comunitario y Santa Misa<\/li>\n<li>Congreso de Universitarios Cat\u00f3licos<\/li>\n<\/ul>\n<p><a href=\"http:\/\/blog.espol.edu.ec\/accionuniversitaria\/files\/2010\/08\/pics.png\"><img loading=\"lazy\" decoding=\"async\" class=\"aligncenter\" src=\"http:\/\/blog.espol.edu.ec\/accionuniversitaria\/files\/2010\/08\/pics.png\" alt=\"\" width=\"381\" height=\"368\" \/><\/a><\/p>\n","protected":false},"excerpt":{"rendered":"<p>Cada sede universitaria busca principalmente promover y desarrollador dos \u00e1reas: la proyecci\u00f3n cultural y la acci\u00f3n solidaria. Para ello, ha ido trabajando en distintas iniciativas entre las cuales est\u00e1n: Video foros y Charlas de Formaci\u00f3n Jornadas Solidarias y Misiones Conferencias \u201cFe y Raz\u00f3n\u201d Campa\u00f1a de Navidad es Jes\u00fas Conversatorios y Seminarios Rosario Comunitario y Santa &hellip; <\/p>\n<p><a class=\"more-link btn\" href=\"https:\/\/blog.espol.edu.ec\/accionuniversitaria\/que-hacemos\/\">Seguir leyendo<\/a><\/p>\n","protected":false},"author":257,"featured_media":0,"parent":0,"menu_order":2,"comment_status":"open","ping_status":"open","template":"","meta":{"footnotes":""},"class_list":["post-179","page","type-page","status-publish","hentry","nodate","item-wrap"],"_links":{"self":[{"href":"https:\/\/blog.espol.edu.ec\/accionuniversitaria\/wp-json\/wp\/v2\/pages\/179","targetHints":{"allow":["GET"]}}],"collection":[{"href":"https:\/\/blog.espol.edu.ec\/accionuniversitaria\/wp-json\/wp\/v2\/pages"}],"about":[{"href":"https:\/\/blog.espol.edu.ec\/accionuniversitaria\/wp-json\/wp\/v2\/types\/page"}],"author":[{"embeddable":true,"href":"https:\/\/blog.espol.edu.ec\/accionuniversitaria\/wp-json\/wp\/v2\/users\/257"}],"replies":[{"embeddable":true,"href":"https:\/\/blog.espol.edu.ec\/accionuniversitaria\/wp-json\/wp\/v2\/comments?post=179"}],"version-history":[{"count":4,"href":"https:\/\/blog.espol.edu.ec\/accionuniversitaria\/wp-json\/wp\/v2\/pages\/179\/revisions"}],"predecessor-version":[{"id":190,"href":"https:\/\/blog.espol.edu.ec\/accionuniversitaria\/wp-json\/wp\/v2\/pages\/179\/revisions\/190"}],"wp:attachment":[{"href":"https:\/\/blog.espol.edu.ec\/accionuniversitaria\/wp-json\/wp\/v2\/media?parent=179"}],"curies":[{"name":"wp","href":"https:\/\/api.w.org\/{rel}","templated":true}]}}