{"id":193,"date":"2013-05-18T15:40:35","date_gmt":"2013-05-18T20:40:35","guid":{"rendered":"http:\/\/blog.espol.edu.ec\/accionuniversitaria\/?page_id=193"},"modified":"2013-05-18T16:08:01","modified_gmt":"2013-05-18T21:08:01","slug":"como-formar-parte","status":"publish","type":"page","link":"https:\/\/blog.espol.edu.ec\/accionuniversitaria\/como-formar-parte\/","title":{"rendered":"\u00bfC\u00f3mo formo parte?"},"content":{"rendered":"<p>Formas parte de Acci\u00f3n Universitaria colaborando con nosotros o comunic\u00e1ndole a los miembros de tu sede que deseas ser miembro<\/p>\n<p><strong>\u00bfC\u00f3mo colaborar?<\/strong><\/p>\n<ul>\n<li>Promoviendo la participaci\u00f3n en nuestras actividades<\/li>\n<li>Generando conciencia de la crisis de criterios que atraviesa la sociedad<\/li>\n<li>Sigui\u00e9ndonos en las redes sociales<\/li>\n<li>Comprendiendo la realidad y comunic\u00e1ndola a tus amigos<\/li>\n<li>Colaborando con los miembros<\/li>\n<li>Sugiriendo tem\u00e1ticas e ideas para actividades<\/li>\n<\/ul>\n<p>&nbsp;<\/p>\n<p><strong>\u00bfPor qu\u00e9 participar?<\/strong><\/p>\n<div>Participando de nuestras actividades, al culminar los estudios universitarios tendr\u00e1s la capacidad de hacer una s\u00edntesis entre profesi\u00f3n, cultura y vida personal:<\/div>\n<ul>\n<li>Amplia comprensi\u00f3n de la realidad (Cosmovisi\u00f3n)<\/li>\n<li>Potenciamiento de capacidad personal: habilidades y destrezas<\/li>\n<li>Consolidaci\u00f3n personal en la fe<\/li>\n<\/ul>\n","protected":false},"excerpt":{"rendered":"<p>Formas parte de Acci\u00f3n Universitaria colaborando con nosotros o comunic\u00e1ndole a los miembros de tu sede que deseas ser miembro \u00bfC\u00f3mo colaborar? Promoviendo la participaci\u00f3n en nuestras actividades Generando conciencia de la crisis de criterios que atraviesa la sociedad Sigui\u00e9ndonos en las redes sociales Comprendiendo la realidad y comunic\u00e1ndola a tus amigos Colaborando con los &hellip; <\/p>\n<p><a class=\"more-link btn\" href=\"https:\/\/blog.espol.edu.ec\/accionuniversitaria\/como-formar-parte\/\">Seguir leyendo<\/a><\/p>\n","protected":false},"author":257,"featured_media":0,"parent":0,"menu_order":5,"comment_status":"open","ping_status":"open","template":"","meta":{"footnotes":""},"class_list":["post-193","page","type-page","status-publish","hentry","nodate","item-wrap"],"_links":{"self":[{"href":"https:\/\/blog.espol.edu.ec\/accionuniversitaria\/wp-json\/wp\/v2\/pages\/193","targetHints":{"allow":["GET"]}}],"collection":[{"href":"https:\/\/blog.espol.edu.ec\/accionuniversitaria\/wp-json\/wp\/v2\/pages"}],"about":[{"href":"https:\/\/blog.espol.edu.ec\/accionuniversitaria\/wp-json\/wp\/v2\/types\/page"}],"author":[{"embeddable":true,"href":"https:\/\/blog.espol.edu.ec\/accionuniversitaria\/wp-json\/wp\/v2\/users\/257"}],"replies":[{"embeddable":true,"href":"https:\/\/blog.espol.edu.ec\/accionuniversitaria\/wp-json\/wp\/v2\/comments?post=193"}],"version-history":[{"count":5,"href":"https:\/\/blog.espol.edu.ec\/accionuniversitaria\/wp-json\/wp\/v2\/pages\/193\/revisions"}],"predecessor-version":[{"id":195,"href":"https:\/\/blog.espol.edu.ec\/accionuniversitaria\/wp-json\/wp\/v2\/pages\/193\/revisions\/195"}],"wp:attachment":[{"href":"https:\/\/blog.espol.edu.ec\/accionuniversitaria\/wp-json\/wp\/v2\/media?parent=193"}],"curies":[{"name":"wp","href":"https:\/\/api.w.org\/{rel}","templated":true}]}}