{"id":2,"date":"2010-08-30T19:35:20","date_gmt":"2010-08-30T19:35:20","guid":{"rendered":""},"modified":"2013-05-18T15:33:37","modified_gmt":"2013-05-18T20:33:37","slug":"quienes-somos","status":"publish","type":"page","link":"https:\/\/blog.espol.edu.ec\/accionuniversitaria\/quienes-somos\/","title":{"rendered":"\u00bfQuienes Somos?"},"content":{"rendered":"<div><strong>Somos un grupo de personas cuyo objetivo es construir una cultura m\u00e1s humana, justa y reconciliada:<\/strong><\/div>\n<div>\n<ul>\n<li>Promover el pensamiento cr\u00edtico y recuperar el valor de la dignidad de la persona humana sobre toda corriente de pensamiento.<\/li>\n<li>Ponemos nuestros dones, conocimientos y habilidades al servicio de los dem\u00e1s.<\/li>\n<\/ul>\n<div><strong>Caracter\u00edsticas:<\/strong><\/div>\n<ul>\n<li>Integrada por personas vinculadas al mundo universitario.<\/li>\n<li>Liderado por j\u00f3venes.<\/li>\n<li>Promueve el Desarrollo integral: mente (intelecto), coraz\u00f3n (conciencia) y acci\u00f3n (proceder).<\/li>\n<li>Grupo de reflexi\u00f3n y acci\u00f3n.<\/li>\n<li>Busca vivir la fe desde la universidad hacia el mundo. Uni\u00f3n din\u00e1mica de fe y vida cotidiana (fe y universidad, fe y profesi\u00f3n, fe y vida intelectual, fe y ciencia, fe y cultura).<\/li>\n<\/ul>\n<\/div>\n","protected":false},"excerpt":{"rendered":"<p>Somos un grupo de personas cuyo objetivo es construir una cultura m\u00e1s humana, justa y reconciliada: Promover el pensamiento cr\u00edtico y recuperar el valor de la dignidad de la persona humana sobre toda corriente de pensamiento. Ponemos nuestros dones, conocimientos y habilidades al servicio de los dem\u00e1s. Caracter\u00edsticas: Integrada por personas vinculadas al mundo universitario. &hellip; <\/p>\n<p><a class=\"more-link btn\" href=\"https:\/\/blog.espol.edu.ec\/accionuniversitaria\/quienes-somos\/\">Seguir leyendo<\/a><\/p>\n","protected":false},"author":257,"featured_media":0,"parent":0,"menu_order":1,"comment_status":"closed","ping_status":"closed","template":"","meta":{"footnotes":""},"class_list":["post-2","page","type-page","status-publish","hentry","nodate","item-wrap"],"_links":{"self":[{"href":"https:\/\/blog.espol.edu.ec\/accionuniversitaria\/wp-json\/wp\/v2\/pages\/2","targetHints":{"allow":["GET"]}}],"collection":[{"href":"https:\/\/blog.espol.edu.ec\/accionuniversitaria\/wp-json\/wp\/v2\/pages"}],"about":[{"href":"https:\/\/blog.espol.edu.ec\/accionuniversitaria\/wp-json\/wp\/v2\/types\/page"}],"author":[{"embeddable":true,"href":"https:\/\/blog.espol.edu.ec\/accionuniversitaria\/wp-json\/wp\/v2\/users\/257"}],"replies":[{"embeddable":true,"href":"https:\/\/blog.espol.edu.ec\/accionuniversitaria\/wp-json\/wp\/v2\/comments?post=2"}],"version-history":[{"count":18,"href":"https:\/\/blog.espol.edu.ec\/accionuniversitaria\/wp-json\/wp\/v2\/pages\/2\/revisions"}],"predecessor-version":[{"id":189,"href":"https:\/\/blog.espol.edu.ec\/accionuniversitaria\/wp-json\/wp\/v2\/pages\/2\/revisions\/189"}],"wp:attachment":[{"href":"https:\/\/blog.espol.edu.ec\/accionuniversitaria\/wp-json\/wp\/v2\/media?parent=2"}],"curies":[{"name":"wp","href":"https:\/\/api.w.org\/{rel}","templated":true}]}}