{"id":279,"date":"2023-03-19T13:20:20","date_gmt":"2023-03-19T18:20:20","guid":{"rendered":"http:\/\/blog.espol.edu.ec\/aciespol\/?page_id=279"},"modified":"2023-04-12T11:53:29","modified_gmt":"2023-04-12T16:53:29","slug":"mision-y-vision","status":"publish","type":"page","link":"https:\/\/blog.espol.edu.ec\/aciespol\/mision-y-vision\/","title":{"rendered":"MISI\u00d3N Y VISI\u00d3N"},"content":{"rendered":"<div id=\"pl-279\"  class=\"panel-layout\" ><div id=\"pg-279-0\"  class=\"panel-grid panel-has-style\" ><div class=\"siteorigin-panels-stretch panel-row-style panel-row-style-for-279-0\" data-stretch-type=\"full-stretched\" ><div id=\"pgc-279-0-0\"  class=\"panel-grid-cell\" ><div id=\"panel-279-0-0-0\" class=\"so-panel widget widget_sow-hero panel-first-child panel-last-child\" data-index=\"0\" ><div\n\t\t\t\n\t\t\tclass=\"so-widget-sow-hero so-widget-sow-hero-default-6e283e92799f-279 so-widget-fittext-wrapper\"\n\t\t\t data-fit-text-compressor=\"0.85\"\n\t\t>\t\t\t\t<div class=\"sow-slider-base\" style=\"display: none\" tabindex=\"0\">\n\t\t\t\t\t<ul\n\t\t\t\t\tclass=\"sow-slider-images\"\n\t\t\t\t\tdata-settings=\"{&quot;pagination&quot;:true,&quot;speed&quot;:800,&quot;timeout&quot;:8000,&quot;paused&quot;:false,&quot;pause_on_hover&quot;:false,&quot;swipe&quot;:true,&quot;nav_always_show_desktop&quot;:&quot;&quot;,&quot;nav_always_show_mobile&quot;:&quot;&quot;,&quot;breakpoint&quot;:&quot;780px&quot;,&quot;unmute&quot;:false,&quot;anchor&quot;:null}\"\n\t\t\t\t\t\t\t\t\t\tdata-anchor-id=\"\"\n\t\t\t\t>\t\t<li class=\"sow-slider-image  sow-slider-image-cover\" style=\"visibility: visible;;background-color: #333333\" >\n\t\t\t\t\t<div class=\"sow-slider-image-container\">\n\t\t\t<div class=\"sow-slider-image-wrapper\">\n\t\t\t\t<h1 style=\"text-align: center\">Misi\u00f3n y visi\u00f3n<\/h1>\t\t\t<\/div>\n\t\t<\/div>\n\t\t<div class=\"sow-slider-image-overlay sow-slider-image-cover\" style=\"opacity: 0.6;background-image: url(https:\/\/blog.espol.edu.ec\/aciespol\/files\/2023\/04\/Mision-y-vision-e1681097007105.jpeg)\"  ><\/div>\t\t<\/li>\n\t\t<\/ul>\t\t\t\t<ol class=\"sow-slider-pagination\">\n\t\t\t\t\t\t\t\t\t\t\t<li><a href=\"#\" data-goto=\"0\" aria-label=\"mostrar diapositiva 1\"><\/a><\/li>\n\t\t\t\t\t\t\t\t\t<\/ol>\n\n\t\t\t\t<div class=\"sow-slide-nav sow-slide-nav-next\">\n\t\t\t\t\t<a href=\"#\" data-goto=\"next\" aria-label=\"diapositiva siguiente\" data-action=\"next\">\n\t\t\t\t\t\t<em class=\"sow-sld-icon-thin-right\"><\/em>\n\t\t\t\t\t<\/a>\n\t\t\t\t<\/div>\n\n\t\t\t\t<div class=\"sow-slide-nav sow-slide-nav-prev\">\n\t\t\t\t\t<a href=\"#\" data-goto=\"previous\" aria-label=\"diapositiva anterior\" data-action=\"prev\">\n\t\t\t\t\t\t<em class=\"sow-sld-icon-thin-left\"><\/em>\n\t\t\t\t\t<\/a>\n\t\t\t\t<\/div>\n\t\t\t\t<\/div><\/div><\/div><\/div><\/div><\/div><div id=\"pg-279-1\"  class=\"panel-grid panel-has-style\" ><div class=\"siteorigin-panels-stretch panel-row-style panel-row-style-for-279-1\" data-stretch-type=\"full\" ><div id=\"pgc-279-1-0\"  class=\"panel-grid-cell\" ><div id=\"panel-279-1-0-0\" class=\"so-panel widget widget_sow-headline panel-first-child\" data-index=\"1\" ><div\n\t\t\t\n\t\t\tclass=\"so-widget-sow-headline so-widget-sow-headline-default-d9ab2a71bee0-279\"\n\t\t\t\n\t\t><div class=\"sow-headline-container \">\n\t\t\t\t\t\t\t<h2 class=\"sow-headline\">\n\t\t\t\t\t\tMisi\u00f3n\t\t\t\t\t\t<\/h2>\n\t\t\t\t\t\t<\/div>\n<\/div><\/div><div id=\"panel-279-1-0-1\" class=\"so-panel widget widget_sow-editor\" data-index=\"2\" ><div\n\t\t\t\n\t\t\tclass=\"so-widget-sow-editor so-widget-sow-editor-base\"\n\t\t\t\n\t\t>\n<div class=\"siteorigin-widget-tinymce textwidget\">\n\t<p><span style=\"color: #333333;text-align: justify\">La misi\u00f3n del ACI ESPOL Student Chapter es ayudar a consolidar una agrupaci\u00f3n estudiantil debidamente organizada para perdurar en el tiempo, en la que sus miembros puedan participar y beneficiarse de los programas del ACI para adquirir los conocimientos y t\u00e9cnicas mas avanzadas en el uso del cemento y hormig\u00f3n. <\/span><\/p>\n<\/div>\n<\/div><\/div><div id=\"panel-279-1-0-2\" class=\"so-panel widget widget_sow-headline\" data-index=\"3\" ><div\n\t\t\t\n\t\t\tclass=\"so-widget-sow-headline so-widget-sow-headline-default-d9ab2a71bee0-279\"\n\t\t\t\n\t\t><div class=\"sow-headline-container \">\n\t\t\t\t\t\t\t<h2 class=\"sow-headline\">\n\t\t\t\t\t\tVisi\u00f3n\t\t\t\t\t\t<\/h2>\n\t\t\t\t\t\t<\/div>\n<\/div><\/div><div id=\"panel-279-1-0-3\" class=\"so-panel widget widget_sow-editor panel-last-child\" data-index=\"4\" ><div\n\t\t\t\n\t\t\tclass=\"so-widget-sow-editor so-widget-sow-editor-base\"\n\t\t\t\n\t\t>\n<div class=\"siteorigin-widget-tinymce textwidget\">\n\t<p><span style=\"color: #333333;text-align: justify\">Nuestra visi\u00f3n como club estudiantil es promover la innovaci\u00f3n y el uso sostenible del concreto en la construcci\u00f3n. Somos una comunidad de estudiantes apasionados por el dise\u00f1o y la ingenier\u00eda civil que buscan ampliar su conocimiento en el campo del concreto y aplicarlo a proyectos innovadores.<\/span><\/p>\n<\/div>\n<\/div><\/div><\/div><\/div><\/div><\/div>","protected":false},"excerpt":{"rendered":"<p>La misi\u00f3n del ACI ESPOL Student Chapter es ayudar a consolidar una agrupaci\u00f3n estudiantil debidamente organizada para perdurar en el tiempo, en la que sus miembros puedan participar y beneficiarse de los programas del ACI para adquirir los conocimientos y t\u00e9cnicas mas avanzadas en el uso del cemento y hormig\u00f3n. Nuestra visi\u00f3n como club estudiantil [&hellip;]<\/p>\n","protected":false},"author":11272,"featured_media":0,"parent":0,"menu_order":0,"comment_status":"closed","ping_status":"closed","template":"","meta":{"footnotes":""},"class_list":["post-279","page","type-page","status-publish","hentry"],"_links":{"self":[{"href":"https:\/\/blog.espol.edu.ec\/aciespol\/wp-json\/wp\/v2\/pages\/279","targetHints":{"allow":["GET"]}}],"collection":[{"href":"https:\/\/blog.espol.edu.ec\/aciespol\/wp-json\/wp\/v2\/pages"}],"about":[{"href":"https:\/\/blog.espol.edu.ec\/aciespol\/wp-json\/wp\/v2\/types\/page"}],"author":[{"embeddable":true,"href":"https:\/\/blog.espol.edu.ec\/aciespol\/wp-json\/wp\/v2\/users\/11272"}],"replies":[{"embeddable":true,"href":"https:\/\/blog.espol.edu.ec\/aciespol\/wp-json\/wp\/v2\/comments?post=279"}],"version-history":[{"count":6,"href":"https:\/\/blog.espol.edu.ec\/aciespol\/wp-json\/wp\/v2\/pages\/279\/revisions"}],"predecessor-version":[{"id":423,"href":"https:\/\/blog.espol.edu.ec\/aciespol\/wp-json\/wp\/v2\/pages\/279\/revisions\/423"}],"wp:attachment":[{"href":"https:\/\/blog.espol.edu.ec\/aciespol\/wp-json\/wp\/v2\/media?parent=279"}],"curies":[{"name":"wp","href":"https:\/\/api.w.org\/{rel}","templated":true}]}}