{"id":55,"date":"2023-01-08T01:18:24","date_gmt":"2023-01-08T06:18:24","guid":{"rendered":"http:\/\/blog.espol.edu.ec\/aciespol\/?page_id=55"},"modified":"2023-04-12T11:53:06","modified_gmt":"2023-04-12T16:53:06","slug":"somos","status":"publish","type":"page","link":"https:\/\/blog.espol.edu.ec\/aciespol\/somos\/","title":{"rendered":"SOMOS"},"content":{"rendered":"<div id=\"pl-55\"  class=\"panel-layout\" ><div id=\"pg-55-0\"  class=\"panel-grid panel-has-style\" ><div class=\"siteorigin-panels-stretch panel-row-style panel-row-style-for-55-0\" data-stretch-type=\"full-stretched\" ><div id=\"pgc-55-0-0\"  class=\"panel-grid-cell\" ><div id=\"panel-55-0-0-0\" class=\"so-panel widget widget_sow-hero panel-first-child panel-last-child\" data-index=\"0\" ><div\n\t\t\t\n\t\t\tclass=\"so-widget-sow-hero so-widget-sow-hero-default-6e283e92799f-55 so-widget-fittext-wrapper\"\n\t\t\t data-fit-text-compressor=\"0.85\"\n\t\t>\t\t\t\t<div class=\"sow-slider-base\" style=\"display: none\" tabindex=\"0\">\n\t\t\t\t\t<ul\n\t\t\t\t\tclass=\"sow-slider-images\"\n\t\t\t\t\tdata-settings=\"{&quot;pagination&quot;:true,&quot;speed&quot;:800,&quot;timeout&quot;:8000,&quot;paused&quot;:false,&quot;pause_on_hover&quot;:false,&quot;swipe&quot;:true,&quot;nav_always_show_desktop&quot;:&quot;&quot;,&quot;nav_always_show_mobile&quot;:&quot;&quot;,&quot;breakpoint&quot;:&quot;780px&quot;,&quot;unmute&quot;:false,&quot;anchor&quot;:null}\"\n\t\t\t\t\t\t\t\t\t\tdata-anchor-id=\"\"\n\t\t\t\t>\t\t<li class=\"sow-slider-image  sow-slider-image-cover\" style=\"visibility: visible;;background-color: #333333\" >\n\t\t\t\t\t<div class=\"sow-slider-image-container\">\n\t\t\t<div class=\"sow-slider-image-wrapper\">\n\t\t\t\t<h2 style=\"text-align: center\">Qui\u00e9nes Somos<\/h2>\t\t\t<\/div>\n\t\t<\/div>\n\t\t<div class=\"sow-slider-image-overlay sow-slider-image-cover\" style=\"opacity: 0.6;background-image: url(https:\/\/blog.espol.edu.ec\/aciespol\/files\/2023\/04\/SOMOS-e1681096637987.jpeg)\"  ><\/div>\t\t<\/li>\n\t\t<\/ul>\t\t\t\t<ol class=\"sow-slider-pagination\">\n\t\t\t\t\t\t\t\t\t\t\t<li><a href=\"#\" data-goto=\"0\" aria-label=\"mostrar diapositiva 1\"><\/a><\/li>\n\t\t\t\t\t\t\t\t\t<\/ol>\n\n\t\t\t\t<div class=\"sow-slide-nav sow-slide-nav-next\">\n\t\t\t\t\t<a href=\"#\" data-goto=\"next\" aria-label=\"diapositiva siguiente\" data-action=\"next\">\n\t\t\t\t\t\t<em class=\"sow-sld-icon-thin-right\"><\/em>\n\t\t\t\t\t<\/a>\n\t\t\t\t<\/div>\n\n\t\t\t\t<div class=\"sow-slide-nav sow-slide-nav-prev\">\n\t\t\t\t\t<a href=\"#\" data-goto=\"previous\" aria-label=\"diapositiva anterior\" data-action=\"prev\">\n\t\t\t\t\t\t<em class=\"sow-sld-icon-thin-left\"><\/em>\n\t\t\t\t\t<\/a>\n\t\t\t\t<\/div>\n\t\t\t\t<\/div><\/div><\/div><\/div><\/div><\/div><div id=\"pg-55-1\"  class=\"panel-grid panel-has-style\" ><div class=\"siteorigin-panels-stretch panel-row-style panel-row-style-for-55-1\" data-stretch-type=\"full\" ><div id=\"pgc-55-1-0\"  class=\"panel-grid-cell\" ><div id=\"panel-55-1-0-0\" class=\"so-panel widget widget_sow-editor panel-first-child panel-last-child\" data-index=\"1\" ><div\n\t\t\t\n\t\t\tclass=\"so-widget-sow-editor so-widget-sow-editor-base\"\n\t\t\t\n\t\t>\n<div class=\"siteorigin-widget-tinymce textwidget\">\n\t<p style=\"text-align: justify\">El prop\u00f3sito del Cap\u00edtulo de Estudiantes de la Escuela Superior Polit\u00e9cnica del Litoral (ESPOL) es fomentar el inter\u00e9s de los estudiantes universitarios en el conocimiento del ACI, del cap\u00edtulo Ecuador del ACI y su participaci\u00f3n en las actividades relacionadas con el dise\u00f1o, construcci\u00f3n, manufactura, uso y mantenimiento de productos y estructuras elaboradas con hormig\u00f3n, as\u00ed como promover y alentar el inter\u00e9s estudiantil en el estudio del hormig\u00f3n, tanto a nivel de investigaci\u00f3n, como difusi\u00f3n del conocimiento que actualmente se tiene sobre el mismo y la aplicaci\u00f3n en nuestro medio en obras y proyectos futuros.<\/p>\n<p style=\"text-align: justify\">Son admitidos al ACI-ESPOL Student Chapter aquellos estudiantes registrados en cualquier carrera de nuestra universidad, los miembros obtienen beneficios varios entre ellos la participaci\u00f3n de las actividades realizadas por el cap\u00edtulo, ser parte de concursos nacionales e internacionales, acceso gratuito a los beneficios que ofrece la membres\u00eda ACI Internacional.<\/p>\n<p style=\"text-align: justify\">Debido al compromiso de los integrantes el cap\u00edtulo estudiantil ha ganado varios reconocimientos ACI Internacional a lo largo de su trayectoria, entre ellos el \"Outstanding University\" y \"Excellent University\". Agradecemos a cada una de las personas quienes conforman este gran equipo, esperando seguir creciendo como una gran familia.<\/p>\n<\/div>\n<\/div><\/div><\/div><\/div><\/div><\/div>","protected":false},"excerpt":{"rendered":"<p>El prop\u00f3sito del Cap\u00edtulo de Estudiantes de la Escuela Superior Polit\u00e9cnica del Litoral (ESPOL) es fomentar el inter\u00e9s de los estudiantes universitarios en el conocimiento del ACI, del cap\u00edtulo Ecuador del ACI y su participaci\u00f3n en las actividades relacionadas con el dise\u00f1o, construcci\u00f3n, manufactura, uso y mantenimiento de productos y estructuras elaboradas con hormig\u00f3n, as\u00ed [&hellip;]<\/p>\n","protected":false},"author":11272,"featured_media":0,"parent":0,"menu_order":0,"comment_status":"closed","ping_status":"closed","template":"","meta":{"footnotes":""},"class_list":["post-55","page","type-page","status-publish","hentry"],"_links":{"self":[{"href":"https:\/\/blog.espol.edu.ec\/aciespol\/wp-json\/wp\/v2\/pages\/55","targetHints":{"allow":["GET"]}}],"collection":[{"href":"https:\/\/blog.espol.edu.ec\/aciespol\/wp-json\/wp\/v2\/pages"}],"about":[{"href":"https:\/\/blog.espol.edu.ec\/aciespol\/wp-json\/wp\/v2\/types\/page"}],"author":[{"embeddable":true,"href":"https:\/\/blog.espol.edu.ec\/aciespol\/wp-json\/wp\/v2\/users\/11272"}],"replies":[{"embeddable":true,"href":"https:\/\/blog.espol.edu.ec\/aciespol\/wp-json\/wp\/v2\/comments?post=55"}],"version-history":[{"count":15,"href":"https:\/\/blog.espol.edu.ec\/aciespol\/wp-json\/wp\/v2\/pages\/55\/revisions"}],"predecessor-version":[{"id":270,"href":"https:\/\/blog.espol.edu.ec\/aciespol\/wp-json\/wp\/v2\/pages\/55\/revisions\/270"}],"wp:attachment":[{"href":"https:\/\/blog.espol.edu.ec\/aciespol\/wp-json\/wp\/v2\/media?parent=55"}],"curies":[{"name":"wp","href":"https:\/\/api.w.org\/{rel}","templated":true}]}}