{"id":69,"date":"2023-01-08T01:40:37","date_gmt":"2023-01-08T06:40:37","guid":{"rendered":"http:\/\/blog.espol.edu.ec\/aciespol\/?page_id=69"},"modified":"2023-04-13T01:00:04","modified_gmt":"2023-04-13T06:00:04","slug":"miembros","status":"publish","type":"page","link":"https:\/\/blog.espol.edu.ec\/aciespol\/miembros\/","title":{"rendered":"MIEMBROS"},"content":{"rendered":"<div id=\"pl-69\"  class=\"panel-layout\" ><div id=\"pg-69-0\"  class=\"panel-grid panel-no-style\" ><div id=\"pgc-69-0-0\"  class=\"panel-grid-cell panel-grid-cell-empty\" ><\/div><div id=\"pgc-69-0-1\"  class=\"panel-grid-cell panel-grid-cell-mobile-last\" ><div id=\"panel-69-0-1-0\" class=\"so-panel widget widget_text panel-first-child panel-last-child\" data-index=\"0\" >\t\t\t<div class=\"textwidget\">\n<table id=\"tablepress-1\" class=\"tablepress tablepress-id-1\">\n<thead>\n<tr class=\"row-1\">\n\t<td class=\"column-1\"><\/td><th class=\"column-2\">Nombre<\/th><th class=\"column-3\">Cargo<\/th>\n<\/tr>\n<\/thead>\n<tbody class=\"row-striping row-hover\">\n<tr class=\"row-2\">\n\t<td class=\"column-1\"><img loading=\"lazy\" decoding=\"async\" src=\"http:\/\/blog.espol.edu.ec\/aciespol\/files\/2024\/09\/NS-300x300.jpg\" alt=\"\" width=\"300\" height=\"300\" class=\"alignnone size-medium wp-image-555\" srcset=\"https:\/\/blog.espol.edu.ec\/aciespol\/files\/2024\/09\/NS-300x300.jpg 300w, https:\/\/blog.espol.edu.ec\/aciespol\/files\/2024\/09\/NS-150x150.jpg 150w, https:\/\/blog.espol.edu.ec\/aciespol\/files\/2024\/09\/NS-768x768.jpg 768w, https:\/\/blog.espol.edu.ec\/aciespol\/files\/2024\/09\/NS-1024x1024.jpg 1024w, https:\/\/blog.espol.edu.ec\/aciespol\/files\/2024\/09\/NS-50x50.jpg 50w, https:\/\/blog.espol.edu.ec\/aciespol\/files\/2024\/09\/NS-80x80.jpg 80w\" sizes=\"auto, (max-width: 300px) 100vw, 300px\" \/><\/td><td class=\"column-2\"><strong>NOHELIA SAAVEDRA<\/strong><\/td><td class=\"column-3\"><strong>PRESIDENTA<\/strong><\/td>\n<\/tr>\n<tr class=\"row-3\">\n\t<td class=\"column-1\"><img loading=\"lazy\" decoding=\"async\" src=\"http:\/\/blog.espol.edu.ec\/aciespol\/files\/2024\/09\/MP-300x300.jpg\" alt=\"\" width=\"300\" height=\"300\" class=\"alignnone size-medium wp-image-568\" srcset=\"https:\/\/blog.espol.edu.ec\/aciespol\/files\/2024\/09\/MP-300x300.jpg 300w, https:\/\/blog.espol.edu.ec\/aciespol\/files\/2024\/09\/MP-150x150.jpg 150w, https:\/\/blog.espol.edu.ec\/aciespol\/files\/2024\/09\/MP-768x768.jpg 768w, https:\/\/blog.espol.edu.ec\/aciespol\/files\/2024\/09\/MP-1024x1024.jpg 1024w, https:\/\/blog.espol.edu.ec\/aciespol\/files\/2024\/09\/MP-50x50.jpg 50w, https:\/\/blog.espol.edu.ec\/aciespol\/files\/2024\/09\/MP-80x80.jpg 80w\" sizes=\"auto, (max-width: 300px) 100vw, 300px\" \/><\/td><td class=\"column-2\"><strong>MICHELLE PONCE<\/strong><\/td><td class=\"column-3\"><strong>VICEPRESIDENTA<\/strong><\/td>\n<\/tr>\n<tr class=\"row-4\">\n\t<td class=\"column-1\"><img loading=\"lazy\" decoding=\"async\" src=\"http:\/\/blog.espol.edu.ec\/aciespol\/files\/2024\/09\/KM-300x300.jpg\" alt=\"\" width=\"300\" height=\"300\" class=\"alignnone size-medium wp-image-556\" srcset=\"https:\/\/blog.espol.edu.ec\/aciespol\/files\/2024\/09\/KM-300x300.jpg 300w, https:\/\/blog.espol.edu.ec\/aciespol\/files\/2024\/09\/KM-150x150.jpg 150w, https:\/\/blog.espol.edu.ec\/aciespol\/files\/2024\/09\/KM-768x768.jpg 768w, https:\/\/blog.espol.edu.ec\/aciespol\/files\/2024\/09\/KM-1024x1024.jpg 1024w, https:\/\/blog.espol.edu.ec\/aciespol\/files\/2024\/09\/KM-50x50.jpg 50w, https:\/\/blog.espol.edu.ec\/aciespol\/files\/2024\/09\/KM-80x80.jpg 80w\" sizes=\"auto, (max-width: 300px) 100vw, 300px\" \/><\/td><td class=\"column-2\"><strong>KEEN MENDOZA<\/strong><\/td><td class=\"column-3\"><strong>SECRETARIO<\/strong><\/td>\n<\/tr>\n<tr class=\"row-5\">\n\t<td class=\"column-1\"><img loading=\"lazy\" decoding=\"async\" src=\"http:\/\/blog.espol.edu.ec\/aciespol\/files\/2024\/09\/TE-300x300.jpg\" alt=\"\" width=\"300\" height=\"300\" class=\"alignnone size-medium wp-image-557\" srcset=\"https:\/\/blog.espol.edu.ec\/aciespol\/files\/2024\/09\/TE-300x300.jpg 300w, https:\/\/blog.espol.edu.ec\/aciespol\/files\/2024\/09\/TE-150x150.jpg 150w, https:\/\/blog.espol.edu.ec\/aciespol\/files\/2024\/09\/TE-768x768.jpg 768w, https:\/\/blog.espol.edu.ec\/aciespol\/files\/2024\/09\/TE-1024x1024.jpg 1024w, https:\/\/blog.espol.edu.ec\/aciespol\/files\/2024\/09\/TE-50x50.jpg 50w, https:\/\/blog.espol.edu.ec\/aciespol\/files\/2024\/09\/TE-80x80.jpg 80w, https:\/\/blog.espol.edu.ec\/aciespol\/files\/2024\/09\/TE.jpg 2035w\" sizes=\"auto, (max-width: 300px) 100vw, 300px\" \/><\/td><td class=\"column-2\"><strong>TERESA ESCOBAR<\/strong><\/td><td class=\"column-3\"><strong>TALENTO HUMANO<\/strong><\/td>\n<\/tr>\n<tr class=\"row-6\">\n\t<td class=\"column-1\"><img loading=\"lazy\" decoding=\"async\" src=\"http:\/\/blog.espol.edu.ec\/aciespol\/files\/2024\/09\/MV-300x300.jpg\" alt=\"\" width=\"300\" height=\"300\" class=\"alignnone size-medium wp-image-562\" srcset=\"https:\/\/blog.espol.edu.ec\/aciespol\/files\/2024\/09\/MV-300x300.jpg 300w, https:\/\/blog.espol.edu.ec\/aciespol\/files\/2024\/09\/MV-150x150.jpg 150w, https:\/\/blog.espol.edu.ec\/aciespol\/files\/2024\/09\/MV-768x768.jpg 768w, https:\/\/blog.espol.edu.ec\/aciespol\/files\/2024\/09\/MV-1024x1024.jpg 1024w, https:\/\/blog.espol.edu.ec\/aciespol\/files\/2024\/09\/MV-50x50.jpg 50w, https:\/\/blog.espol.edu.ec\/aciespol\/files\/2024\/09\/MV-80x80.jpg 80w\" sizes=\"auto, (max-width: 300px) 100vw, 300px\" \/><\/td><td class=\"column-2\"><strong>MIGUEL VERGARA<\/strong><\/td><td class=\"column-3\"><strong>INVESTIGACI\u00d3N<\/strong><\/td>\n<\/tr>\n<tr class=\"row-7\">\n\t<td class=\"column-1\"><img loading=\"lazy\" decoding=\"async\" src=\"http:\/\/blog.espol.edu.ec\/aciespol\/files\/2024\/09\/JT-300x300.jpg\" alt=\"\" width=\"300\" height=\"300\" class=\"alignnone size-medium wp-image-563\" srcset=\"https:\/\/blog.espol.edu.ec\/aciespol\/files\/2024\/09\/JT-300x300.jpg 300w, https:\/\/blog.espol.edu.ec\/aciespol\/files\/2024\/09\/JT-150x150.jpg 150w, https:\/\/blog.espol.edu.ec\/aciespol\/files\/2024\/09\/JT-768x768.jpg 768w, https:\/\/blog.espol.edu.ec\/aciespol\/files\/2024\/09\/JT-1024x1024.jpg 1024w, https:\/\/blog.espol.edu.ec\/aciespol\/files\/2024\/09\/JT-50x50.jpg 50w, https:\/\/blog.espol.edu.ec\/aciespol\/files\/2024\/09\/JT-80x80.jpg 80w\" sizes=\"auto, (max-width: 300px) 100vw, 300px\" \/><\/td><td class=\"column-2\"><strong>JULIANNY TORRES<\/strong><\/td><td class=\"column-3\">INVESTIGACI\u00d3N<\/td>\n<\/tr>\n<tr class=\"row-8\">\n\t<td class=\"column-1\"><img loading=\"lazy\" decoding=\"async\" src=\"http:\/\/blog.espol.edu.ec\/aciespol\/files\/2024\/09\/JZ-300x300.jpg\" alt=\"\" width=\"300\" height=\"300\" class=\"alignnone size-medium wp-image-564\" srcset=\"https:\/\/blog.espol.edu.ec\/aciespol\/files\/2024\/09\/JZ-300x300.jpg 300w, https:\/\/blog.espol.edu.ec\/aciespol\/files\/2024\/09\/JZ-150x150.jpg 150w, https:\/\/blog.espol.edu.ec\/aciespol\/files\/2024\/09\/JZ-768x768.jpg 768w, https:\/\/blog.espol.edu.ec\/aciespol\/files\/2024\/09\/JZ-1024x1024.jpg 1024w, https:\/\/blog.espol.edu.ec\/aciespol\/files\/2024\/09\/JZ-50x50.jpg 50w, https:\/\/blog.espol.edu.ec\/aciespol\/files\/2024\/09\/JZ-80x80.jpg 80w\" sizes=\"auto, (max-width: 300px) 100vw, 300px\" \/><\/td><td class=\"column-2\"><strong>JAVIER ZU\u00d1A<\/strong><\/td><td class=\"column-3\">INVESTIGACI\u00d3N<\/td>\n<\/tr>\n<tr class=\"row-9\">\n\t<td class=\"column-1\"><img loading=\"lazy\" decoding=\"async\" src=\"http:\/\/blog.espol.edu.ec\/aciespol\/files\/2024\/09\/PF-300x300.jpg\" alt=\"\" width=\"300\" height=\"300\" class=\"alignnone size-medium wp-image-558\" srcset=\"https:\/\/blog.espol.edu.ec\/aciespol\/files\/2024\/09\/PF-300x300.jpg 300w, https:\/\/blog.espol.edu.ec\/aciespol\/files\/2024\/09\/PF-150x150.jpg 150w, https:\/\/blog.espol.edu.ec\/aciespol\/files\/2024\/09\/PF-768x768.jpg 768w, https:\/\/blog.espol.edu.ec\/aciespol\/files\/2024\/09\/PF-1024x1024.jpg 1024w, https:\/\/blog.espol.edu.ec\/aciespol\/files\/2024\/09\/PF-50x50.jpg 50w, https:\/\/blog.espol.edu.ec\/aciespol\/files\/2024\/09\/PF-80x80.jpg 80w\" sizes=\"auto, (max-width: 300px) 100vw, 300px\" \/><\/td><td class=\"column-2\"><strong>PAUL FRANCO<\/strong><\/td><td class=\"column-3\"><strong>GESTI\u00d3N ACAD\u00c9MICA<\/strong><\/td>\n<\/tr>\n<tr class=\"row-10\">\n\t<td class=\"column-1\"><img loading=\"lazy\" decoding=\"async\" src=\"http:\/\/blog.espol.edu.ec\/aciespol\/files\/2024\/09\/AM-300x300.jpg\" alt=\"\" width=\"300\" height=\"300\" class=\"alignnone size-medium wp-image-559\" srcset=\"https:\/\/blog.espol.edu.ec\/aciespol\/files\/2024\/09\/AM-300x300.jpg 300w, https:\/\/blog.espol.edu.ec\/aciespol\/files\/2024\/09\/AM-150x150.jpg 150w, https:\/\/blog.espol.edu.ec\/aciespol\/files\/2024\/09\/AM-768x768.jpg 768w, https:\/\/blog.espol.edu.ec\/aciespol\/files\/2024\/09\/AM-1024x1024.jpg 1024w, https:\/\/blog.espol.edu.ec\/aciespol\/files\/2024\/09\/AM-50x50.jpg 50w, https:\/\/blog.espol.edu.ec\/aciespol\/files\/2024\/09\/AM-80x80.jpg 80w\" sizes=\"auto, (max-width: 300px) 100vw, 300px\" \/><\/td><td class=\"column-2\"><strong>ANAH\u00cd MERA<\/strong><\/td><td class=\"column-3\"><strong>RELACIONES P\u00daBLICAS Y FINANZAS<\/strong><\/td>\n<\/tr>\n<tr class=\"row-11\">\n\t<td class=\"column-1\"><img loading=\"lazy\" decoding=\"async\" src=\"http:\/\/blog.espol.edu.ec\/aciespol\/files\/2024\/09\/HM-300x300.jpg\" alt=\"\" width=\"300\" height=\"300\" class=\"alignnone size-medium wp-image-560\" srcset=\"https:\/\/blog.espol.edu.ec\/aciespol\/files\/2024\/09\/HM-300x300.jpg 300w, https:\/\/blog.espol.edu.ec\/aciespol\/files\/2024\/09\/HM-150x150.jpg 150w, https:\/\/blog.espol.edu.ec\/aciespol\/files\/2024\/09\/HM-768x768.jpg 768w, https:\/\/blog.espol.edu.ec\/aciespol\/files\/2024\/09\/HM-1024x1024.jpg 1024w, https:\/\/blog.espol.edu.ec\/aciespol\/files\/2024\/09\/HM-50x50.jpg 50w, https:\/\/blog.espol.edu.ec\/aciespol\/files\/2024\/09\/HM-80x80.jpg 80w\" sizes=\"auto, (max-width: 300px) 100vw, 300px\" \/><\/td><td class=\"column-2\"><strong>H\u00c9CTOR MONTILLA<\/strong><\/td><td class=\"column-3\"><strong>RELACIONES INTERNACIONALES<\/strong><\/td>\n<\/tr>\n<tr class=\"row-12\">\n\t<td class=\"column-1\"><img loading=\"lazy\" decoding=\"async\" src=\"http:\/\/blog.espol.edu.ec\/aciespol\/files\/2024\/09\/AR-300x300.jpg\" alt=\"\" width=\"300\" height=\"300\" class=\"alignnone size-medium wp-image-565\" srcset=\"https:\/\/blog.espol.edu.ec\/aciespol\/files\/2024\/09\/AR-300x300.jpg 300w, https:\/\/blog.espol.edu.ec\/aciespol\/files\/2024\/09\/AR-150x150.jpg 150w, https:\/\/blog.espol.edu.ec\/aciespol\/files\/2024\/09\/AR-768x768.jpg 768w, https:\/\/blog.espol.edu.ec\/aciespol\/files\/2024\/09\/AR-1024x1024.jpg 1024w, https:\/\/blog.espol.edu.ec\/aciespol\/files\/2024\/09\/AR-50x50.jpg 50w, https:\/\/blog.espol.edu.ec\/aciespol\/files\/2024\/09\/AR-80x80.jpg 80w\" sizes=\"auto, (max-width: 300px) 100vw, 300px\" \/><\/td><td class=\"column-2\"><strong>ANGIE RODRIGUEZ<\/strong><\/td><td class=\"column-3\"><strong>MARKETING<\/strong><\/td>\n<\/tr>\n<tr class=\"row-13\">\n\t<td class=\"column-1\"><img loading=\"lazy\" decoding=\"async\" src=\"http:\/\/blog.espol.edu.ec\/aciespol\/files\/2024\/09\/CS-300x300.jpg\" alt=\"\" width=\"300\" height=\"300\" class=\"alignnone size-medium wp-image-566\" srcset=\"https:\/\/blog.espol.edu.ec\/aciespol\/files\/2024\/09\/CS-300x300.jpg 300w, https:\/\/blog.espol.edu.ec\/aciespol\/files\/2024\/09\/CS-150x150.jpg 150w, https:\/\/blog.espol.edu.ec\/aciespol\/files\/2024\/09\/CS-768x768.jpg 768w, https:\/\/blog.espol.edu.ec\/aciespol\/files\/2024\/09\/CS-1024x1024.jpg 1024w, https:\/\/blog.espol.edu.ec\/aciespol\/files\/2024\/09\/CS-50x50.jpg 50w, https:\/\/blog.espol.edu.ec\/aciespol\/files\/2024\/09\/CS-80x80.jpg 80w\" sizes=\"auto, (max-width: 300px) 100vw, 300px\" \/><\/td><td class=\"column-2\"><strong>CARLOS SARMIENTO<\/strong><\/td><td class=\"column-3\">MARKETING<\/td>\n<\/tr>\n<tr class=\"row-14\">\n\t<td class=\"column-1\"><img loading=\"lazy\" decoding=\"async\" src=\"http:\/\/blog.espol.edu.ec\/aciespol\/files\/2024\/09\/PA-300x300.jpg\" alt=\"\" width=\"300\" height=\"300\" class=\"alignnone size-medium wp-image-567\" srcset=\"https:\/\/blog.espol.edu.ec\/aciespol\/files\/2024\/09\/PA-300x300.jpg 300w, https:\/\/blog.espol.edu.ec\/aciespol\/files\/2024\/09\/PA-150x150.jpg 150w, https:\/\/blog.espol.edu.ec\/aciespol\/files\/2024\/09\/PA-768x768.jpg 768w, https:\/\/blog.espol.edu.ec\/aciespol\/files\/2024\/09\/PA-1024x1024.jpg 1024w, https:\/\/blog.espol.edu.ec\/aciespol\/files\/2024\/09\/PA-50x50.jpg 50w, https:\/\/blog.espol.edu.ec\/aciespol\/files\/2024\/09\/PA-80x80.jpg 80w\" sizes=\"auto, (max-width: 300px) 100vw, 300px\" \/><\/td><td class=\"column-2\"><strong>PAULA ABAD<\/strong><\/td><td class=\"column-3\">MARKETING<\/td>\n<\/tr>\n<tr class=\"row-15\">\n\t<td class=\"column-1\"><img loading=\"lazy\" decoding=\"async\" src=\"http:\/\/blog.espol.edu.ec\/aciespol\/files\/2024\/09\/MB-300x300.jpg\" alt=\"\" width=\"300\" height=\"300\" class=\"alignnone size-medium wp-image-561\" srcset=\"https:\/\/blog.espol.edu.ec\/aciespol\/files\/2024\/09\/MB-300x300.jpg 300w, https:\/\/blog.espol.edu.ec\/aciespol\/files\/2024\/09\/MB-150x150.jpg 150w, https:\/\/blog.espol.edu.ec\/aciespol\/files\/2024\/09\/MB-768x768.jpg 768w, https:\/\/blog.espol.edu.ec\/aciespol\/files\/2024\/09\/MB-1024x1024.jpg 1024w, https:\/\/blog.espol.edu.ec\/aciespol\/files\/2024\/09\/MB-50x50.jpg 50w, https:\/\/blog.espol.edu.ec\/aciespol\/files\/2024\/09\/MB-80x80.jpg 80w\" sizes=\"auto, (max-width: 300px) 100vw, 300px\" \/><\/td><td class=\"column-2\"><strong>MELL BARZOLA<\/strong><\/td><td class=\"column-3\"><strong>TICs<\/strong><\/td>\n<\/tr>\n<\/tbody>\n<\/table>\n\n<\/div>\n\t\t<\/div><\/div><div id=\"pgc-69-0-2\"  class=\"panel-grid-cell panel-grid-cell-empty\" ><\/div><\/div><\/div>","protected":false},"excerpt":{"rendered":"<p>NombreCargo NOHELIA SAAVEDRAPRESIDENTA MICHELLE PONCEVICEPRESIDENTA KEEN MENDOZASECRETARIO TERESA ESCOBARTALENTO HUMANO MIGUEL VERGARAINVESTIGACI\u00d3N JULIANNY TORRESINVESTIGACI\u00d3N JAVIER ZU\u00d1AINVESTIGACI\u00d3N PAUL FRANCOGESTI\u00d3N ACAD\u00c9MICA ANAH\u00cd MERARELACIONES P\u00daBLICAS Y FINANZAS H\u00c9CTOR MONTILLARELACIONES INTERNACIONALES ANGIE RODRIGUEZMARKETING CARLOS SARMIENTOMARKETING PAULA ABADMARKETING MELL BARZOLATICs<\/p>\n","protected":false},"author":11272,"featured_media":0,"parent":0,"menu_order":0,"comment_status":"closed","ping_status":"closed","template":"","meta":{"footnotes":""},"class_list":["post-69","page","type-page","status-publish","hentry"],"_links":{"self":[{"href":"https:\/\/blog.espol.edu.ec\/aciespol\/wp-json\/wp\/v2\/pages\/69","targetHints":{"allow":["GET"]}}],"collection":[{"href":"https:\/\/blog.espol.edu.ec\/aciespol\/wp-json\/wp\/v2\/pages"}],"about":[{"href":"https:\/\/blog.espol.edu.ec\/aciespol\/wp-json\/wp\/v2\/types\/page"}],"author":[{"embeddable":true,"href":"https:\/\/blog.espol.edu.ec\/aciespol\/wp-json\/wp\/v2\/users\/11272"}],"replies":[{"embeddable":true,"href":"https:\/\/blog.espol.edu.ec\/aciespol\/wp-json\/wp\/v2\/comments?post=69"}],"version-history":[{"count":15,"href":"https:\/\/blog.espol.edu.ec\/aciespol\/wp-json\/wp\/v2\/pages\/69\/revisions"}],"predecessor-version":[{"id":570,"href":"https:\/\/blog.espol.edu.ec\/aciespol\/wp-json\/wp\/v2\/pages\/69\/revisions\/570"}],"wp:attachment":[{"href":"https:\/\/blog.espol.edu.ec\/aciespol\/wp-json\/wp\/v2\/media?parent=69"}],"curies":[{"name":"wp","href":"https:\/\/api.w.org\/{rel}","templated":true}]}}