{"id":239,"date":"2021-12-28T19:36:21","date_gmt":"2021-12-28T19:36:21","guid":{"rendered":"http:\/\/blog.espol.edu.ec\/adguale\/?page_id=239"},"modified":"2021-12-29T07:56:40","modified_gmt":"2021-12-29T07:56:40","slug":"angel-guale","status":"publish","type":"page","link":"https:\/\/blog.espol.edu.ec\/adguale\/","title":{"rendered":"Angel Guale"},"content":{"rendered":"<p style=\"text-align: center\">Ciencias de la computaci\u00f3n y Matem\u00e1ticas<\/p>\n<p>&nbsp;<\/p>\n<p><a href=\"http:\/\/blog.espol.edu.ec\/adguale\/files\/2021\/12\/IMG-20150517-WA0003-2.jpg\"><img loading=\"lazy\" decoding=\"async\" class=\"size-full wp-image-242 aligncenter\" src=\"http:\/\/blog.espol.edu.ec\/adguale\/files\/2021\/12\/IMG-20150517-WA0003-2.jpg\" alt=\"\" width=\"422\" height=\"470\" \/><\/a><\/p>\n<h3><strong>Email<\/strong><\/h3>\n<p>adguale at espol.edu.ec<\/p>\n<p>angelguale at gmail.com<\/p>\n<h3><strong>Intereses<\/strong><\/h3>\n<p>Topolog\u00eda General<\/p>\n<p>Topolog\u00eda Algebraica<\/p>\n<p>Teor\u00eda de Grafos<\/p>\n<p>&nbsp;<\/p>\n<p>&nbsp;<\/p>\n<h3><strong>Estudios<\/strong><\/h3>\n<p>Escuela Superior Polit\u00e9cnica del Litoral - Pregrado<\/p>\n<p>&nbsp;<\/p>\n<h3><strong>Publicaciones<\/strong><\/h3>\n<p><strong>\u00a0<\/strong><strong>Journal papers<\/strong><\/p>\n<p>Vielma, J., &amp; Guale, A. (2019). A topological approach to the Ulam\u2013Kakutani\u2013Collatz conjecture. Topology and its Applications, 256, 1-6.<\/p>\n<p>&nbsp;<\/p>\n<p>Garc\u00eda-Ferreira, S., Guale, A., &amp; Vielma, J. (2019). Primal topologies on the integers. Quaestiones Mathematicae, 1-11.<\/p>\n<p>&nbsp;<\/p>\n<p>Guale, A., Mejias, F., &amp; Vielma, J. (2020). Paths in primal spaces and the Collatz conjecture. Quaestiones Mathematicae, 1-7.<\/p>\n<p>&nbsp;<\/p>\n<p>Mejias, F., Vielma, J., &amp; Guale, A. (2020). A Topological Path to the Collatz Conjecture: A historical point of view. Advances in Dynamical Systems and Applications (ADSA), 15(2), 143-151.<\/p>\n<p>&nbsp;<\/p>\n<p>Bracamonte, M. R., Guale, A., &amp; Vielma, J. E. (2020). Separation axioms modulo a tolerance relation. Applied Mathematics and Information Sciences, 14(4), 577-582.<\/p>\n<p>&nbsp;<\/p>\n<p><strong>Conference indexed papers<\/strong><\/p>\n<p>Vielma, J., &amp; Guale, \u00c1. (2019). The topological face of the Collatz conjecture. In Book of proceedings 2019 Interdisciplinary Colloquium in Topology and its Applications: in honour of professors Elena Mart\u00edn Peinador and Eusebio Corbacho Rosas on the occasion of their retirements, Vigo, June 19-22, 2019 (pp. 155-156). Servizo de Publicaci\u00f3ns.<\/p>\n<p>&nbsp;<\/p>\n<p>Guale, Angel, Roberto Yoncon, Fanny A. Panchana, Bonny N. Bayot, and Dennis G. Romero (2019). \"Assessment of sorting techniques for automatic identification of shrimp organs from histological images.\" 15th LACCEI International Multi-Conference for Engineering, Education, and Technology: \u201cGlobal Partnerships for Development and Engineering Education\u201d, 19-21 July 2017, Boca Raton FL, United States.<\/p>\n<p>&nbsp;<\/p>\n","protected":false},"excerpt":{"rendered":"<p>Ciencias de la computaci\u00f3n y Matem\u00e1ticas &nbsp; Email adguale at espol.edu.ec angelguale at gmail.com Intereses Topolog\u00eda General Topolog\u00eda Algebraica Teor\u00eda de Grafos &nbsp; &nbsp; Estudios Escuela Superior Polit\u00e9cnica del Litoral - Pregrado &nbsp; Publicaciones \u00a0Journal papers Vielma, J., &amp; Guale, A. (2019). A topological approach to the Ulam\u2013Kakutani\u2013Collatz conjecture. Topology and its Applications, 256, 1-6. &hellip; <a href=\"https:\/\/blog.espol.edu.ec\/adguale\/\" class=\"more-link\">Sigue leyendo <span class=\"screen-reader-text\">Angel Guale<\/span><\/a><\/p>\n","protected":false},"author":5810,"featured_media":0,"parent":0,"menu_order":0,"comment_status":"closed","ping_status":"closed","template":"","meta":{"footnotes":""},"class_list":["post-239","page","type-page","status-publish","hentry"],"_links":{"self":[{"href":"https:\/\/blog.espol.edu.ec\/adguale\/wp-json\/wp\/v2\/pages\/239","targetHints":{"allow":["GET"]}}],"collection":[{"href":"https:\/\/blog.espol.edu.ec\/adguale\/wp-json\/wp\/v2\/pages"}],"about":[{"href":"https:\/\/blog.espol.edu.ec\/adguale\/wp-json\/wp\/v2\/types\/page"}],"author":[{"embeddable":true,"href":"https:\/\/blog.espol.edu.ec\/adguale\/wp-json\/wp\/v2\/users\/5810"}],"replies":[{"embeddable":true,"href":"https:\/\/blog.espol.edu.ec\/adguale\/wp-json\/wp\/v2\/comments?post=239"}],"version-history":[{"count":5,"href":"https:\/\/blog.espol.edu.ec\/adguale\/wp-json\/wp\/v2\/pages\/239\/revisions"}],"predecessor-version":[{"id":302,"href":"https:\/\/blog.espol.edu.ec\/adguale\/wp-json\/wp\/v2\/pages\/239\/revisions\/302"}],"wp:attachment":[{"href":"https:\/\/blog.espol.edu.ec\/adguale\/wp-json\/wp\/v2\/media?parent=239"}],"curies":[{"name":"wp","href":"https:\/\/api.w.org\/{rel}","templated":true}]}}