{"id":322,"date":"2022-01-02T19:08:35","date_gmt":"2022-01-02T19:08:35","guid":{"rendered":"http:\/\/blog.espol.edu.ec\/adguale\/?page_id=322"},"modified":"2022-01-30T22:13:05","modified_gmt":"2022-01-30T22:13:05","slug":"proyectos-algebra-lineal","status":"publish","type":"page","link":"https:\/\/blog.espol.edu.ec\/adguale\/proyectos-algebra-lineal\/","title":{"rendered":"Proyectos \u00c1lgebra Lineal"},"content":{"rendered":"<p>El \u00e1lgebra lineal cuenta con varias aplicaciones en los campos de la ingenier\u00eda, la econom\u00eda y la estad\u00edstica.<\/p>\n<p>En esta secci\u00f3n se presentan varios temas de proyectos para el curso de \u00c1lgebra Lineal de la ESPOL. continuaci\u00f3n los enlaces de descarga<\/p>\n<p>Proyecto Biblioteca<br \/>\n<a href=\"http:\/\/blog.espol.edu.ec\/adguale\/files\/2022\/01\/proyecto_biblioteca_2019.pdf\">PDF<\/a><\/p>\n<p>Proyecto Tr\u00e1fico<br \/>\n<a href=\"http:\/\/blog.espol.edu.ec\/adguale\/files\/2022\/01\/proyecto_trafico_2019.pdf\">PDF<\/a><\/p>\n<p>Proyecto Movimiento rob\u00f3tico<br \/>\n<a href=\"http:\/\/blog.espol.edu.ec\/adguale\/files\/2022\/01\/coordenadas_homogeneas_mov_robot.pdf\">PDF 1<\/a><br \/>\n<a href=\"http:\/\/blog.espol.edu.ec\/adguale\/files\/2022\/01\/proyecto_homogeneus_2019.pdf\">PDF 2<\/a><\/p>\n<p>Proyecto Fourier<br \/>\n<a href=\"http:\/\/blog.espol.edu.ec\/adguale\/files\/2022\/01\/proyecto_fourier.pdf\">PDF 1<\/a><br \/>\n<a href=\"http:\/\/blog.espol.edu.ec\/adguale\/files\/2022\/01\/funciones_ortogonales_y_sf.pdf\">funciones_ortogonales_y_sf<\/a><br \/>\n<a href=\"http:\/\/blog.espol.edu.ec\/adguale\/files\/2022\/01\/series_fourier_prod_interno.pdf\">series_fourier_prod_interno<\/a><\/p>\n<p>Proyecto Programaci\u00f3n Lineal<br \/>\n<a href=\"http:\/\/blog.espol.edu.ec\/adguale\/files\/2022\/01\/proyecto_Prog_Lineal.pdf\">PDF 1<\/a><\/p>\n<p>Proyecto Grafos<br \/>\n<a href=\"http:\/\/blog.espol.edu.ec\/adguale\/files\/2022\/01\/logistica-proyecto_7_Grafos_vias.pdf\">PDF 1<\/a><\/p>\n<p>Proyecto Criptograf\u00eda<br \/>\n<a href=\"http:\/\/blog.espol.edu.ec\/adguale\/files\/2022\/01\/Proyecto_Criptograf\u00eda2.2.pdf\">PDF 1<\/a><\/p>\n<p>Proyecto Aeron\u00e1utica<br \/>\n<a href=\"http:\/\/blog.espol.edu.ec\/adguale\/files\/2022\/01\/Caso_de_Estudio_GRUPO1.pdf\">PDF 1<\/a>\u00a0<a href=\"http:\/\/blog.espol.edu.ec\/adguale\/files\/2022\/01\/Proyectos_Regresion_Aeronautica.pdf\">PDF2<\/a><br \/>\n<a href=\"http:\/\/blog.espol.edu.ec\/adguale\/files\/2022\/01\/Proyecto2020_Grupo1_Datos.xlsx\">Datos Excel<\/a><\/p>\n<p>Proyecto Grafos - Corrupci\u00f3n<br \/>\n<a href=\"http:\/\/blog.espol.edu.ec\/adguale\/files\/2022\/01\/Proyecto2019_1_Grafos1.1.pdf\">PDF 1<\/a><\/p>\n<p>Proyecto Markov - Precio del Petr\u00f3leo<br \/>\n<a href=\"http:\/\/blog.espol.edu.ec\/adguale\/files\/2022\/01\/Proyecto_Markov_Petroleo.pdf\">PDF 1<\/a>\u00a0<a href=\"http:\/\/blog.espol.edu.ec\/adguale\/files\/2022\/01\/Proyecto_MARKOV_MM.pdf\">PDF 2<\/a><\/p>\n","protected":false},"excerpt":{"rendered":"<p>El \u00e1lgebra lineal cuenta con varias aplicaciones en los campos de la ingenier\u00eda, la econom\u00eda y la estad\u00edstica. En esta secci\u00f3n se presentan varios temas de proyectos para el curso de \u00c1lgebra Lineal de la ESPOL. continuaci\u00f3n los enlaces de descarga Proyecto Biblioteca PDF Proyecto Tr\u00e1fico PDF Proyecto Movimiento rob\u00f3tico PDF 1 PDF 2 Proyecto &hellip; <a href=\"https:\/\/blog.espol.edu.ec\/adguale\/proyectos-algebra-lineal\/\" class=\"more-link\">Sigue leyendo <span class=\"screen-reader-text\">Proyectos \u00c1lgebra Lineal<\/span><\/a><\/p>\n","protected":false},"author":5810,"featured_media":0,"parent":0,"menu_order":0,"comment_status":"closed","ping_status":"closed","template":"","meta":{"footnotes":""},"class_list":["post-322","page","type-page","status-publish","hentry"],"_links":{"self":[{"href":"https:\/\/blog.espol.edu.ec\/adguale\/wp-json\/wp\/v2\/pages\/322","targetHints":{"allow":["GET"]}}],"collection":[{"href":"https:\/\/blog.espol.edu.ec\/adguale\/wp-json\/wp\/v2\/pages"}],"about":[{"href":"https:\/\/blog.espol.edu.ec\/adguale\/wp-json\/wp\/v2\/types\/page"}],"author":[{"embeddable":true,"href":"https:\/\/blog.espol.edu.ec\/adguale\/wp-json\/wp\/v2\/users\/5810"}],"replies":[{"embeddable":true,"href":"https:\/\/blog.espol.edu.ec\/adguale\/wp-json\/wp\/v2\/comments?post=322"}],"version-history":[{"count":13,"href":"https:\/\/blog.espol.edu.ec\/adguale\/wp-json\/wp\/v2\/pages\/322\/revisions"}],"predecessor-version":[{"id":400,"href":"https:\/\/blog.espol.edu.ec\/adguale\/wp-json\/wp\/v2\/pages\/322\/revisions\/400"}],"wp:attachment":[{"href":"https:\/\/blog.espol.edu.ec\/adguale\/wp-json\/wp\/v2\/media?parent=322"}],"curies":[{"name":"wp","href":"https:\/\/api.w.org\/{rel}","templated":true}]}}