{"id":21,"date":"2010-06-11T20:03:33","date_gmt":"2010-06-11T20:03:33","guid":{"rendered":"http:\/\/blog.espol.edu.ec\/admejia\/?page_id=21"},"modified":"2010-06-11T20:03:38","modified_gmt":"2010-06-11T20:03:38","slug":"cine","status":"publish","type":"page","link":"https:\/\/blog.espol.edu.ec\/admejia\/cine\/","title":{"rendered":"cine"},"content":{"rendered":"<div><a href=\"http:\/\/blog.espol.edu.ec\/admejia\/files\/2010\/06\/ImageHandler.jpg\"><img loading=\"lazy\" decoding=\"async\" class=\"alignleft size-full wp-image-22\" title=\"ImageHandler\" src=\"http:\/\/blog.espol.edu.ec\/admejia\/files\/2010\/06\/ImageHandler.jpg\" alt=\"\" width=\"260\" height=\"397\" srcset=\"https:\/\/blog.espol.edu.ec\/admejia\/files\/2010\/06\/ImageHandler.jpg 260w, https:\/\/blog.espol.edu.ec\/admejia\/files\/2010\/06\/ImageHandler-196x300.jpg 196w\" sizes=\"auto, (max-width: 260px) 100vw, 260px\" \/><\/a><\/div>\n<div>\n<h4>Sinopsis<\/h4>\n<p>Hijo de un dios pero criado como hombre, Perseus no puede hacer nada para salvar a su familia de Hades, dios vengativo del infierno. Sin tener nada m\u00e1s que perder, Perseus se ofrece para liderar una peligrosa misi\u00f3n para derrotar a Hades antes de que este le arrebate el poder a Zeus y desate el infierno en la tierra. Al frente de un grupo de guerreros temerarios, Perseus se embarca en una arriesgada traves\u00eda adentr\u00e1ndose en mundos prohibidos.<\/p>\n<div>\n<p><strong>Idioma<\/strong>: Ingl\u00e9s Subtitulada al espa\u00f1ol<\/p>\n<p><strong>Duraci\u00f3n<\/strong>: 1h45min<\/p>\n<p><strong>Censura<\/strong>: 12 a\u00f1os<\/p>\n<h4>Sinopsis<\/h4>\n<p>Nos encontramos en un mundo paralelo donde la humanidad no tiene cabida. Un grupo de mu\u00f1ecos de trapo vive en esta dimensi\u00f3n y ser\u00e1n los encargados de restaurar el mundo tal y como era. 9 es el responsable de la misi\u00f3n; 1 es un veterano de guerra; 5 es un talentoso mec\u00e1nico y 7 un valiente guerrero. En su misi\u00f3n encontrar\u00e1n multitud de criaturas, las cuales podr\u00edan ser las responsables de la desaparici\u00f3n de la humanidad.<\/p>\n<div>\n<p><strong>Idioma<\/strong>: Espa\u00f1ol<\/p>\n<p><strong>Duraci\u00f3n<\/strong>: 1h20min<\/p>\n<p><strong>Censura<\/strong>: Todo P\u00fablico<\/p>\n<p><a href=\"http:\/\/blog.espol.edu.ec\/admejia\/files\/2010\/06\/fgfgfdgf.jpg\"><img loading=\"lazy\" decoding=\"async\" class=\"alignleft size-full wp-image-23\" title=\"fgfgfdgf\" src=\"http:\/\/blog.espol.edu.ec\/admejia\/files\/2010\/06\/fgfgfdgf.jpg\" alt=\"\" width=\"260\" height=\"397\" srcset=\"https:\/\/blog.espol.edu.ec\/admejia\/files\/2010\/06\/fgfgfdgf.jpg 260w, https:\/\/blog.espol.edu.ec\/admejia\/files\/2010\/06\/fgfgfdgf-196x300.jpg 196w\" sizes=\"auto, (max-width: 260px) 100vw, 260px\" \/><\/a><\/p>\n<\/div>\n<\/div>\n<\/div>\n","protected":false},"excerpt":{"rendered":"<p>Sinopsis Hijo de un dios pero criado como hombre, Perseus no puede hacer nada para salvar a su familia de Hades, dios vengativo del infierno. Sin tener nada m\u00e1s que perder, Perseus se ofrece para liderar una peligrosa misi\u00f3n para derrotar a Hades antes de que este le arrebate el poder a Zeus y desate [&hellip;]<\/p>\n","protected":false},"author":4400,"featured_media":0,"parent":0,"menu_order":0,"comment_status":"open","ping_status":"open","template":"","meta":{"footnotes":""},"class_list":["post-21","page","type-page","status-publish","hentry"],"_links":{"self":[{"href":"https:\/\/blog.espol.edu.ec\/admejia\/wp-json\/wp\/v2\/pages\/21","targetHints":{"allow":["GET"]}}],"collection":[{"href":"https:\/\/blog.espol.edu.ec\/admejia\/wp-json\/wp\/v2\/pages"}],"about":[{"href":"https:\/\/blog.espol.edu.ec\/admejia\/wp-json\/wp\/v2\/types\/page"}],"author":[{"embeddable":true,"href":"https:\/\/blog.espol.edu.ec\/admejia\/wp-json\/wp\/v2\/users\/4400"}],"replies":[{"embeddable":true,"href":"https:\/\/blog.espol.edu.ec\/admejia\/wp-json\/wp\/v2\/comments?post=21"}],"version-history":[{"count":2,"href":"https:\/\/blog.espol.edu.ec\/admejia\/wp-json\/wp\/v2\/pages\/21\/revisions"}],"predecessor-version":[{"id":25,"href":"https:\/\/blog.espol.edu.ec\/admejia\/wp-json\/wp\/v2\/pages\/21\/revisions\/25"}],"wp:attachment":[{"href":"https:\/\/blog.espol.edu.ec\/admejia\/wp-json\/wp\/v2\/media?parent=21"}],"curies":[{"name":"wp","href":"https:\/\/api.w.org\/{rel}","templated":true}]}}