{"id":2,"date":"2011-06-08T21:54:58","date_gmt":"2011-06-08T21:54:58","guid":{"rendered":""},"modified":"2011-06-15T21:04:03","modified_gmt":"2011-06-16T02:04:03","slug":"yo","status":"publish","type":"page","link":"https:\/\/blog.espol.edu.ec\/adol\/yo\/","title":{"rendered":"YO..!!!!"},"content":{"rendered":"<p><a href=\"http:\/\/blog.espol.edu.ec\/adol\/files\/2011\/06\/164418_1619156891185_1604304447_1485877_3290465_n3.jpg\"><\/a><a href=\"http:\/\/blog.espol.edu.ec\/adol\/files\/2011\/06\/180905_1685058058673_1604304447_1618722_60440_n.jpg\"><\/a><\/p>\n<p><a href=\"http:\/\/blog.espol.edu.ec\/adol\/files\/2011\/06\/61504_1499216212743_1604304447_1257032_1954767_n.jpg\"><\/a><\/p>\n<p><a href=\"http:\/\/blog.espol.edu.ec\/adol\/files\/2011\/06\/home1.jpg\"><\/a><a href=\"http:\/\/blog.espol.edu.ec\/adol\/files\/2011\/06\/61504_1499216212743_1604304447_1257032_1954767_n1.jpg\"><img loading=\"lazy\" decoding=\"async\" class=\"aligncenter size-medium wp-image-26\" title=\"61504_1499216212743_1604304447_1257032_1954767_n\" src=\"http:\/\/blog.espol.edu.ec\/adol\/files\/2011\/06\/61504_1499216212743_1604304447_1257032_1954767_n1-268x300.jpg\" alt=\"\" width=\"268\" height=\"300\" srcset=\"https:\/\/blog.espol.edu.ec\/adol\/files\/2011\/06\/61504_1499216212743_1604304447_1257032_1954767_n1-268x300.jpg 268w, https:\/\/blog.espol.edu.ec\/adol\/files\/2011\/06\/61504_1499216212743_1604304447_1257032_1954767_n1.jpg 645w\" sizes=\"auto, (max-width: 268px) 100vw, 268px\" \/><\/a><\/p>\n<p>Nac\u00ed un domingo 10 de Mayo de 1992,\u00a0\u00a0la segunda de tres hijos que tuvieron mis padres; Walter Ord\u00f3\u00f1ez\u00a0y Lourdes Lema<\/p>\n<p>Nac\u00ed en la ciudad de Machala, la primaria y secundaria la realice en ese lugar, hace un par de a\u00f1os\u00a0 lo dej\u00e9 todo all\u00e1 y por razones de\u00a0estudio y con el fin de unir a mi familia tuve que mudarme a\u00a0la ciudad de Guayaquil,....\u00a0extra\u00f1o mucho a mi familia, amigos y todo aquello con lo cual estuve rodeada por tantos a\u00f1os...!!!<\/p>\n<p>Me considero una persona responsable, sincera y\u00a0\u00a0muy amiguera, me gusta salir, pasear con mis amigos, viajar, divertirme pero todo sanamente...!!!<\/p>\n<p>Amo a Dios sobre todas las cosas, lo pongo a \u00c9l\u00a0por delante de todo ..amo a\u00a0mi familia..., es el centro de mi vida, por ella estoy dispuesta a lo que sea...a luchar contra todo lo que nos quiera hacer da\u00f1o.....mi madre es mi vida....mi todo....mi inspiraci\u00f3n...a mas de Dios ella es la fuerza que me impulsa a seguir..........<\/p>\n<p>Lo que mas detesto en esta vida es la mentira y la traici\u00f3n...son dos cosas con las cuales nunca estar\u00e9 de acuerdo y siempre me desagradar\u00e1n<\/p>\n<p>Me siento muy bien ayudando a otros..me fascina hacerlo...\u00a0Aparte de tratar y dialogar con las personas que conozco me gusta descubrir aquello que hay mas all\u00e1 de lo que a simple vista se ve..., escarbar y ver aquello que hay en lo profundo de su coraz\u00f3n.., descubrir en las personas cosas que ni ellos sabian que existian.....Me fascina conversar...y hacer sonreir a otros...<\/p>\n<p>Me encantan los ni\u00f1os, me gusta mucho la manera de ser de ellos...su inocencia...su sonrisa....soy amante de los ni\u00f1os.....me puedo encontrar muy mal....pero la sonrisa de un ni\u00f1o me alegra el d\u00eda<\/p>\n<p><a href=\"http:\/\/blog.espol.edu.ec\/adol\/files\/2011\/06\/164418_1619156891185_1604304447_1485877_3290465_n4.jpg\"><img loading=\"lazy\" decoding=\"async\" class=\"aligncenter size-medium wp-image-22\" title=\"164418_1619156891185_1604304447_1485877_3290465_n\" src=\"http:\/\/blog.espol.edu.ec\/adol\/files\/2011\/06\/164418_1619156891185_1604304447_1485877_3290465_n4-300x262.jpg\" alt=\"\" width=\"300\" height=\"262\" srcset=\"https:\/\/blog.espol.edu.ec\/adol\/files\/2011\/06\/164418_1619156891185_1604304447_1485877_3290465_n4-300x262.jpg 300w, https:\/\/blog.espol.edu.ec\/adol\/files\/2011\/06\/164418_1619156891185_1604304447_1485877_3290465_n4.jpg 482w\" sizes=\"auto, (max-width: 300px) 100vw, 300px\" \/><\/a><\/p>\n<p>Me gusta todo tipo de m\u00fasica,\u00a0 me fascinan las baladas, pop rock, la salsa.....pero simpre y cuando sean cristianas o que tengan un mensaje positivo...excepto el ROCK..es el \u00fanico g\u00e9nero que no me agrada...<\/p>\n<p>Mis grupos y cantantes favoritas son: Tercer Cielo, Rojo, Pablo Olivares, Alex Campos, Lily Goodman, 20\/20, Luis Santiago....pero al grupo que mas admiro es a ROJO...<\/p>\n<p><a href=\"http:\/\/blog.espol.edu.ec\/adol\/files\/2011\/06\/home1.jpg\"><img loading=\"lazy\" decoding=\"async\" title=\"home\" src=\"http:\/\/blog.espol.edu.ec\/adol\/files\/2011\/06\/home1-300x225.jpg\" alt=\"\" width=\"240\" height=\"180\" \/><\/a><a href=\"http:\/\/blog.espol.edu.ec\/adol\/files\/2011\/06\/tercer_cielo1.jpg\"><img loading=\"lazy\" decoding=\"async\" class=\"alignright size-medium wp-image-41\" title=\"tercer_cielo1\" src=\"http:\/\/blog.espol.edu.ec\/adol\/files\/2011\/06\/tercer_cielo1-300x177.jpg\" alt=\"\" width=\"238\" height=\"140\" srcset=\"https:\/\/blog.espol.edu.ec\/adol\/files\/2011\/06\/tercer_cielo1-300x177.jpg 300w, https:\/\/blog.espol.edu.ec\/adol\/files\/2011\/06\/tercer_cielo1.jpg 500w\" sizes=\"auto, (max-width: 238px) 100vw, 238px\" \/><\/a><\/p>\n<p>Me gusta ver pel\u00edculas de acci\u00f3n y sobre todo de comedia, la saga que me fascina es la de Crep\u00fasculo(Twilight)....<\/p>\n<p>ahh.!!..y me fascina leer, sobre todo aquellos libros que tienen historias basadas en la realidad, an\u00e9cdotas que nos ayudan a reflexionar...me gusta mucha estar viendo caricaturas..chistes.......Mi libro favorito a mas de la BIBLIA, son todos los tomos de la Culpa es de la Vaca....y los libros de Paulo Cohelo<\/p>\n<p style=\"text-align: center\"><img loading=\"lazy\" decoding=\"async\" class=\"size-thumbnail wp-image-42 aligncenter\" title=\"crepusculo-twilight\" src=\"http:\/\/blog.espol.edu.ec\/adol\/files\/2011\/06\/crepusculo-twilight-150x150.jpg\" alt=\"\" width=\"150\" height=\"150\" \/><\/p>\n","protected":false},"excerpt":{"rendered":"<p>Nac\u00ed un domingo 10 de Mayo de 1992,\u00a0\u00a0la segunda de tres hijos que tuvieron mis padres; Walter Ord\u00f3\u00f1ez\u00a0y Lourdes Lema Nac\u00ed en la ciudad de Machala, la primaria y secundaria la realice en ese lugar, hace un par de a\u00f1os\u00a0 lo dej\u00e9 todo all\u00e1 y por razones de\u00a0estudio y con el fin de unir a [&hellip;]<\/p>\n","protected":false},"author":6299,"featured_media":0,"parent":0,"menu_order":0,"comment_status":"open","ping_status":"open","template":"","meta":{"footnotes":""},"class_list":["post-2","page","type-page","status-publish","hentry"],"_links":{"self":[{"href":"https:\/\/blog.espol.edu.ec\/adol\/wp-json\/wp\/v2\/pages\/2","targetHints":{"allow":["GET"]}}],"collection":[{"href":"https:\/\/blog.espol.edu.ec\/adol\/wp-json\/wp\/v2\/pages"}],"about":[{"href":"https:\/\/blog.espol.edu.ec\/adol\/wp-json\/wp\/v2\/types\/page"}],"author":[{"embeddable":true,"href":"https:\/\/blog.espol.edu.ec\/adol\/wp-json\/wp\/v2\/users\/6299"}],"replies":[{"embeddable":true,"href":"https:\/\/blog.espol.edu.ec\/adol\/wp-json\/wp\/v2\/comments?post=2"}],"version-history":[{"count":33,"href":"https:\/\/blog.espol.edu.ec\/adol\/wp-json\/wp\/v2\/pages\/2\/revisions"}],"predecessor-version":[{"id":5,"href":"https:\/\/blog.espol.edu.ec\/adol\/wp-json\/wp\/v2\/pages\/2\/revisions\/5"}],"wp:attachment":[{"href":"https:\/\/blog.espol.edu.ec\/adol\/wp-json\/wp\/v2\/media?parent=2"}],"curies":[{"name":"wp","href":"https:\/\/api.w.org\/{rel}","templated":true}]}}