{"id":88,"date":"2010-12-29T20:08:37","date_gmt":"2010-12-29T16:08:37","guid":{"rendered":"http:\/\/blog.espol.edu.ec\/adramera\/?page_id=88"},"modified":"2011-01-04T00:56:29","modified_gmt":"2011-01-03T20:56:29","slug":"servicios-de-red-en-ecuador","status":"publish","type":"page","link":"https:\/\/blog.espol.edu.ec\/adramera\/servicios-de-red-en-ecuador\/","title":{"rendered":"Servicios de Red en Ecuador"},"content":{"rendered":"<p style=\"text-align: left\"><a href=\"http:\/\/blog.espol.edu.ec\/adramera\/files\/2010\/12\/telconetr.jpg\"><\/a><a href=\"http:\/\/blog.espol.edu.ec\/adramera\/files\/2010\/12\/telconetr.jpg\"><\/a><a href=\"http:\/\/www.telconet.net\/?lang=es&amp;section=home\"><img loading=\"lazy\" decoding=\"async\" class=\"alignleft size-full wp-image-103\" title=\"telconet\" src=\"http:\/\/blog.espol.edu.ec\/adramera\/files\/2010\/12\/telconetr.jpg\" alt=\"http:\/\/www.telconet.net\/?lang=es&amp;section=home\" width=\"90\" height=\"67\" \/><\/a>\u00a0Una empresa privada, operadora de comunicaciones corporativas y proveedora de servicios de intrenet en Ecuador. Cuenta con dos segmentos de negocios: servicios de telecomunicaciones pra grandes empresas y servicios mayoristas para otros operadores de telecomunicaciones, ofrece banda ancha y transmision de datos.<\/p>\n<p style=\"text-align: left\">\u00a0<\/p>\n<p style=\"text-align: left\"><a href=\"http:\/\/blog.espol.edu.ec\/adramera\/files\/2010\/12\/tv-cable.jpg\"><\/a><a href=\"http:\/\/www.telconet.net\/?lang=es&amp;section=home\"><img loading=\"lazy\" decoding=\"async\" class=\"alignleft size-full wp-image-102\" title=\"tv cable\" src=\"http:\/\/blog.espol.edu.ec\/adramera\/files\/2010\/12\/tv-cable.jpg\" alt=\"hhttp:\/\/www.telconet.net\/?lang=es&amp;section=home\" width=\"104\" height=\"56\" \/><\/a>TVCABLE, es el servicio de televisi\u00f3n pagada con lo m\u00e1s actualizado a nivel mundial, que ofrece programaci\u00f3n de contenido: Cultural, Familiar, Deportes, Noticias, Peliculas, Musicas, etc.<\/p>\n<p style=\"text-align: left\">\u00a0<\/p>\n<p style=\"text-align: left\">\u00a0<\/p>\n<p style=\"text-align: left\"><a href=\"http:\/\/blog.espol.edu.ec\/adramera\/files\/2010\/12\/cnt1.jpg\"><\/a><\/p>\n<p style=\"text-align: left\"><a href=\"http:\/\/blog.espol.edu.ec\/adramera\/files\/2010\/12\/cnt1.jpg\"><\/a><\/p>\n<p style=\"text-align: left\"><a href=\"http:\/\/blog.espol.edu.ec\/adramera\/files\/2010\/12\/cnt1.jpg\"><\/a><a href=\"http:\/\/www.cnt.com.ec\/\"><img loading=\"lazy\" decoding=\"async\" class=\"alignleft size-full wp-image-101\" title=\"cnt\" src=\"http:\/\/blog.espol.edu.ec\/adramera\/files\/2010\/12\/cnt1.jpg\" alt=\"http:\/\/www.cnt.com.ec\/\" width=\"106\" height=\"80\" \/><\/a>La CORPORACI\u00d3N NACIONAL DE TELECOMUNICACIONES, CNT S.A es la empresa p\u00fablica l\u00edder en el mercado de las telecomunicaciones del Ecuador, nace el 30 de octubre del 2008, con la finalidad de brindar un mejor servicio a todos los ecuatorianos y conectar a todo el pa\u00eds con redes de telecomunicaciones, resultado de la fusi\u00f3n de las extintas Andinatel S.A. y Pacifictel S.A. Es una empresa p\u00fablica al servicio y para el desarrollo de la sociedad ecuatoriana, brinda todos los servicios integrales que las nuevas tecnolog\u00eda de la telecomunicaci\u00f3n lo permiten como telefon\u00eda fija y p\u00fablica, internet, transmisi\u00f3n de datos, TICs y televisi\u00f3n.<\/p>\n<p style=\"text-align: left\">\u00a0<\/p>\n<p style=\"text-align: left\">\u00a0<\/p>\n<p style=\"text-align: left\"><a href=\"http:\/\/blog.espol.edu.ec\/adramera\/files\/2010\/12\/porta1.jpg\"><\/a><\/p>\n<p style=\"text-align: left\"><a href=\"http:\/\/www.porta.net\/\"><img loading=\"lazy\" decoding=\"async\" class=\"alignleft size-full wp-image-100\" title=\"porta\" src=\"http:\/\/blog.espol.edu.ec\/adramera\/files\/2010\/12\/porta1.jpg\" alt=\"http:\/\/www.porta.net\/\" width=\"88\" height=\"112\" \/><\/a>Es la empresa de telefonia celular lider en Ecuador con mas de 8.5 millones de usuarios, con servicios a nivel nacional cubriendo a mas de 1,309 poblaciones, 7,399 km de carreteras y caminos vecinales en las 4 regiones del pais<\/p>\n","protected":false},"excerpt":{"rendered":"<p>\u00a0Una empresa privada, operadora de comunicaciones corporativas y proveedora de servicios de intrenet en Ecuador. Cuenta con dos segmentos de negocios: servicios de telecomunicaciones pra grandes empresas y servicios mayoristas para otros operadores de telecomunicaciones, ofrece banda ancha y transmision de datos. \u00a0 TVCABLE, es el servicio de televisi\u00f3n pagada con lo m\u00e1s actualizado a [&hellip;]<\/p>\n","protected":false},"author":2389,"featured_media":0,"parent":0,"menu_order":0,"comment_status":"open","ping_status":"open","template":"","meta":{"footnotes":""},"class_list":["post-88","page","type-page","status-publish","hentry"],"_links":{"self":[{"href":"https:\/\/blog.espol.edu.ec\/adramera\/wp-json\/wp\/v2\/pages\/88","targetHints":{"allow":["GET"]}}],"collection":[{"href":"https:\/\/blog.espol.edu.ec\/adramera\/wp-json\/wp\/v2\/pages"}],"about":[{"href":"https:\/\/blog.espol.edu.ec\/adramera\/wp-json\/wp\/v2\/types\/page"}],"author":[{"embeddable":true,"href":"https:\/\/blog.espol.edu.ec\/adramera\/wp-json\/wp\/v2\/users\/2389"}],"replies":[{"embeddable":true,"href":"https:\/\/blog.espol.edu.ec\/adramera\/wp-json\/wp\/v2\/comments?post=88"}],"version-history":[{"count":23,"href":"https:\/\/blog.espol.edu.ec\/adramera\/wp-json\/wp\/v2\/pages\/88\/revisions"}],"predecessor-version":[{"id":105,"href":"https:\/\/blog.espol.edu.ec\/adramera\/wp-json\/wp\/v2\/pages\/88\/revisions\/105"}],"wp:attachment":[{"href":"https:\/\/blog.espol.edu.ec\/adramera\/wp-json\/wp\/v2\/media?parent=88"}],"curies":[{"name":"wp","href":"https:\/\/api.w.org\/{rel}","templated":true}]}}