{"id":44,"date":"2016-11-15T05:12:30","date_gmt":"2016-11-15T05:12:30","guid":{"rendered":"http:\/\/blog.espol.edu.ec\/adrfelop\/?page_id=44"},"modified":"2016-11-15T05:12:30","modified_gmt":"2016-11-15T05:12:30","slug":"mate8","status":"publish","type":"page","link":"https:\/\/blog.espol.edu.ec\/adrfelop\/gama-alta\/mate8\/","title":{"rendered":"Mate8"},"content":{"rendered":"<p><img loading=\"lazy\" decoding=\"async\" class=\"alignleft size-medium\" src=\"http:\/\/cdn1.smart-gsm.com\/picture\/huawei-mate-8.jpg\" alt=\"\" width=\"139\" height=\"184\" \/> \u00a0El Huawei Mate 8 es el primer smartphone de Huawei potenciado por el nuevo y poderoso procesador Kirin 950 con ocho n\u00facleos. En cuanto a caracter\u00edsticas, posee una pantalla 1080p de 6 pulgadas,versiones de 3GB o 4GB de RAM y hasta 128GB de almacenamiento interno, c\u00e1mara principal de 16 megapixels, c\u00e1mara frontal de 8 megapixels, y corre Android 6.0 Marshmallow.\u00a0Pantalla de seis pulgadas, dise\u00f1o de metal, lector de huellas dactilares, ranura Dual-SIM... El nuevo Huawei Mate 8 acaba de aterrizar en Espa\u00f1a con un precio de salida de 600 euros, y se presenta como un phablet de alta gama dispuesto a plantar cara a los m\u00f3viles premium m\u00e1s populares del mercado.\u00a0La interfaz del Mate 8 presenta algunos detalles destacables tales como que, por ejemplo, no existe una caja (o men\u00fa) de aplicaciones; todas las apps se organizan en las pantallas principales, y est\u00e1n disponibles deslizando el dedo hacia un lado u otro en la pantalla. El centro de notificaciones es muy similar al que traen los Huawei P8 y Huawei P8 Lite, ya que se divide en dos partes: una pesta\u00f1a con las notificaciones (organizadas por hora de llegada) y otra pesta\u00f1a con los ajustes r\u00e1pidos.<\/p>\n<p>&nbsp;<\/p>\n","protected":false},"excerpt":{"rendered":"<p>\u00a0El Huawei Mate 8 es el primer smartphone de Huawei potenciado por el nuevo y poderoso procesador Kirin 950 con ocho n\u00facleos. En cuanto a caracter\u00edsticas, posee una pantalla 1080p de 6 pulgadas,versiones de 3GB o 4GB de RAM y hasta 128GB de almacenamiento interno, c\u00e1mara principal de 16 megapixels, c\u00e1mara frontal de 8 megapixels, [&hellip;]<\/p>\n","protected":false},"author":10677,"featured_media":0,"parent":35,"menu_order":3,"comment_status":"closed","ping_status":"closed","template":"","meta":{"footnotes":""},"class_list":["post-44","page","type-page","status-publish","hentry"],"_links":{"self":[{"href":"https:\/\/blog.espol.edu.ec\/adrfelop\/wp-json\/wp\/v2\/pages\/44","targetHints":{"allow":["GET"]}}],"collection":[{"href":"https:\/\/blog.espol.edu.ec\/adrfelop\/wp-json\/wp\/v2\/pages"}],"about":[{"href":"https:\/\/blog.espol.edu.ec\/adrfelop\/wp-json\/wp\/v2\/types\/page"}],"author":[{"embeddable":true,"href":"https:\/\/blog.espol.edu.ec\/adrfelop\/wp-json\/wp\/v2\/users\/10677"}],"replies":[{"embeddable":true,"href":"https:\/\/blog.espol.edu.ec\/adrfelop\/wp-json\/wp\/v2\/comments?post=44"}],"version-history":[{"count":1,"href":"https:\/\/blog.espol.edu.ec\/adrfelop\/wp-json\/wp\/v2\/pages\/44\/revisions"}],"predecessor-version":[{"id":45,"href":"https:\/\/blog.espol.edu.ec\/adrfelop\/wp-json\/wp\/v2\/pages\/44\/revisions\/45"}],"up":[{"embeddable":true,"href":"https:\/\/blog.espol.edu.ec\/adrfelop\/wp-json\/wp\/v2\/pages\/35"}],"wp:attachment":[{"href":"https:\/\/blog.espol.edu.ec\/adrfelop\/wp-json\/wp\/v2\/media?parent=44"}],"curies":[{"name":"wp","href":"https:\/\/api.w.org\/{rel}","templated":true}]}}